{"id":2546,"date":"2023-11-23T16:31:23","date_gmt":"2023-11-23T21:31:23","guid":{"rendered":"https:\/\/notariaprimerariohacha.com\/?page_id=2546"},"modified":"2023-11-23T16:33:12","modified_gmt":"2023-11-23T21:33:12","slug":"informes-a-organismos-de-inspeccion-vigilancia-y-control","status":"publish","type":"page","link":"https:\/\/notariaprimerariohacha.com\/en\/informes-a-organismos-de-inspeccion-vigilancia-y-control\/","title":{"rendered":"Informes a organismos de inspecci\u00f3n, vigilancia y control"},"content":{"rendered":"<p class=\"wp-block-paragraph\">Los informes que presentan los Se\u00f1ores Notarios a la Superintendencia de Notariado y Registro son:<\/p>\n\n\n\n<p class=\"wp-block-paragraph\"><strong>INFORME A LA SUPERINTENDENCIA DE NOTARIADO Y REGISTRO.<\/strong><\/p>\n\n\n\n<ul class=\"wp-block-list\">\n<li>Informe estad\u00edstico mensual.&nbsp;<\/li>\n\n\n\n<li>Informe estad\u00edstico en l\u00ednea sobre n\u00famero de escrituras, registros y entre otros.<\/li>\n\n\n\n<li>Informe anual de cierre sobre el n\u00famero de escrituras.<\/li>\n\n\n\n<li>Informe sobre los encargos del Notario.<\/li>\n\n\n\n<li>Informe sobre las declaraciones extra proceso gratuitas hechas por las Madres cabeza de familia.<\/li>\n<\/ul>\n\n\n\n<p class=\"wp-block-paragraph\"><strong>INFORMES REGISTRADURIA NACIONAL DEL ESTADO CIVIL.<\/strong><\/p>\n\n\n\n<ul class=\"wp-block-list\">\n<li>Informe mensual estad\u00edstico de los registros civiles de nacimiento, matrimonio y defunci\u00f3n.<\/li>\n\n\n\n<li>informe de actas complementarias.<\/li>\n\n\n\n<li>informe de las notas que se asientan en los registros civiles sobre adopciones, impugnaciones sentencias, reconocimientos posteriores, divorcios que van al libro de varios.<\/li>\n\n\n\n<li>Informe de inscripci\u00f3n en el registro civil de los hijos de Nacionales, Venezolanos, de acuerdo a la ley 1997 del 2019.<\/li>\n<\/ul>\n\n\n\n<p class=\"wp-block-paragraph\"><strong>INFORMES A LA DIAN.<\/strong><\/p>\n\n\n\n<ul class=\"wp-block-list\">\n<li>Reporte ex\u00f3gena de enajenaciones y sucesiones.<\/li>\n\n\n\n<li>Informe de juicios de sucesiones de acuerdo a la cuant\u00eda.&nbsp;<\/li>\n<\/ul>\n\n\n\n<p class=\"wp-block-paragraph\"><strong>INFORMES A LA UIAF.<\/strong><\/p>\n\n\n\n<ul class=\"wp-block-list\">\n<li>Reporte de Operaci\u00f3n Notarial (RON).<\/li>\n\n\n\n<li>Reporte de Operaciones intentadas y operaciones sospechosas (ROS).<\/li>\n\n\n\n<li>Reporte de ausencia de operaciones sospechosos.<\/li>\n\n\n\n<li>Reporte de transacciones en efectivo.<\/li>\n\n\n\n<li>Reporte de adjudicaciones en tr\u00e1mite.<\/li>\n<\/ul>\n\n\n\n<p class=\"wp-block-paragraph\"><strong>INFORMES AL GOBIERNO.<\/strong><\/p>\n\n\n\n<ul class=\"wp-block-list\">\n<li>Informes actos jur\u00eddicos notariales.<\/li>\n\n\n\n<li>Informe de uniones maritales entre personas del mismo sexo.<\/li>\n<\/ul>\n\n\n\n<p class=\"wp-block-paragraph\"><strong>INFORMES A LA UGPP.<\/strong><\/p>\n\n\n\n<p class=\"wp-block-paragraph\">Los informes que presentan los Se\u00f1ores Notarios a la Superintendencia de Notariado y Registro son:<\/p>\n\n\n\n<ul class=\"wp-block-list\">\n<li>Informe de juicios de sucesiones de acuerdo a la cuant\u00eda.&nbsp;<\/li>\n<\/ul>","protected":false},"excerpt":{"rendered":"<p>Los informes que presentan los Se\u00f1ores Notarios a la Superintendencia de Notariado y Registro son: INFORME A LA SUPERINTENDENCIA DE NOTARIADO Y REGISTRO. INFORMES REGISTRADURIA &#8230; <a title=\"Informes a organismos de inspecci\u00f3n, vigilancia y control\" class=\"read-more\" href=\"https:\/\/notariaprimerariohacha.com\/en\/informes-a-organismos-de-inspeccion-vigilancia-y-control\/\" aria-label=\"More on Informes a organismos de inspecci\u00f3n, vigilancia y control\">Read more<\/a><\/p>","protected":false},"author":1,"featured_media":0,"parent":0,"menu_order":0,"comment_status":"closed","ping_status":"closed","template":"","meta":{"_seopress_robots_primary_cat":"","_seopress_titles_title":"","_seopress_titles_desc":"","_seopress_robots_index":"","_crdt_document":"","ngg_post_thumbnail":0,"footnotes":""},"class_list":["post-2546","page","type-page","status-publish"],"_links":{"self":[{"href":"https:\/\/notariaprimerariohacha.com\/en\/wp-json\/wp\/v2\/pages\/2546","targetHints":{"allow":["GET"]}}],"collection":[{"href":"https:\/\/notariaprimerariohacha.com\/en\/wp-json\/wp\/v2\/pages"}],"about":[{"href":"https:\/\/notariaprimerariohacha.com\/en\/wp-json\/wp\/v2\/types\/page"}],"author":[{"embeddable":true,"href":"https:\/\/notariaprimerariohacha.com\/en\/wp-json\/wp\/v2\/users\/1"}],"replies":[{"embeddable":true,"href":"https:\/\/notariaprimerariohacha.com\/en\/wp-json\/wp\/v2\/comments?post=2546"}],"version-history":[{"count":0,"href":"https:\/\/notariaprimerariohacha.com\/en\/wp-json\/wp\/v2\/pages\/2546\/revisions"}],"wp:attachment":[{"href":"https:\/\/notariaprimerariohacha.com\/en\/wp-json\/wp\/v2\/media?parent=2546"}],"curies":[{"name":"wp","href":"https:\/\/api.w.org\/{rel}","templated":true}]}}