{"id":2531,"date":"2023-11-22T17:33:57","date_gmt":"2023-11-22T22:33:57","guid":{"rendered":"https:\/\/notariaprimerariohacha.com\/tour-to-the-beautiful-city-of-mpg_city-in-mpg_country\/"},"modified":"2023-11-22T17:38:13","modified_gmt":"2023-11-22T22:38:13","slug":"mapa-del-sitio","status":"publish","type":"page","link":"https:\/\/notariaprimerariohacha.com\/en\/mapa-del-sitio\/","title":{"rendered":"Mapa del sitio"},"content":{"rendered":"<div class=\"wrap-html-sitemap sp-html-sitemap\"><div class=\"sp-wrap-cpt\"><h2 class=\"sp-cpt-name\">Pages<\/h2><ul class=\"sp-list-posts sp-cpt-hierarchical\"><li class=\"page_item page-item-2551\"><a href=\"https:\/\/notariaprimerariohacha.com\/en\/multimedia\/\">Videos Multimedia<\/a><\/li><li class=\"page_item page-item-2546\"><a href=\"https:\/\/notariaprimerariohacha.com\/en\/informes-a-organismos-de-inspeccion-vigilancia-y-control\/\">Informes a organismos de inspecci\u00f3n, vigilancia y control<\/a><\/li><li class=\"page_item page-item-2531\"><a href=\"https:\/\/notariaprimerariohacha.com\/en\/mapa-del-sitio\/\">Mapa del sitio<\/a><\/li><li class=\"page_item page-item-2499\"><a href=\"https:\/\/notariaprimerariohacha.com\/en\/protocolos-de-atencion\/\">Protocolos de Atenci\u00f3n<\/a><\/li><li class=\"page_item page-item-2485\"><a href=\"https:\/\/notariaprimerariohacha.com\/en\/politicas-de-privacidad-web\/\">Pol\u00edticas de privacidad web<\/a><\/li><li class=\"page_item page-item-2479\"><a href=\"https:\/\/notariaprimerariohacha.com\/en\/politicas-de-tratamiento-de-datos-personales\/\">Pol\u00edticas de privacidad y tratamiento de datos personales.<\/a><\/li><li class=\"page_item page-item-2467\"><a href=\"https:\/\/notariaprimerariohacha.com\/en\/certificado-de-accesibilidad\/\">Certificado de accesibilidad<\/a><\/li><li class=\"page_item page-item-2424\"><a href=\"https:\/\/notariaprimerariohacha.com\/en\/terminos-y-condiciones\/\">T\u00e9rminos y Condiciones<\/a><\/li><li class=\"page_item page-item-2417\"><a href=\"https:\/\/notariaprimerariohacha.com\/en\/politica-de-derechos-de-autor\/\">Pol\u00edtica de derechos de autor<\/a><\/li><li class=\"page_item page-item-2346\"><a href=\"https:\/\/notariaprimerariohacha.com\/en\/diccionario-explicativo\/\">Diccionario Explicativo<\/a><\/li><li class=\"page_item page-item-2337\"><a href=\"https:\/\/notariaprimerariohacha.com\/en\/no-escriturarios\/\">No escriturarios<\/a><\/li><li class=\"page_item page-item-2330\"><a href=\"https:\/\/notariaprimerariohacha.com\/en\/registro-civil\/\">Registro Civil<\/a><\/li><li class=\"page_item page-item-2320\"><a href=\"https:\/\/notariaprimerariohacha.com\/en\/autenticacion\/\">Autenticaci\u00f3n<\/a><\/li><li class=\"page_item page-item-2299\"><a href=\"https:\/\/notariaprimerariohacha.com\/en\/escritura-publica\/\">Escrituraci\u00f3n<\/a><\/li><li class=\"page_item page-item-2292\"><a href=\"https:\/\/notariaprimerariohacha.com\/en\/atencion-y-servicios-la-ciudadania\/\">Atenci\u00f3n y Servicios la Ciudadan\u00eda<\/a><\/li><li class=\"page_item page-item-2284\"><a href=\"https:\/\/notariaprimerariohacha.com\/en\/participa\/\">Participa<\/a><\/li><li class=\"page_item page-item-2241\"><a href=\"https:\/\/notariaprimerariohacha.com\/en\/otros-de-grupos-de-interes\/\">Otros grupos de inter\u00e9s<\/a><\/li><li class=\"page_item page-item-2235\"><a href=\"https:\/\/notariaprimerariohacha.com\/en\/informacion-para-mujeres\/\">Informaci\u00f3n para mujeres<\/a><\/li><li class=\"page_item page-item-2224\"><a href=\"https:\/\/notariaprimerariohacha.com\/en\/informacion-para-ninos-ninas-y-adolescentes\/\">Informaci\u00f3n para ni\u00f1os, ni\u00f1as y adolescentes<\/a><\/li><li class=\"page_item page-item-2216\"><a href=\"https:\/\/notariaprimerariohacha.com\/en\/tablas-de-retencion-documental\/\">Tablas de Retenci\u00f3n Documental<\/a><\/li><li class=\"page_item page-item-2211\"><a href=\"https:\/\/notariaprimerariohacha.com\/en\/programa-de-gestion-documental\/\">Programa de gesti\u00f3n documental<\/a><\/li><li class=\"page_item page-item-2206\"><a href=\"https:\/\/notariaprimerariohacha.com\/en\/indice-de-informacion-clasificada-y-reservada\/\">\u00cdndice de informaci\u00f3n clasificada y reservada<\/a><\/li><li class=\"page_item page-item-2193\"><a href=\"https:\/\/notariaprimerariohacha.com\/en\/costos-asociados\/\">Costos asociados<\/a><\/li><li class=\"page_item page-item-2184\"><a href=\"https:\/\/notariaprimerariohacha.com\/en\/instrumentos-de-gestion-de-la-informacion\/\">Instrumentos de gesti\u00f3n de la informaci\u00f3n<\/a><\/li><li class=\"page_item page-item-2166\"><a href=\"https:\/\/notariaprimerariohacha.com\/en\/mecanismos-internos-de-supervision-notificacion-y-vigilancia-pertinente-del-sujeto-obligado\/\">Mecanismos internos de supervisi\u00f3n<\/a><\/li><li class=\"page_item page-item-2157\"><a href=\"https:\/\/notariaprimerariohacha.com\/en\/entes-y-autoridades-que-lo-vigilan\/\">Entes y autoridades que lo vigilan<\/a><\/li><li class=\"page_item page-item-2150\"><a href=\"https:\/\/notariaprimerariohacha.com\/en\/informacion-sobre-decisiones-que-puede-afectar-al-publico\/\">Informaci\u00f3n sobre decisiones que pueden afectar al p\u00fablico<\/a><\/li><li class=\"page_item page-item-2142\"><a href=\"https:\/\/notariaprimerariohacha.com\/en\/procedimientos-que-se-siguen-para-tomar-decisiones-en-las-diferentes-areas\/\">Procedimientos que se siguen para tomar decisiones en las diferentes \u00e1reas<\/a><\/li><li class=\"page_item page-item-2128\"><a href=\"https:\/\/notariaprimerariohacha.com\/en\/pqrsd\/\">Peticiones, quejas, reclamos, sugerencias y denuncias (PQRSD)<\/a><\/li><li class=\"page_item page-item-2090\"><a href=\"https:\/\/notariaprimerariohacha.com\/en\/normatividad\/\">Normatividad<\/a><\/li><li class=\"page_item page-item-2042\"><a href=\"https:\/\/notariaprimerariohacha.com\/en\/directorio-de-agremiaciones-asociaciones-y-otros-grupos-de-interes\/\">Directorio de Agremiaciones<\/a><\/li><li class=\"page_item page-item-2017\"><a href=\"https:\/\/notariaprimerariohacha.com\/en\/mapas-y-cartas-procesos\/\">Mapas y cartas descriptivas de los procesos<\/a><\/li><li class=\"page_item page-item-2000\"><a href=\"https:\/\/notariaprimerariohacha.com\/en\/organigrama\/\">Organigrama<\/a><\/li><li class=\"page_item page-item-1979\"><a href=\"https:\/\/notariaprimerariohacha.com\/en\/transparencia\/\">Transparencia y acceso a informaci\u00f3n p\u00fablica<\/a><\/li><li class=\"page_item page-item-2\"><a href=\"https:\/\/notariaprimerariohacha.com\/en\/mision-vision-deberes\/\">Sobre nosotros<\/a><\/li><li class=\"page_item page-item-1552\"><a href=\"https:\/\/notariaprimerariohacha.com\/en\/reservations\/\">Reservations<\/a><\/li><li class=\"page_item page-item-67\"><a href=\"https:\/\/notariaprimerariohacha.com\/en\/contacto\/\">Contacto<\/a><\/li><li class=\"page_item page-item-65 current_page_parent\"><a href=\"https:\/\/notariaprimerariohacha.com\/en\/blog\/\">Blog<\/a><\/li><li class=\"page_item page-item-1742\"><a href=\"https:\/\/notariaprimerariohacha.com\/en\/\">Home<\/a><\/li><\/ul><\/div><div class=\"sp-wrap-cpt\"><h2 class=\"sp-cpt-name\">Posts<\/h2><div class=\"sp-wrap-cats\"><div class=\"sp-wrap-cat\"><h3 class=\"sp-cat-name\"><a href=\"https:\/\/notariaprimerariohacha.com\/en\/category\/noticias\/\">Noticias<\/a><\/h3><ul class=\"sp-list-posts\"><li><a href=\"https:\/\/notariaprimerariohacha.com\/en\/u-c-n-c-e-incoder-firman-convenio-interinstitucional\/\">\u201cU.C.N.C.\u201d e Incoder firman convenio interinstitucional<\/a> - 17 June 2022<\/li><li><a href=\"https:\/\/notariaprimerariohacha.com\/en\/toman-posesion-los-representantes-del-notariado-ante-el-fondo-cuenta-especial\/\">Toman posesi\u00f3n los Representantes del Notariado ante el Fondo Cuenta Especial.<\/a> - 17 June 2022<\/li><li><a href=\"https:\/\/notariaprimerariohacha.com\/en\/que-su-viaje-fuera-del-pais-con-un-menor-de-edad-no-sea-un-dolor-de-cabeza\/\">Que su viaje fuera del pa\u00eds con un menor de edad no sea un dolor de cabeza.<\/a> - 17 June 2022<\/li><li><a href=\"https:\/\/notariaprimerariohacha.com\/en\/la-tecnologia-aliada-de-la-seguridad-juridica-en-los-poderes-notariales\/\">La tecnolog\u00eda, aliada de la seguridad jur\u00eddica en los poderes notariales<\/a> - 14 October 2020<\/li><\/ul><\/div><\/div><\/div><\/div>","protected":false},"excerpt":{"rendered":"","protected":false},"author":1,"featured_media":0,"parent":0,"menu_order":0,"comment_status":"closed","ping_status":"closed","template":"","meta":{"_seopress_robots_primary_cat":"","_seopress_titles_title":"","_seopress_titles_desc":"","_seopress_robots_index":"","_crdt_document":"","ngg_post_thumbnail":0,"footnotes":""},"class_list":["post-2531","page","type-page","status-publish"],"_links":{"self":[{"href":"https:\/\/notariaprimerariohacha.com\/en\/wp-json\/wp\/v2\/pages\/2531","targetHints":{"allow":["GET"]}}],"collection":[{"href":"https:\/\/notariaprimerariohacha.com\/en\/wp-json\/wp\/v2\/pages"}],"about":[{"href":"https:\/\/notariaprimerariohacha.com\/en\/wp-json\/wp\/v2\/types\/page"}],"author":[{"embeddable":true,"href":"https:\/\/notariaprimerariohacha.com\/en\/wp-json\/wp\/v2\/users\/1"}],"replies":[{"embeddable":true,"href":"https:\/\/notariaprimerariohacha.com\/en\/wp-json\/wp\/v2\/comments?post=2531"}],"version-history":[{"count":0,"href":"https:\/\/notariaprimerariohacha.com\/en\/wp-json\/wp\/v2\/pages\/2531\/revisions"}],"wp:attachment":[{"href":"https:\/\/notariaprimerariohacha.com\/en\/wp-json\/wp\/v2\/media?parent=2531"}],"curies":[{"name":"wp","href":"https:\/\/api.w.org\/{rel}","templated":true}]}}