{"id":2417,"date":"2023-11-16T16:40:17","date_gmt":"2023-11-16T21:40:17","guid":{"rendered":"https:\/\/notariaprimerariohacha.com\/?page_id=2417"},"modified":"2023-11-22T15:57:07","modified_gmt":"2023-11-22T20:57:07","slug":"politica-de-derechos-de-autor","status":"publish","type":"page","link":"https:\/\/notariaprimerariohacha.com\/en\/politica-de-derechos-de-autor\/","title":{"rendered":"Pol\u00edtica de derechos de autor"},"content":{"rendered":"<section class=\"gb-container gb-container-8ff305ca alignfull\">\n<section class=\"gb-container gb-container-bbb8861a alignfull\" id=\"procedimientos\">\n\n<p class=\"wp-block-paragraph\">30 de agosto de 2023<\/p>\n\n\n\n<p class=\"wp-block-paragraph\">Las publicaciones de los Notarios son de acceso abierto y est\u00e1n disponibles en la p\u00e1gina web, no obstante, la Notar\u00eda Primera de Riohacha se reserva los derechos patrimoniales y la forma como se utilizar\u00e1n tales publicaciones\u2013, acogi\u00e9ndose a lo consagrado en las leyes de copyright y a los t\u00e9rminos y condiciones de la Ley de protecci\u00f3n a los derechos de autor.<\/p>\n\n\n\n<p class=\"wp-block-paragraph\"><strong>Normatividad<\/strong><\/p>\n\n\n\n<p class=\"wp-block-paragraph\">Las Publicaciones est\u00e1n sujetos a las siguientes normas:<\/p>\n\n\n\n<ul class=\"wp-block-list\">\n<li>Ley 23 de 1982. R\u00e9gimen general de derechos de autor.<\/li>\n\n\n\n<li>Ley 44 de 1993. Por la cual se modifica y adiciona la Ley 23 de 1982 y se modifica la Ley 29 de 1944.<\/li>\n\n\n\n<li>Ley 719 de 2001. Por la cual se modifican las leyes 23 de 1982 y 44 de 1993.<\/li>\n\n\n\n<li>Tratado de la OMPI sobre derecho de autor, adoptado por la Conferencia Diplom\u00e1tica el 20 de diciembre de 1996. Organizaci\u00f3n Mundial de la Propiedad Intelectual \u2013 Ginebra.<\/li>\n\n\n\n<li>Decreto 460 de 1995 (16 de marzo). Por el cual se reglamenta el Registro Nacional del Derecho de Autor y se regula el Dep\u00f3sito Legal.<\/li>\n\n\n\n<li>Estatuto de propiedad intelectual.<\/li>\n<\/ul>\n\n\n\n<p class=\"wp-block-paragraph\"><strong>Licencias y Permisos<\/strong><\/p>\n\n\n\n<ul class=\"wp-block-list\">\n<li>Cualquier uso de las publicaciones en la p\u00e1gina web deber\u00e1 indicar la autor\u00eda, en otros t\u00e9rminos, tendr\u00e1 como condici\u00f3n el reconocimiento de este.<\/li>\n\n\n\n<li>En ning\u00fan caso se permite la explotaci\u00f3n de las publicaciones con fines comerciales; es decir, su uso queda restringido a lo no comercial.<\/li>\n\n\n\n<li>No se autoriza nuevas creaciones derivadas de las publicaciones en la p\u00e1gina; por consiguiente, la innovaci\u00f3n de las publicaciones ser\u00e1 de exclusividad de la Notaria y de la persona o Instituci\u00f3n a quien \u00e9ste autorice.<\/li>\n<\/ul>\n\n\n\n<p class=\"wp-block-paragraph\">As\u00ed, las publicaciones se disponen con algunos derechos reservados, de modo que cualquier permiso relacionado con lo anteriormente mencionado, se cubrir\u00e1 de la manera que a continuaci\u00f3n se describe:<\/p>\n\n\n\n<p class=\"wp-block-paragraph\"><strong>Referencias y Citas<\/strong><\/p>\n\n\n\n<p class=\"wp-block-paragraph\">Podr\u00e1 utilizar el contenido de las publicaciones siempre y cuando no se reproduzca de manera textual m\u00e1s del 10% del total del documento, incluyendo tablas y figuras.<\/p>\n\n\n\n<p class=\"wp-block-paragraph\">En cualquier caso, se deber\u00e1 mencionar la autor\u00eda, el n\u00famero de p\u00e1gina en donde se ubica la informaci\u00f3n utilizada, el link y los dem\u00e1s datos exigidos por los sistemas de citaci\u00f3n.<\/p>\n\n\n\n<p class=\"wp-block-paragraph\">Traducir<\/p>\n\n\n\n<p class=\"wp-block-paragraph\">Se autoriza la traducci\u00f3n de fragmentos solo con prop\u00f3sitos culturales y\/o acad\u00e9micos, en los mismos t\u00e9rminos descritos para las citas y referencias.<\/p>\n\n\n\n<p class=\"wp-block-paragraph\">Fotocopiar<\/p>\n\n\n\n<p class=\"wp-block-paragraph\">Se pueden fotocopiar las publicaciones, siempre y cuando no se supere el 10% del contenido total de la obra y se realice solo para fines de uso personal, seg\u00fan lo permitido por las leyes de copyright. Cualquier fotocopia con fines comerciales deber\u00e1 ser autorizada por la Notaria<\/p>\n\n\n\n<p class=\"wp-block-paragraph\">Almacenamiento y uso<\/p>\n\n\n\n<p class=\"wp-block-paragraph\">Se permite la descarga de las publicaciones de la Notar\u00eda Segunda de Fusagasug\u00e1 en el formato original en el que fueron editadas, pero toda reproducci\u00f3n del material o copia almacenada en sistemas de recuperaci\u00f3n, repositorios, bibliotecas, cursos virtuales o sitios web de cualquier tipo, deber\u00e1 ser autorizada previamente por la Notaria.<\/p>\n\n\n\n<p class=\"wp-block-paragraph\">Construir a partir de las publicaciones\u2013 productos derivados Videos, eventos, formatos audiovisuales, libros an\u00e1logos o digitales, y cualquier otro producto derivado de las publicaciones, art\u00edculos o material de la Notaria, con excepci\u00f3n de lo mencionado anteriormente, deber\u00e1 contar con la autorizaci\u00f3n escrita de la Instituci\u00f3n.<\/p>\n\n\n\n<p class=\"wp-block-paragraph\">Comercializar<\/p>\n\n\n\n<p class=\"wp-block-paragraph\">No se permite por ning\u00fan motivo la comercializaci\u00f3n de las publicaciones o material de la Notaria sin la autorizaci\u00f3n previa de la misma.<\/p>\n\n\n\n<p class=\"wp-block-paragraph\">Derechos de autor<\/p>\n\n\n\n<p class=\"wp-block-paragraph\">El autor o autores pueden tener derechos adicionales seg\u00fan los acuerdos establecidos entre ellos y el editor a trav\u00e9s de cesiones, contratos o convenios.<\/p>\n\n\n\n<p class=\"wp-block-paragraph\">Aclaraci\u00f3n:<\/p>\n\n\n\n<p class=\"wp-block-paragraph\">La Notaria vela por el respeto a los derechos de autor mediante el uso de herramientas tecnol\u00f3gicas que permiten la identificaci\u00f3n de posibles copias y plagios; no obstante, los autores son moral y legalmente responsables del contenido de sus publicaciones, as\u00ed como del respeto a los derechos en menci\u00f3n. Del mismo modo, la Notaria no se hace responsable de perjuicios al buen nombre ni de las lesiones y\/o da\u00f1os que sean producto de las violaciones de derechos de propiedad intelectual, industrial o privacidad.<\/p>\n\n\n\n<p class=\"wp-block-paragraph\">Para licencias o autorizaciones<\/p>\n\n\n\n<p class=\"wp-block-paragraph\">Env\u00ede su solicitud al correo electr\u00f3nico primerariohacha@supernotariado.gov.co, indicando:<\/p>\n\n\n\n<ul class=\"wp-block-list\">\n<li>T\u00edtulo de la publicaci\u00f3n en el que est\u00e1 interesado.<\/li>\n\n\n\n<li>Uso que dar\u00e1 al material.<\/li>\n\n\n\n<li>Medio en el que dispondr\u00e1 del material.<\/li>\n\n\n\n<li>Per\u00edodo de tiempo que utilizar\u00e1 el material.<\/li>\n\n\n\n<li>Persona natural o jur\u00eddica que har\u00e1 uso del material. Si es persona jur\u00eddica, cu\u00e1l es el sector empresarial.<\/li>\n<\/ul>\n\n\n\n<p class=\"wp-block-paragraph\">En caso de violaci\u00f3n de estas pol\u00edticas, por v\u00eda administrativa, civil o penal, la Notaria podr\u00e1 exigir la compensaci\u00f3n de da\u00f1os causados por aquellos actos que infrinjan lo establecido en las pol\u00edticas antes descritas; todo dentro de la Protecci\u00f3n de Derechos de Autor y las normas que lo regulan.<\/p>\n\n<\/section>\n<\/section>","protected":false},"excerpt":{"rendered":"<p>30 de agosto de 2023 Las publicaciones de los Notarios son de acceso abierto y est\u00e1n disponibles en la p\u00e1gina web, no obstante, la Notar\u00eda &#8230; <a title=\"Pol\u00edtica de derechos de autor\" class=\"read-more\" href=\"https:\/\/notariaprimerariohacha.com\/en\/politica-de-derechos-de-autor\/\" aria-label=\"More on Pol\u00edtica de derechos de autor\">Read more<\/a><\/p>","protected":false},"author":1,"featured_media":0,"parent":0,"menu_order":0,"comment_status":"closed","ping_status":"closed","template":"","meta":{"_seopress_robots_primary_cat":"","_seopress_titles_title":"","_seopress_titles_desc":"","_seopress_robots_index":"","_crdt_document":"","ngg_post_thumbnail":0,"footnotes":""},"class_list":["post-2417","page","type-page","status-publish"],"_links":{"self":[{"href":"https:\/\/notariaprimerariohacha.com\/en\/wp-json\/wp\/v2\/pages\/2417","targetHints":{"allow":["GET"]}}],"collection":[{"href":"https:\/\/notariaprimerariohacha.com\/en\/wp-json\/wp\/v2\/pages"}],"about":[{"href":"https:\/\/notariaprimerariohacha.com\/en\/wp-json\/wp\/v2\/types\/page"}],"author":[{"embeddable":true,"href":"https:\/\/notariaprimerariohacha.com\/en\/wp-json\/wp\/v2\/users\/1"}],"replies":[{"embeddable":true,"href":"https:\/\/notariaprimerariohacha.com\/en\/wp-json\/wp\/v2\/comments?post=2417"}],"version-history":[{"count":0,"href":"https:\/\/notariaprimerariohacha.com\/en\/wp-json\/wp\/v2\/pages\/2417\/revisions"}],"wp:attachment":[{"href":"https:\/\/notariaprimerariohacha.com\/en\/wp-json\/wp\/v2\/media?parent=2417"}],"curies":[{"name":"wp","href":"https:\/\/api.w.org\/{rel}","templated":true}]}}