{"id":2337,"date":"2023-10-16T15:49:29","date_gmt":"2023-10-16T20:49:29","guid":{"rendered":"https:\/\/notariaprimerariohacha.com\/?page_id=2337"},"modified":"2023-10-16T19:54:08","modified_gmt":"2023-10-17T00:54:08","slug":"no-escriturarios","status":"publish","type":"page","link":"https:\/\/notariaprimerariohacha.com\/en\/no-escriturarios\/","title":{"rendered":"No escriturarios"},"content":{"rendered":"<section class=\"gb-container gb-container-74ec9148 alignfull\">\n<div class=\"gb-container gb-container-f695e23e\">\n<div class=\"gb-container gb-container-87679193\">\n\n<section id=\"section-6c0fec01-cd76-46fc-86b7-d1258a4a70f7\" class=\"wp-block-gutentor-about-block gutentor-section gutentor-about about-template1\"><div class=\"grid-container\"><div class=\"gutentor-grid-item-wrap\"><div class=\"gutentor-single-item\"><div class=\"grid-row\"><div class=\"grid-md-6 about-grid\"><div class=\"gutentor-single-item-image-box\"><div class=\"gutentor-image-thumb\"><img loading=\"lazy\" decoding=\"async\" class=\"normal-image\" src=\"https:\/\/notariaprimerariohacha.com\/wp-content\/uploads\/2023\/08\/No-escriturarios-Notaria-Primera-de-Riohacha.webp\" alt=\"\" height=\"940\" width=\"1200\"\/><\/div><\/div><\/div><div class=\"grid-md-6 about-grid\"><div class=\"gutentor-single-item-content\"><div class=\"gutentor-about-content\"><p class=\"gutentor-single-item-desc\">No escriturarios<br><br><a href=\"https:\/\/notariaprimerariohacha.com\/en\/diccionario-explicativo\/\" data-type=\"link\" data-id=\"https:\/\/notariaprimerariohacha.com\/diccionario-explicativo\/\">VER DICCIONARIO EXPLICATIVO<\/a><\/p><\/div><\/div><\/div><\/div><\/div><\/div><\/div><\/section>\n\n<\/div>\n\n<div class=\"gb-container gb-container-08feacea\">\n\n<p class=\"has-global-color-9-color has-text-color has-link-color has-medium-font-size wp-elements-1825d1b2f193a2d6773a7bd8229f7cb7 wp-block-paragraph\"><strong>N<\/strong>o&nbsp;<strong>E<\/strong>scriturarios<\/p>\n\n\n\n<section id=\"fdf30c\" class=\"section-fdf30c gutentor-module gutentor-module-accordion gutentor-module-accordion-enable-toggle\"><div class=\"grid-container gutentor-rm-ct-space\">\n<div id=\"fe327e\" class=\"wp-block-gutentor-m6-item section-fe327e gutentor-module gutentor-module-accordion-item\"><div class=\"gutentor-module-accordion-panel g-a-panel-fdf30c\"><div tabindex=\"0\" class=\"gm-ah-fdf30c gutentor-module-accordion-item-heading gutentor-module-icon-position-right\"><span class=\"gutentor-module-accordion-panel-handler\" role=\"button\"><span class=\"gutentor-module-accordion-panel-handler-label\">Reconocimiento de documento privado<\/span><span class=\"gutentor-module-accordion-icon\"><i class=\"gm-aio-fdf30c gutentor-module-accordion-icon-open fas fa-bars\"><\/i><i class=\"gm-aic-fdf30c gutentor-module-accordion-icon-close fas fa-minus\"><\/i><\/span><\/span><\/div><div class=\"gm-ab-fdf30c gutentor-module-accordion-body\">\n<section id=\"gm48853d8\" class=\"wp-block-gutentor-m3 section-gm48853d8 gutentor-module gutentor-container-cover\"><div class=\"grid-container\">\n<p class=\"wp-block-paragraph\">Toda persona que suscriba un documento privado podr\u00e1 acudir ante el notario para que autorice el reconocimiento que hace del contenido y de su firma en aquel.<\/p>\n\n\n\n<p class=\"wp-block-paragraph\">Este acto supone la exactitud del contenido y autenticidad de la firma del documento por parte de la persona que lo suscribe.<\/p>\n\n\n\n<p class=\"wp-block-paragraph\"><strong>Categor\u00eda:<\/strong><br>No escriturarios.<\/p>\n\n\n\n<p class=\"wp-block-paragraph\"><strong>Requisitos:<\/strong><br>C\u00e9dula de Ciudadan\u00eda.<\/p>\n\n\n\n<p class=\"wp-block-paragraph\"><strong>Pasos del tr\u00e1mite:<\/strong><br>Acercarse a la Notar\u00eda.<\/p>\n<\/div><\/section>\n<\/div><\/div><\/div>\n\n\n\n<div id=\"082819\" class=\"wp-block-gutentor-m6-item section-082819 gutentor-module gutentor-module-accordion-item\"><div class=\"gutentor-module-accordion-panel g-a-panel-fdf30c\"><div tabindex=\"0\" class=\"gm-ah-fdf30c gutentor-module-accordion-item-heading gutentor-module-icon-position-right\"><span class=\"gutentor-module-accordion-panel-handler\" role=\"button\"><span class=\"gutentor-module-accordion-panel-handler-label\">Diligencia de copias<\/span><span class=\"gutentor-module-accordion-icon\"><i class=\"gm-aio-fdf30c gutentor-module-accordion-icon-open fas fa-bars\"><\/i><i class=\"gm-aic-fdf30c gutentor-module-accordion-icon-close fas fa-minus\"><\/i><\/span><\/span><\/div><div class=\"gm-ab-fdf30c gutentor-module-accordion-body\">\n<section id=\"gmaafb15b\" class=\"wp-block-gutentor-m3 section-gmaafb15b gutentor-module gutentor-container-cover\"><div class=\"grid-container\">\n<p class=\"wp-block-paragraph\">Es la diligencia mediante la cual cualquier persona solicita la copia de una Escritura P\u00fablica que reposa en los archivos de una notar\u00eda.<\/p>\n\n\n\n<p class=\"wp-block-paragraph\"><strong>Categor\u00eda:<\/strong><br>No escriturarios.<\/p>\n\n\n\n<p class=\"wp-block-paragraph\"><strong>Requisitos:<\/strong><br>C\u00e9dula de Ciudadan\u00eda.<\/p>\n\n\n\n<p class=\"wp-block-paragraph\"><strong>Pasos del tr\u00e1mite:<\/strong><\/p>\n\n\n\n<p class=\"wp-block-paragraph\"><strong>COPIA QUE PRESTA M\u00c9RITO EJECUTIVO:<\/strong><\/p>\n\n\n\n<p class=\"wp-block-paragraph\">\u201c\u2026si se tratare de un instrumento en fuerza del cual pudiere exigirse el cumplimiento de una obligaci\u00f3n, cada vez que fuere presentado, el notario se\u00f1alar\u00e1 la copia que presta ese m\u00e9rito, que ser\u00e1 necesariamente la primera que del instrumento se expida, expres\u00e1ndolo as\u00ed en caracteres destacados, junto con el nombre del acreedor a cuyo favor se expide.\u201d<\/p>\n\n\n\n<p class=\"wp-block-paragraph\">Sin son varios los acreedores, se expedir\u00e1n igual n\u00famero de primeras copias que presten m\u00e9rito ejecutivo cuantos acreedores sean.<\/p>\n\n\n\n<p class=\"wp-block-paragraph\"><strong>COPIA SUSTITUTIVA DE LA PRIMERA COPIA QUE PRESTA M\u00c9RITO EJECUTIVO.<\/strong><\/p>\n\n\n\n<p class=\"wp-block-paragraph\">\u201cEn caso de p\u00e9rdida o destrucci\u00f3n de la copia con m\u00e9rito para exigir el cumplimiento de la obligaci\u00f3n, el notario solo podr\u00e1 compulsar una sustitutiva a solicitud de ambas partes, expresada en Escritura P\u00fablica, o por orden judicial\u2026\u201d.<\/p>\n\n\n\n<p class=\"wp-block-paragraph\"><strong>NOTA:&nbsp;<\/strong>En caso de aparecer la copia perdida el acreedor se ha obligado, en la escritura de solicitud de la sustitutiva, a no usarla y entregarla al notario que la expidi\u00f3.<\/p>\n\n\n\n<p class=\"wp-block-paragraph\">Art\u00edculo 80 del decreto 960 de 1970<\/p>\n\n\n\n<p class=\"wp-block-paragraph\">Art\u00edculo 81 del decreto 960 de 1970<\/p>\n\n\n\n<p class=\"wp-block-paragraph\">Si lo desea, puede descargar el decreto 960 de 1970 aqu\u00ed.<\/p>\n\n\n<div class=\"wp-block-image\">\n<figure class=\"aligncenter is-resized\"><a href=\"https:\/\/notariaprimerariohacha.com\/wp-content\/uploads\/2023\/10\/Decreto_960_de_1970.pdf\" target=\"_blank\" rel=\"noreferrer noopener\"><img decoding=\"async\" src=\"https:\/\/notariaprimerariohacha.com\/wp-content\/uploads\/2022\/06\/DESCARGAR-PDF-1-300x300-1.png\" alt=\"icono descarga notaria riohacha 01\" class=\"wp-image-3904\" style=\"width:100px;height:auto\"\/><\/a><\/figure>\n<\/div><\/div><\/section>\n<\/div><\/div><\/div>\n<\/div><\/section>\n\n<\/div>\n<\/div>\n<\/section>","protected":false},"excerpt":{"rendered":"<p>No&nbsp;Escriturarios<\/p>","protected":false},"author":1,"featured_media":0,"parent":0,"menu_order":0,"comment_status":"closed","ping_status":"closed","template":"","meta":{"_seopress_robots_primary_cat":"","_seopress_titles_title":"","_seopress_titles_desc":"","_seopress_robots_index":"","_crdt_document":"","ngg_post_thumbnail":0,"footnotes":""},"class_list":["post-2337","page","type-page","status-publish"],"_links":{"self":[{"href":"https:\/\/notariaprimerariohacha.com\/en\/wp-json\/wp\/v2\/pages\/2337","targetHints":{"allow":["GET"]}}],"collection":[{"href":"https:\/\/notariaprimerariohacha.com\/en\/wp-json\/wp\/v2\/pages"}],"about":[{"href":"https:\/\/notariaprimerariohacha.com\/en\/wp-json\/wp\/v2\/types\/page"}],"author":[{"embeddable":true,"href":"https:\/\/notariaprimerariohacha.com\/en\/wp-json\/wp\/v2\/users\/1"}],"replies":[{"embeddable":true,"href":"https:\/\/notariaprimerariohacha.com\/en\/wp-json\/wp\/v2\/comments?post=2337"}],"version-history":[{"count":0,"href":"https:\/\/notariaprimerariohacha.com\/en\/wp-json\/wp\/v2\/pages\/2337\/revisions"}],"wp:attachment":[{"href":"https:\/\/notariaprimerariohacha.com\/en\/wp-json\/wp\/v2\/media?parent=2337"}],"curies":[{"name":"wp","href":"https:\/\/api.w.org\/{rel}","templated":true}]}}