{"id":2330,"date":"2023-10-16T15:36:00","date_gmt":"2023-10-16T20:36:00","guid":{"rendered":"https:\/\/notariaprimerariohacha.com\/?page_id=2330"},"modified":"2023-10-16T19:54:48","modified_gmt":"2023-10-17T00:54:48","slug":"registro-civil","status":"publish","type":"page","link":"https:\/\/notariaprimerariohacha.com\/en\/registro-civil\/","title":{"rendered":"Registro Civil"},"content":{"rendered":"<section class=\"gb-container gb-container-74ec9148 alignfull\">\n<div class=\"gb-container gb-container-f695e23e\">\n<div class=\"gb-container gb-container-87679193\">\n\n<section id=\"section-f50b633a-8f25-40cb-95d3-1bf18d6ce08b\" class=\"wp-block-gutentor-about-block gutentor-section gutentor-about about-template1\"><div class=\"grid-container\"><div class=\"gutentor-grid-item-wrap\"><div class=\"gutentor-single-item\"><div class=\"grid-row\"><div class=\"grid-md-6 about-grid\"><div class=\"gutentor-single-item-image-box\"><div class=\"gutentor-image-thumb\"><img loading=\"lazy\" decoding=\"async\" class=\"normal-image\" src=\"https:\/\/notariaprimerariohacha.com\/wp-content\/uploads\/2023\/08\/registro-civil-Notaria-Primera-de-Riohacha-1.webp\" alt=\"\" height=\"940\" width=\"1200\"\/><\/div><\/div><\/div><div class=\"grid-md-6 about-grid\"><div class=\"gutentor-single-item-content\"><div class=\"gutentor-about-content\"><p class=\"gutentor-single-item-desc\">El Registro civil es el documento que prueba la existencia de una persona, su estado civil, su situaci\u00f3n jur\u00eddica frente a su familia y a la sociedad en general, su capacidad para ejercer derechos y contraer obligaciones.<br>El estado civil es la situaci\u00f3n jur\u00eddica de una persona frente a su familia y a la sociedad en general.<br>Lo constituye un conjunto de circunstancias legales que relacionan a una persona con la familia de donde proviene, con la familia que ha formado, y con ciertos atributos propios de su personalidad que le establecen su capacidad para ejercer derechos y contraer obligaciones.<br>El estado civil de las personas es indivisible e imprescriptible y su asignaci\u00f3n corresponde a la Ley.<br><br><a href=\"https:\/\/notariaprimerariohacha.com\/en\/diccionario-explicativo\/\" data-type=\"link\" data-id=\"https:\/\/notariaprimerariohacha.com\/diccionario-explicativo\/\">VER DICCIONARIO EXPLICATIVO<\/a><\/p><\/div><\/div><\/div><\/div><\/div><\/div><\/div><\/section>\n\n<\/div>\n\n<div class=\"gb-container gb-container-08feacea\">\n\n<p class=\"has-global-color-9-color has-text-color has-link-color has-medium-font-size wp-elements-2bb438e877e0bb479b82e5de76d258c3 wp-block-paragraph\"><strong>T<\/strong>r\u00e1mites&nbsp;<strong>R<\/strong>egistro&nbsp;<strong>C<\/strong>ivil<\/p>\n\n\n\n<section id=\"f5d440\" class=\"section-f5d440 gutentor-module gutentor-module-accordion gutentor-module-accordion-enable-toggle\"><div class=\"grid-container gutentor-rm-ct-space\">\n<div id=\"084bd0\" class=\"wp-block-gutentor-m6-item section-084bd0 gutentor-module gutentor-module-accordion-item\"><div class=\"gutentor-module-accordion-panel g-a-panel-f5d440\"><div tabindex=\"0\" class=\"gm-ah-f5d440 gutentor-module-accordion-item-heading gutentor-module-icon-position-right\"><span class=\"gutentor-module-accordion-panel-handler\" role=\"button\"><span class=\"gutentor-module-accordion-panel-handler-label\">Registro Civil de Defunci\u00f3n<\/span><span class=\"gutentor-module-accordion-icon\"><i class=\"gm-aio-f5d440 gutentor-module-accordion-icon-open fas fa-bars\"><\/i><i class=\"gm-aic-f5d440 gutentor-module-accordion-icon-close fas fa-minus\"><\/i><\/span><\/span><\/div><div class=\"gm-ab-f5d440 gutentor-module-accordion-body\">\n<section id=\"gm98fdac4\" class=\"wp-block-gutentor-m3 section-gm98fdac4 gutentor-module gutentor-container-cover\"><div class=\"grid-container\">\n<p class=\"wp-block-paragraph\">Es el documento p\u00fablico que prueba el hecho de la muerte y su causa. Sirve para que la defunci\u00f3n quede anotada en el registro civil de nacimiento y en el registro civil de matrimonio, silo hubo. Tambi\u00e9n permite el inicio de los tr\u00e1mites de sucesi\u00f3n.<\/p>\n\n\n\n<p class=\"wp-block-paragraph\">Adem\u00e1s, la diligencia de defunci\u00f3n la comunica el notario a la Registradur\u00eda Nacional del Estado Civil para cancelar la c\u00e9dula de ciudadan\u00eda.<\/p>\n\n\n\n<p class=\"wp-block-paragraph\"><strong>REQUISITOS:<\/strong><\/p>\n\n\n\n<ul class=\"wp-block-list\">\n<li>Denuncio de la defunci\u00f3n dentro de los dos d\u00edas despu\u00e9s de haber conocido el fallecimiento. De haber excedido este plazo, debe presentar orden impartida por el inspector de polic\u00eda, previa solicitud escrita del interesado donde explica las causas del retraso.<\/li>\n<\/ul>\n\n\n\n<ul class=\"wp-block-list\">\n<li>Certificado m\u00e9dico de defunci\u00f3n o declaraci\u00f3n de dos testigos cuando no haya m\u00e9dico en la localidad.<\/li>\n\n\n\n<li>Copia de la c\u00e9dula de ciudadan\u00eda de quien registra el fallecimiento.<\/li>\n\n\n\n<li>Orden judicial, si la muerte fue violenta o se desconocen los motivos.<\/li>\n\n\n\n<li>Para el caso de muerte presunta por desaparecimiento, sentencia judicial en firme.<\/li>\n<\/ul>\n\n\n\n<p class=\"wp-block-paragraph\"><strong>TIEMPO ESTIMADO DE ENTREGA:<\/strong>&nbsp;El mismo d\u00eda.<\/p>\n\n\n\n<p class=\"wp-block-paragraph\">COSTO:&nbsp;La inscripci\u00f3n en el registro no tiene costo. Las copias, seg\u00fan tarifa notarial.<\/p>\n<\/div><\/section>\n<\/div><\/div><\/div>\n\n\n\n<div id=\"ad48c5\" class=\"wp-block-gutentor-m6-item section-ad48c5 gutentor-module gutentor-module-accordion-item\"><div class=\"gutentor-module-accordion-panel g-a-panel-f5d440\"><div tabindex=\"0\" class=\"gm-ah-f5d440 gutentor-module-accordion-item-heading gutentor-module-icon-position-right\"><span class=\"gutentor-module-accordion-panel-handler\" role=\"button\"><span class=\"gutentor-module-accordion-panel-handler-label\">Registro Civil de Matrimonio<\/span><span class=\"gutentor-module-accordion-icon\"><i class=\"gm-aio-f5d440 gutentor-module-accordion-icon-open fas fa-bars\"><\/i><i class=\"gm-aic-f5d440 gutentor-module-accordion-icon-close fas fa-minus\"><\/i><\/span><\/span><\/div><div class=\"gm-ab-f5d440 gutentor-module-accordion-body\">\n<section id=\"gm3ca91b8\" class=\"wp-block-gutentor-m3 section-gm3ca91b8 gutentor-module gutentor-container-cover\"><div class=\"grid-container\">\n<p class=\"wp-block-paragraph\">Es el documento p\u00fablico necesario para probar que una persona est\u00e1 casada. En \u00e9l se registran los datos de quienes se casan y el acto del matrimonio. Sirve para adquirir derechos y cumplir obligaciones entre s\u00ed, ante la familia, las autoridades y la sociedad.<\/p>\n\n\n\n<p class=\"wp-block-paragraph\"><strong>REQUISITOS:<\/strong><\/p>\n\n\n\n<ul class=\"wp-block-list\">\n<li>Copia aut\u00e9ntica del registro civil de nacimiento de quienes se casan.<\/li>\n\n\n\n<li>Documento de identificaci\u00f3n de quienes se casan.<\/li>\n\n\n\n<li>Si el matrimonio fue cat\u00f3lico, copia aut\u00e9ntica de la partida parroquial.<\/li>\n\n\n\n<li>Si el matrimonio fue de otra religi\u00f3n, copia aut\u00e9ntica dada por la confesi\u00f3n religiosa debidamente reconocida por el Estado.<\/li>\n\n\n\n<li>Si el matrimonio se realiz\u00f3 ante juez, acta del matrimonio debidamente protocolizada en notar\u00eda.<\/li>\n\n\n\n<li>Si el matrimonio fue celebrado en el exterior, hay requisitos adicionales que deben consultarse con el notario.<\/li>\n<\/ul>\n\n\n\n<p class=\"wp-block-paragraph\"><strong>TIEMPO ESTIMADO DE ENTREGA:<\/strong>&nbsp;El mismo d\u00eda.<\/p>\n\n\n\n<p class=\"wp-block-paragraph\"><strong>COSTO:<\/strong>&nbsp;La inscripci\u00f3n en el registro no tiene costo. Las copias, seg\u00fan tarifa notarial.<\/p>\n<\/div><\/section>\n<\/div><\/div><\/div>\n\n\n\n<div id=\"1b041a\" class=\"wp-block-gutentor-m6-item section-1b041a gutentor-module gutentor-module-accordion-item\"><div class=\"gutentor-module-accordion-panel g-a-panel-f5d440\"><div tabindex=\"0\" class=\"gm-ah-f5d440 gutentor-module-accordion-item-heading gutentor-module-icon-position-right\"><span class=\"gutentor-module-accordion-panel-handler\" role=\"button\"><span class=\"gutentor-module-accordion-panel-handler-label\">Registro Civil de Nacimiento<\/span><span class=\"gutentor-module-accordion-icon\"><i class=\"gm-aio-f5d440 gutentor-module-accordion-icon-open fas fa-bars\"><\/i><i class=\"gm-aic-f5d440 gutentor-module-accordion-icon-close fas fa-minus\"><\/i><\/span><\/span><\/div><div class=\"gm-ab-f5d440 gutentor-module-accordion-body\">\n<section id=\"gm559638d\" class=\"wp-block-gutentor-m3 section-gm559638d gutentor-module gutentor-container-cover\"><div class=\"grid-container\">\n<p class=\"wp-block-paragraph\">Es un documento indispensable mediante el cual la persona prueba ante la familia y la sociedad su existencia y le permite identificarse, ejercer sus derechos y cumplir sus obligaciones.<\/p>\n\n\n\n<p class=\"wp-block-paragraph\"><strong>REQUISITOS:<\/strong><\/p>\n\n\n\n<ul class=\"wp-block-list\">\n<li>Certificado de nacido vivo dado por el m\u00e9dico, centro hospitalario, enfermera o persona que haya ayudado a la madre en el parto. Si se trata de un menor que pertenece a una comunidad ind\u00edgena, puede servir como documento la&nbsp;autorizaci\u00f3n ind\u00edgena.<\/li>\n\n\n\n<li>En caso de no contar con el anterior certificado, se requiere&nbsp;declaraci\u00f3n bajo juramento&nbsp;de dos testigos que hayan presenciado el nacimiento o hayan tenido conocimiento de \u00e9l.<\/li>\n\n\n\n<li>Documentos de identificaci\u00f3n de los padres o de las personas que est\u00e9n autorizadas por la ley para realizar el registro, como abuelos, t\u00edos o parientes mayores.<\/li>\n\n\n\n<li>El registro que se hace despu\u00e9s del mes de nacido es extempor\u00e1neo y las personas que no cuenten con ninguno de los anteriores requisitos, pueden presentar la partida de bautismo cat\u00f3lico o la anotaci\u00f3n de origen religioso, si es de otro credo reconocido por el Estado.<\/li>\n<\/ul>\n\n\n\n<p class=\"wp-block-paragraph\"><strong>TIEMPO ESTIMADO DE ENTREGA:<\/strong>&nbsp;El mismo d\u00eda.<\/p>\n\n\n\n<p class=\"wp-block-paragraph\"><strong>COSTO:<\/strong>&nbsp;La inscripci\u00f3n en el registro civil de nacimiento no tiene costo. La primera copia y la destinada para tramitar la c\u00e9dula de ciudadan\u00eda por primera vez, tampoco tienen costo. Las dem\u00e1s copias tienen costo seg\u00fan tarifa notarial.<\/p>\n<\/div><\/section>\n<\/div><\/div><\/div>\n<\/div><\/section>\n\n<\/div>\n<\/div>\n<\/section>","protected":false},"excerpt":{"rendered":"<p>Tr\u00e1mites&nbsp;Registro&nbsp;Civil<\/p>","protected":false},"author":1,"featured_media":0,"parent":0,"menu_order":0,"comment_status":"closed","ping_status":"closed","template":"","meta":{"_seopress_robots_primary_cat":"","_seopress_titles_title":"","_seopress_titles_desc":"","_seopress_robots_index":"","_crdt_document":"","ngg_post_thumbnail":0,"footnotes":""},"class_list":["post-2330","page","type-page","status-publish"],"_links":{"self":[{"href":"https:\/\/notariaprimerariohacha.com\/en\/wp-json\/wp\/v2\/pages\/2330","targetHints":{"allow":["GET"]}}],"collection":[{"href":"https:\/\/notariaprimerariohacha.com\/en\/wp-json\/wp\/v2\/pages"}],"about":[{"href":"https:\/\/notariaprimerariohacha.com\/en\/wp-json\/wp\/v2\/types\/page"}],"author":[{"embeddable":true,"href":"https:\/\/notariaprimerariohacha.com\/en\/wp-json\/wp\/v2\/users\/1"}],"replies":[{"embeddable":true,"href":"https:\/\/notariaprimerariohacha.com\/en\/wp-json\/wp\/v2\/comments?post=2330"}],"version-history":[{"count":0,"href":"https:\/\/notariaprimerariohacha.com\/en\/wp-json\/wp\/v2\/pages\/2330\/revisions"}],"wp:attachment":[{"href":"https:\/\/notariaprimerariohacha.com\/en\/wp-json\/wp\/v2\/media?parent=2330"}],"curies":[{"name":"wp","href":"https:\/\/api.w.org\/{rel}","templated":true}]}}