{"id":2320,"date":"2023-10-16T15:03:51","date_gmt":"2023-10-16T20:03:51","guid":{"rendered":"https:\/\/notariaprimerariohacha.com\/?page_id=2320"},"modified":"2023-10-16T19:55:14","modified_gmt":"2023-10-17T00:55:14","slug":"autenticacion","status":"publish","type":"page","link":"https:\/\/notariaprimerariohacha.com\/en\/autenticacion\/","title":{"rendered":"Autenticaci\u00f3n"},"content":{"rendered":"<section class=\"gb-container gb-container-74ec9148 alignfull\">\n<div class=\"gb-container gb-container-f695e23e\">\n<div class=\"gb-container gb-container-87679193\">\n\n<section id=\"section-e03bb170-c418-44c1-831e-f4f3cc2d135d\" class=\"wp-block-gutentor-about-block gutentor-section gutentor-about about-template1\"><div class=\"grid-container\"><div class=\"gutentor-block-header\"><div class=\"gutentor-section-title text-center\"><h2 class=\"gutentor-title\">Autenticaci\u00f3nes<\/h2><\/div><\/div><div class=\"gutentor-grid-item-wrap\"><div class=\"gutentor-single-item\"><div class=\"grid-row\"><div class=\"grid-md-6 about-grid\"><div class=\"gutentor-single-item-image-box\"><div class=\"gutentor-image-thumb\"><img loading=\"lazy\" decoding=\"async\" class=\"normal-image\" src=\"https:\/\/notariaprimerariohacha.com\/wp-content\/uploads\/2023\/08\/Autenticacion-Notaria-Primera-de-Riohacha.webp\" alt=\"\" height=\"940\" width=\"1200\"\/><\/div><\/div><\/div><div class=\"grid-md-6 about-grid\"><div class=\"gutentor-single-item-content\"><div class=\"gutentor-about-content\"><p class=\"gutentor-single-item-desc\">Es cuando el notario da testimonio escrito de que las firmas que aparecen en un\u00a0documento privado\u00a0fueron puestas en su presencia, estableciendo la identidad de los firmantes y dando fe del d\u00eda en que el hecho ocurri\u00f3.<br>REQUISITOS:<br>Asistir personalmente a la notar\u00eda. Puede hacerse tambi\u00e9n a domicilio.<br>Llevarla c\u00e9dula de ciudadan\u00eda.<br>Llevar el documento que se va a\u00a0autenticar.<br><br><a href=\"https:\/\/notariaprimerariohacha.com\/en\/diccionario-explicativo\/\" data-type=\"link\" data-id=\"https:\/\/notariaprimerariohacha.com\/diccionario-explicativo\/\">VER DICCIONARIO EXPLICATIVO<\/a><\/p><\/div><\/div><\/div><\/div><\/div><\/div><\/div><\/section>\n\n<\/div>\n\n<div class=\"gb-container gb-container-08feacea\">\n\n<p class=\"has-global-color-9-color has-text-color has-link-color has-medium-font-size wp-elements-79e2ec8961eb8ef557f0a5fc5c6bcec1 wp-block-paragraph\"><strong>T<\/strong>r\u00e1mites&nbsp;<strong>A<\/strong>utenticaci\u00f3n<\/p>\n\n\n\n<section id=\"17997b\" class=\"section-17997b gutentor-module gutentor-module-accordion gutentor-module-accordion-enable-toggle\"><div class=\"grid-container gutentor-rm-ct-space\">\n<div id=\"4f97dc\" class=\"wp-block-gutentor-m6-item section-4f97dc gutentor-module gutentor-module-accordion-item\"><div class=\"gutentor-module-accordion-panel g-a-panel-17997b\"><div tabindex=\"0\" class=\"gm-ah-17997b gutentor-module-accordion-item-heading gutentor-module-icon-position-right\"><span class=\"gutentor-module-accordion-panel-handler\" role=\"button\"><span class=\"gutentor-module-accordion-panel-handler-label\">Autenticaci\u00f3n de Fotograf\u00edas<\/span><span class=\"gutentor-module-accordion-icon\"><i class=\"gm-aio-17997b gutentor-module-accordion-icon-open fas fa-bars\"><\/i><i class=\"gm-aic-17997b gutentor-module-accordion-icon-close fas fa-minus\"><\/i><\/span><\/span><\/div><div class=\"gm-ab-17997b gutentor-module-accordion-body\">\n<section id=\"gmb2f81b8\" class=\"wp-block-gutentor-m3 section-gmb2f81b8 gutentor-module gutentor-container-cover\"><div class=\"grid-container\">\n<p class=\"wp-block-paragraph\">\u201cEl notario dar\u00e1 testimonio de autenticidad de una fotograf\u00eda de persona si establece por sus sentidos que corresponde a ella y est\u00e1 agregada a un escrito en que el interesado asevere ser suya y en que reconozca la firma con que autorice dicha afirmaci\u00f3n.\u201d<\/p>\n\n\n\n<p class=\"wp-block-paragraph\">Art\u00edculo 76 del decreto 960 de 1970<\/p>\n\n\n\n<p class=\"wp-block-paragraph\">Si lo desea, puede descargar el decreto 960 de 1970 aqu\u00ed.<\/p>\n\n\n<div class=\"wp-block-image\">\n<figure class=\"aligncenter is-resized\"><a href=\"https:\/\/notariaprimerariohacha.com\/wp-content\/uploads\/2023\/10\/Decreto_960_de_1970.pdf\" target=\"_blank\" rel=\"noreferrer noopener\"><img decoding=\"async\" src=\"https:\/\/notariaprimerariohacha.com\/wp-content\/uploads\/2022\/06\/DESCARGAR-PDF-1-300x300-1.png\" alt=\"icono descarga notaria riohacha 01\" class=\"wp-image-3904\" style=\"width:158px;height:auto\"\/><\/a><\/figure>\n<\/div>\n\n\n<p class=\"wp-block-paragraph\"><strong>Categor\u00eda:<\/strong><br>Autenticaci\u00f3n<\/p>\n\n\n\n<p class=\"wp-block-paragraph\"><strong>Requisitos:<\/strong><br>C\u00e9dula de Ciudadan\u00eda.<br>Fotograf\u00eda a Autenticar.<\/p>\n\n\n\n<p class=\"wp-block-paragraph\"><strong>Pasos del tr\u00e1mite:<\/strong><br>Acercarse a la Notar\u00eda.<\/p>\n<\/div><\/section>\n<\/div><\/div><\/div>\n\n\n\n<div id=\"61b606\" class=\"wp-block-gutentor-m6-item section-61b606 gutentor-module gutentor-module-accordion-item\"><div class=\"gutentor-module-accordion-panel g-a-panel-17997b\"><div tabindex=\"0\" class=\"gm-ah-17997b gutentor-module-accordion-item-heading gutentor-module-icon-position-right\"><span class=\"gutentor-module-accordion-panel-handler\" role=\"button\"><span class=\"gutentor-module-accordion-panel-handler-label\">Autenticaci\u00f3n de Copias<\/span><span class=\"gutentor-module-accordion-icon\"><i class=\"gm-aio-17997b gutentor-module-accordion-icon-open fas fa-bars\"><\/i><i class=\"gm-aic-17997b gutentor-module-accordion-icon-close fas fa-minus\"><\/i><\/span><\/span><\/div><div class=\"gm-ab-17997b gutentor-module-accordion-body\">\n<section id=\"gm18f42b9\" class=\"wp-block-gutentor-m3 section-gm18f42b9 gutentor-module gutentor-container-cover\"><div class=\"grid-container\">\n<p class=\"wp-block-paragraph\">Es la diligencia mediante la cual el notario le da autenticidad a la copia de un documento cuyo original le es ense\u00f1ado.<\/p>\n\n\n\n<p class=\"wp-block-paragraph\">\u201cPodr\u00e1 autenticarse una copia mec\u00e1nica o una literal de un documento, siempre que aquella corresponda exactamente al original que se tenga a la vista o que esta comprenda la integridad del documento exhibido y lo reproduzca con entera fidelidad.\u201d<\/p>\n\n\n\n<p class=\"wp-block-paragraph\">Art\u00edculo 74 del decreto 960 de 1970<\/p>\n\n\n\n<p class=\"wp-block-paragraph\">Si lo desea, puede descargar el decreto 960 de 1970 aqu\u00ed.<\/p>\n\n\n<div class=\"wp-block-image\">\n<figure class=\"aligncenter is-resized\"><a href=\"https:\/\/notariaprimerariohacha.com\/wp-content\/uploads\/2023\/10\/Decreto_960_de_1970.pdf\" target=\"_blank\" rel=\"noreferrer noopener\"><img decoding=\"async\" src=\"https:\/\/notariaprimerariohacha.com\/wp-content\/uploads\/2022\/06\/DESCARGAR-PDF-1-300x300-1.png\" alt=\"icono descarga notaria riohacha 01\" class=\"wp-image-3904\" style=\"width:122px;height:auto\"\/><\/a><\/figure>\n<\/div>\n\n\n<p class=\"wp-block-paragraph\"><strong>Categor\u00eda:<\/strong><br>Autenticaci\u00f3n<\/p>\n\n\n\n<p class=\"wp-block-paragraph\"><strong>Requisitos:<\/strong><\/p>\n\n\n\n<ul class=\"wp-block-list\">\n<li>C\u00e9dula de Ciudadan\u00eda<\/li>\n\n\n\n<li>Documento a Autenticar.<\/li>\n<\/ul>\n\n\n\n<p class=\"wp-block-paragraph\"><strong>Pasos del tr\u00e1mite:<\/strong><br>Acercarse a la Notar\u00eda.<\/p>\n<\/div><\/section>\n<\/div><\/div><\/div>\n\n\n\n<div id=\"4ff7a3\" class=\"wp-block-gutentor-m6-item section-4ff7a3 gutentor-module gutentor-module-accordion-item\"><div class=\"gutentor-module-accordion-panel g-a-panel-17997b\"><div tabindex=\"0\" class=\"gm-ah-17997b gutentor-module-accordion-item-heading gutentor-module-icon-position-right\"><span class=\"gutentor-module-accordion-panel-handler\" role=\"button\"><span class=\"gutentor-module-accordion-panel-handler-label\">Autenticaci\u00f3n de Firma<\/span><span class=\"gutentor-module-accordion-icon\"><i class=\"gm-aio-17997b gutentor-module-accordion-icon-open fas fa-bars\"><\/i><i class=\"gm-aic-17997b gutentor-module-accordion-icon-close fas fa-minus\"><\/i><\/span><\/span><\/div><div class=\"gm-ab-17997b gutentor-module-accordion-body\">\n<section id=\"gm85f8573\" class=\"wp-block-gutentor-m3 section-gm85f8573 gutentor-module gutentor-container-cover\"><div class=\"grid-container\">\n<p class=\"wp-block-paragraph\">Es la diligencia mediante la cual el notario le da autenticidad a la firma que estampa en un documento un usuario debidamente identificado y presente en la notar\u00eda.<\/p>\n\n\n\n<p class=\"wp-block-paragraph\">\u201cTambi\u00e9n podr\u00e1 dar testimonio de que las firmas fueron puestas en su presencia, estableciendo la identidad de los firmantes.\u201d<\/p>\n\n\n\n<p class=\"wp-block-paragraph\">Art\u00edculo 73 del decreto 960 de 1970<\/p>\n\n\n\n<p class=\"wp-block-paragraph\">Si lo desea, puede descargar el decreto 960 de 1970 aqu\u00ed.<\/p>\n\n\n<div class=\"wp-block-image\">\n<figure class=\"aligncenter is-resized\"><a href=\"https:\/\/notariaprimerariohacha.com\/wp-content\/uploads\/2023\/10\/Decreto_960_de_1970.pdf\" target=\"_blank\" rel=\"noreferrer noopener\"><img decoding=\"async\" src=\"https:\/\/notariaprimerariohacha.com\/wp-content\/uploads\/2022\/06\/DESCARGAR-PDF-1-300x300-1.png\" alt=\"icono descarga notaria riohacha 01\" class=\"wp-image-3904\" style=\"width:130px;height:auto\"\/><\/a><\/figure>\n<\/div>\n\n\n<p class=\"wp-block-paragraph\"><strong>Categor\u00eda:<\/strong><br>Autenticaci\u00f3n<\/p>\n\n\n\n<p class=\"wp-block-paragraph\"><strong>Requisitos:<\/strong><\/p>\n\n\n\n<p class=\"wp-block-paragraph\">C\u00e9dula de Ciudadan\u00eda.<\/p>\n\n\n\n<p class=\"wp-block-paragraph\"><strong>Pasos del tr\u00e1mite:<\/strong><br>Acercarse a la Notar\u00eda.<\/p>\n<\/div><\/section>\n<\/div><\/div><\/div>\n\n\n\n<div id=\"7e3d4b\" class=\"wp-block-gutentor-m6-item section-7e3d4b gutentor-module gutentor-module-accordion-item\"><div class=\"gutentor-module-accordion-panel g-a-panel-17997b\"><div tabindex=\"0\" class=\"gm-ah-17997b gutentor-module-accordion-item-heading gutentor-module-icon-position-right\"><span class=\"gutentor-module-accordion-panel-handler\" role=\"button\"><span class=\"gutentor-module-accordion-panel-handler-label\">Autenticaci\u00f3n de Firma registrada<\/span><span class=\"gutentor-module-accordion-icon\"><i class=\"gm-aio-17997b gutentor-module-accordion-icon-open fas fa-bars\"><\/i><i class=\"gm-aic-17997b gutentor-module-accordion-icon-close fas fa-minus\"><\/i><\/span><\/span><\/div><div class=\"gm-ab-17997b gutentor-module-accordion-body\">\n<section id=\"gmed20b96\" class=\"wp-block-gutentor-m3 section-gmed20b96 gutentor-module gutentor-container-cover\"><div class=\"grid-container\">\n<p class=\"wp-block-paragraph\">Es la diligencia mediante la cual el notario le da autenticidad a la firma que lleva un documento, por corresponder a aquella que previamente hab\u00eda sido registrada ante \u00e9l por el interesado.<\/p>\n\n\n\n<p class=\"wp-block-paragraph\">\u201cEl notario podr\u00e1 dar testimonio escrito de que la firma puesta en un documento corresponde a la de la persona que la haya registrado ante \u00e9l, previa confrontaci\u00f3n de las dos\u201d.<\/p>\n\n\n\n<p class=\"wp-block-paragraph\">Art\u00edculo 73 del decreto 960 de 1970.<\/p>\n\n\n\n<p class=\"wp-block-paragraph\">Si lo desea, puede descargar el decreto 960 de 1970 aqu\u00ed.<\/p>\n\n\n<div class=\"wp-block-image\">\n<figure class=\"aligncenter is-resized\"><a href=\"https:\/\/notariaprimerariohacha.com\/wp-content\/uploads\/2023\/10\/Decreto_960_de_1970.pdf\" target=\"_blank\" rel=\"noreferrer noopener\"><img decoding=\"async\" src=\"https:\/\/notariaprimerariohacha.com\/wp-content\/uploads\/2022\/06\/DESCARGAR-PDF-1-300x300-1.png\" alt=\"icono descarga notaria riohacha 01\" class=\"wp-image-3904\" style=\"width:158px;height:auto\"\/><\/a><\/figure>\n<\/div>\n\n\n<p class=\"wp-block-paragraph\"><strong>Categor\u00eda:<\/strong><br>Autenticaci\u00f3n.<\/p>\n\n\n\n<p class=\"wp-block-paragraph\"><strong>Requisitos:<\/strong><br>C\u00e9dula de Ciudadan\u00eda.<\/p>\n\n\n\n<p class=\"wp-block-paragraph\"><strong>Pasos del tr\u00e1mite:<\/strong><br>Acercarse a la Notar\u00eda.<\/p>\n<\/div><\/section>\n<\/div><\/div><\/div>\n<\/div><\/section>\n\n<\/div>\n<\/div>\n<\/section>","protected":false},"excerpt":{"rendered":"<p>Tr\u00e1mites&nbsp;Autenticaci\u00f3n<\/p>","protected":false},"author":1,"featured_media":0,"parent":0,"menu_order":0,"comment_status":"closed","ping_status":"closed","template":"","meta":{"_seopress_robots_primary_cat":"","_seopress_titles_title":"","_seopress_titles_desc":"","_seopress_robots_index":"","_crdt_document":"","ngg_post_thumbnail":0,"footnotes":""},"class_list":["post-2320","page","type-page","status-publish"],"_links":{"self":[{"href":"https:\/\/notariaprimerariohacha.com\/en\/wp-json\/wp\/v2\/pages\/2320","targetHints":{"allow":["GET"]}}],"collection":[{"href":"https:\/\/notariaprimerariohacha.com\/en\/wp-json\/wp\/v2\/pages"}],"about":[{"href":"https:\/\/notariaprimerariohacha.com\/en\/wp-json\/wp\/v2\/types\/page"}],"author":[{"embeddable":true,"href":"https:\/\/notariaprimerariohacha.com\/en\/wp-json\/wp\/v2\/users\/1"}],"replies":[{"embeddable":true,"href":"https:\/\/notariaprimerariohacha.com\/en\/wp-json\/wp\/v2\/comments?post=2320"}],"version-history":[{"count":0,"href":"https:\/\/notariaprimerariohacha.com\/en\/wp-json\/wp\/v2\/pages\/2320\/revisions"}],"wp:attachment":[{"href":"https:\/\/notariaprimerariohacha.com\/en\/wp-json\/wp\/v2\/media?parent=2320"}],"curies":[{"name":"wp","href":"https:\/\/api.w.org\/{rel}","templated":true}]}}