{"id":2284,"date":"2023-10-16T12:16:52","date_gmt":"2023-10-16T17:16:52","guid":{"rendered":"https:\/\/notariaprimerariohacha.com\/?page_id=2284"},"modified":"2023-10-16T12:36:24","modified_gmt":"2023-10-16T17:36:24","slug":"participa","status":"publish","type":"page","link":"https:\/\/notariaprimerariohacha.com\/en\/participa\/","title":{"rendered":"Participa"},"content":{"rendered":"<section class=\"gb-container gb-container-74ec9148 alignfull\">\n<div class=\"gb-container gb-container-f695e23e\">\n<div class=\"gb-container gb-container-87679193\">\n\n<div id=\"section-gcb9739\" class=\"wp-block-gutentor-e1 section-gcb9739 gutentor-element gutentor-element-advanced-text\"><div class=\"gutentor-text-wrap\"><p class=\"gutentor-text\">El Men\u00fa Participa es una nueva categor\u00eda del men\u00fa destacado que deben crear las entidades y organismos obligados en el encabezado principal de su sitio web. Las autoridades deben publicar en el Men\u00fa Participa los contenidos de informaci\u00f3n sobre los espacios, mecanismos y acciones que permiten la participaci\u00f3n ciudadana en el ciclo de la gesti\u00f3n p\u00fablica, esto con el prop\u00f3sito de dinamizar la vinculaci\u00f3n de la ciudadan\u00eda en las decisiones y acciones p\u00fablicas durante el diagn\u00f3stico, formulaci\u00f3n, implementaci\u00f3n, evaluaci\u00f3n y seguimiento a la gesti\u00f3n institucional a trav\u00e9s de su sitio web institucional.<br><br>Contiene la informaci\u00f3n sobre las posibilidades de interacci\u00f3n e intervenci\u00f3n de los ciudadanos, usuarios y grupos de inter\u00e9s en las fases de formulaci\u00f3n, ejecuci\u00f3n, control y evaluaci\u00f3n del ciclo de la gesti\u00f3n p\u00fablica definidas en la normatividad general y en las disposiciones espec\u00edficas para cada entidad, o que son dise\u00f1ados proactivamente para facilitar el ejercicio de este derecho.*<br><br>La estructura del Men\u00fa Participa debe contener seis secciones, as\u00ed:<\/p><\/div><\/div>\n\n<\/div>\n\n<div class=\"gb-container gb-container-08feacea\">\n\n<section id=\"a69ef9\" class=\"section-a69ef9 gutentor-module gutentor-module-accordion gutentor-module-accordion-enable-toggle\"><div class=\"grid-container gutentor-rm-ct-space\">\n<div id=\"a5ed61\" class=\"wp-block-gutentor-m6-item section-a5ed61 gutentor-module gutentor-module-accordion-item\"><div class=\"gutentor-module-accordion-panel g-a-panel-a69ef9\"><div tabindex=\"0\" class=\"gm-ah-a69ef9 gutentor-module-accordion-item-heading gutentor-module-icon-position-right\"><span class=\"gutentor-module-accordion-panel-handler\" role=\"button\"><span class=\"gutentor-module-accordion-panel-handler-label\">1. Participaci\u00f3n para el diagn\u00f3stico de necesidades e identificaci\u00f3n de problemas<\/span><span class=\"gutentor-module-accordion-icon\"><i class=\"gm-aio-a69ef9 gutentor-module-accordion-icon-open fas fa-bars\"><\/i><i class=\"gm-aic-a69ef9 gutentor-module-accordion-icon-close fas fa-minus\"><\/i><\/span><\/span><\/div><div class=\"gm-ab-a69ef9 gutentor-module-accordion-body\">\n<section id=\"gmd637450\" class=\"wp-block-gutentor-m3 section-gmd637450 gutentor-module gutentor-container-cover\"><div class=\"grid-container\">\n<p class=\"wp-block-paragraph\"><strong>La participaci\u00f3n para el diagn\u00f3stico e identificaci\u00f3n de problemas<\/strong>&nbsp;es la vinculaci\u00f3n de ciudadanos e interesados en el proceso de recolecci\u00f3n y an\u00e1lisis de informaci\u00f3n para identificar y explicar los problemas que les afecta directa o indirectamente con base en datos, ideas, hechos, experiencias y propuestas relacionados con la caracterizaci\u00f3n de la situaci\u00f3n abordada, lo que permite identificar las problem\u00e1ticas y las necesidades de los grupos de valor de la entidad.*<\/p>\n\n\n\n<p class=\"wp-block-paragraph\"><strong><a href=\"https:\/\/www.funcionpublica.gov.co\/documents\/\">* Departamento Administrativo de la Funci\u00f3n P\u00fablica (2021). Lineamientos para publicar informaci\u00f3n en el men\u00fa participa sobre participaci\u00f3n ciudadana en la gesti\u00f3n p\u00fablica. Obtenido de: https:\/\/www.funcionpublica.gov.co\/documents\/<\/a><\/strong><\/p>\n<\/div><\/section>\n<\/div><\/div><\/div>\n\n\n\n<div id=\"c28d49\" class=\"wp-block-gutentor-m6-item section-c28d49 gutentor-module gutentor-module-accordion-item\"><div class=\"gutentor-module-accordion-panel g-a-panel-a69ef9\"><div tabindex=\"0\" class=\"gm-ah-a69ef9 gutentor-module-accordion-item-heading gutentor-module-icon-position-right\"><span class=\"gutentor-module-accordion-panel-handler\" role=\"button\"><span class=\"gutentor-module-accordion-panel-handler-label\">2. Planeaci\u00f3n y Presupuesto Participativo<\/span><span class=\"gutentor-module-accordion-icon\"><i class=\"gm-aio-a69ef9 gutentor-module-accordion-icon-open fas fa-bars\"><\/i><i class=\"gm-aic-a69ef9 gutentor-module-accordion-icon-close fas fa-minus\"><\/i><\/span><\/span><\/div><div class=\"gm-ab-a69ef9 gutentor-module-accordion-body\">\n<section id=\"gmf0bf3c5\" class=\"wp-block-gutentor-m3 section-gmf0bf3c5 gutentor-module gutentor-container-cover\"><div class=\"grid-container\">\n<p class=\"wp-block-paragraph\"><strong>La planeaci\u00f3n participativa<\/strong>&nbsp;es entendida como el mecanismo mediante el cual la sociedad civil decide el rumbo de las pol\u00edticas, planes, programas, proyectos o tr\u00e1mites de acuerdo con sus necesidades. La participaci\u00f3n puede darse en la delimitaci\u00f3n de los resultados e impactos esperados y en la definici\u00f3n de productos y de actividades.*<\/p>\n\n\n\n<p class=\"wp-block-paragraph\"><strong><a href=\"https:\/\/www.funcionpublica.gov.co\/documents\/\">* Departamento Administrativo de la Funci\u00f3n P\u00fablica (2021). Lineamientos para publicar informaci\u00f3n en el men\u00fa participa sobre participaci\u00f3n ciudadana en la gesti\u00f3n p\u00fablica. Obtenido de: https:\/\/www.funcionpublica.gov.co\/documents\/<\/a><\/strong><\/p>\n<\/div><\/section>\n<\/div><\/div><\/div>\n\n\n\n<div id=\"dc0142\" class=\"wp-block-gutentor-m6-item section-dc0142 gutentor-module gutentor-module-accordion-item\"><div class=\"gutentor-module-accordion-panel g-a-panel-a69ef9\"><div tabindex=\"0\" class=\"gm-ah-a69ef9 gutentor-module-accordion-item-heading gutentor-module-icon-position-right\"><span class=\"gutentor-module-accordion-panel-handler\" role=\"button\"><span class=\"gutentor-module-accordion-panel-handler-label\">3. Consulta Ciudadana<\/span><span class=\"gutentor-module-accordion-icon\"><i class=\"gm-aio-a69ef9 gutentor-module-accordion-icon-open fas fa-bars\"><\/i><i class=\"gm-aic-a69ef9 gutentor-module-accordion-icon-close fas fa-minus\"><\/i><\/span><\/span><\/div><div class=\"gm-ab-a69ef9 gutentor-module-accordion-body\">\n<section id=\"gm252c420\" class=\"wp-block-gutentor-m3 section-gm252c420 gutentor-module gutentor-container-cover\"><div class=\"grid-container\">\n<p class=\"wp-block-paragraph\"><strong>La consulta a la ciudadan\u00eda<\/strong>&nbsp;es un mecanismo de participaci\u00f3n que busca conocer las opiniones, sugerencias o propuestas, comentarios y aportes de los usuarios, ciudadanos y grupos de inter\u00e9s con respecto a los proyectos, normas, pol\u00edticas, programas o tr\u00e1mites adelantados por la entidad antes de la formulaci\u00f3n de los mismos o la toma de decisiones. Este mecanismo, sirve para priorizar problem\u00e1ticas o temas en rendici\u00f3n de cuentas, seleccionar o evaluar programas, obras o proyectos de inversi\u00f3n en cualquier momento del ciclo de la gesti\u00f3n p\u00fablica y para la mejora de tr\u00e1mites y disposiciones legales.*<\/p>\n\n\n\n<p class=\"wp-block-paragraph\"><strong><a href=\"https:\/\/www.funcionpublica.gov.co\/documents\/\">* Departamento Administrativo de la Funci\u00f3n P\u00fablica (2021). Lineamientos para publicar informaci\u00f3n en el men\u00fa participa sobre participaci\u00f3n ciudadana en la gesti\u00f3n p\u00fablica. Obtenido de: https:\/\/www.funcionpublica.gov.co\/documents\/<\/a><\/strong><\/p>\n<\/div><\/section>\n<\/div><\/div><\/div>\n\n\n\n<div id=\"b340f8\" class=\"wp-block-gutentor-m6-item section-b340f8 gutentor-module gutentor-module-accordion-item\"><div class=\"gutentor-module-accordion-panel g-a-panel-a69ef9\"><div tabindex=\"0\" class=\"gm-ah-a69ef9 gutentor-module-accordion-item-heading gutentor-module-icon-position-right\"><span class=\"gutentor-module-accordion-panel-handler\" role=\"button\"><span class=\"gutentor-module-accordion-panel-handler-label\">4. Rendici\u00f3n de Cuentas<\/span><span class=\"gutentor-module-accordion-icon\"><i class=\"gm-aio-a69ef9 gutentor-module-accordion-icon-open fas fa-bars\"><\/i><i class=\"gm-aic-a69ef9 gutentor-module-accordion-icon-close fas fa-minus\"><\/i><\/span><\/span><\/div><div class=\"gm-ab-a69ef9 gutentor-module-accordion-body\">\n<section id=\"gmc98c5fd\" class=\"wp-block-gutentor-m3 section-gmc98c5fd gutentor-module gutentor-container-cover\"><div class=\"grid-container\">\n<p class=\"wp-block-paragraph\"><strong>La rendici\u00f3n de cuentas<\/strong>&nbsp;es el proceso conformado por un conjunto de normas, procedimientos, metodolog\u00edas, estructuras, pr\u00e1cticas y resultados mediante los que las entidades de la administraci\u00f3n p\u00fablica del nivel nacional y territorial y los servidores p\u00fablicos informan, explican y dan a conocer los resultados de su gesti\u00f3n a los ciudadanos, la sociedad civil, otras entidades p\u00fablicas y a los organismos de control a partir de la promoci\u00f3n del di\u00e1logo. En este sentido, las entidades deben atender lo dispuesto por el Manual \u00fanico de rendici\u00f3n de cuentas (MURC)10, gu\u00eda de obligatoria observancia para las entidades p\u00fablicas.*<\/p>\n\n\n\n<p class=\"wp-block-paragraph\"><strong><a href=\"https:\/\/www.funcionpublica.gov.co\/documents\/\">* Departamento Administrativo de la Funci\u00f3n P\u00fablica (2021). Lineamientos para publicar informaci\u00f3n en el men\u00fa participa sobre participaci\u00f3n ciudadana en la gesti\u00f3n p\u00fablica. Obtenido de: https:\/\/www.funcionpublica.gov.co\/documents\/<\/a><\/strong><\/p>\n<\/div><\/section>\n<\/div><\/div><\/div>\n\n\n\n<div id=\"1bf998\" class=\"wp-block-gutentor-m6-item section-1bf998 gutentor-module gutentor-module-accordion-item\"><div class=\"gutentor-module-accordion-panel g-a-panel-a69ef9\"><div tabindex=\"0\" class=\"gm-ah-a69ef9 gutentor-module-accordion-item-heading gutentor-module-icon-position-right\"><span class=\"gutentor-module-accordion-panel-handler\" role=\"button\"><span class=\"gutentor-module-accordion-panel-handler-label\">5. Control Social<\/span><span class=\"gutentor-module-accordion-icon\"><i class=\"gm-aio-a69ef9 gutentor-module-accordion-icon-open fas fa-bars\"><\/i><i class=\"gm-aic-a69ef9 gutentor-module-accordion-icon-close fas fa-minus\"><\/i><\/span><\/span><\/div><div class=\"gm-ab-a69ef9 gutentor-module-accordion-body\">\n<section id=\"gma8b501c\" class=\"wp-block-gutentor-m3 section-gma8b501c gutentor-module gutentor-container-cover\"><div class=\"grid-container\">\n<p class=\"wp-block-paragraph\">El control social es el derecho y el deber de los ciudadanos a participar, de manera individual o a trav\u00e9s de sus organizaciones, redes sociales e instituciones, en la vigilancia de la gesti\u00f3n p\u00fablica y sus resultados de acuerdo con lo establecido en la regulaci\u00f3n aplicable y correcta utilizaci\u00f3n de los recursos y bienes p\u00fablicos. El concepto ampliado lo brindan los art\u00edculos 60, 61 y 63 de la Ley 1757 de 2015.*<\/p>\n\n\n\n<p class=\"wp-block-paragraph\"><strong><a href=\"https:\/\/www.funcionpublica.gov.co\/documents\/\">* Departamento Administrativo de la Funci\u00f3n P\u00fablica (2021). Lineamientos para publicar informaci\u00f3n en el men\u00fa participa sobre participaci\u00f3n ciudadana en la gesti\u00f3n p\u00fablica. Obtenido de: https:\/\/www.funcionpublica.gov.co\/documents\/<\/a><\/strong><\/p>\n<\/div><\/section>\n<\/div><\/div><\/div>\n\n\n\n<div id=\"1e0ec4\" class=\"wp-block-gutentor-m6-item section-1e0ec4 gutentor-module gutentor-module-accordion-item\"><div class=\"gutentor-module-accordion-panel g-a-panel-a69ef9\"><div tabindex=\"0\" class=\"gm-ah-a69ef9 gutentor-module-accordion-item-heading gutentor-module-icon-position-right\"><span class=\"gutentor-module-accordion-panel-handler\" role=\"button\"><span class=\"gutentor-module-accordion-panel-handler-label\">6. Colaboraci\u00f3n e Innovaci\u00f3n abierta<\/span><span class=\"gutentor-module-accordion-icon\"><i class=\"gm-aio-a69ef9 gutentor-module-accordion-icon-open fas fa-bars\"><\/i><i class=\"gm-aic-a69ef9 gutentor-module-accordion-icon-close fas fa-minus\"><\/i><\/span><\/span><\/div><div class=\"gm-ab-a69ef9 gutentor-module-accordion-body\">\n<section id=\"gm2721ccc\" class=\"wp-block-gutentor-m3 section-gm2721ccc gutentor-module gutentor-container-cover\"><div class=\"grid-container\">\n<p class=\"wp-block-paragraph\"><strong>La colaboraci\u00f3n e innovaci\u00f3n abierta<\/strong>&nbsp;es entendida como la interacci\u00f3n con la ciudadan\u00eda para la b\u00fasqueda de soluciones a problem\u00e1ticas p\u00fablicas con el conocimiento de los grupos de valor y as\u00ed resolver los desaf\u00edos de las entidades, de modo que se establezcan redes de cooperaci\u00f3n y sinergias que permitan comprender las problem\u00e1ticas o necesidades de una poblaci\u00f3n particular, abrir canales para recibir ideas y propuestas de soluci\u00f3n y lograr la selecci\u00f3n final de las m\u00e1s viables.*<\/p>\n\n\n\n<p class=\"wp-block-paragraph\"><strong><a href=\"https:\/\/www.funcionpublica.gov.co\/documents\/\">* Departamento Administrativo de la Funci\u00f3n P\u00fablica (2021). Lineamientos para publicar informaci\u00f3n en el men\u00fa participa sobre participaci\u00f3n ciudadana en la gesti\u00f3n p\u00fablica. Obtenido de: https:\/\/www.funcionpublica.gov.co\/documents\/<\/a><\/strong><\/p>\n<\/div><\/section>\n<\/div><\/div><\/div>\n<\/div><\/section>\n\n<\/div>\n<\/div>\n<\/section>","protected":false},"excerpt":{"rendered":"","protected":false},"author":1,"featured_media":0,"parent":0,"menu_order":0,"comment_status":"closed","ping_status":"closed","template":"","meta":{"_seopress_robots_primary_cat":"","_seopress_titles_title":"","_seopress_titles_desc":"","_seopress_robots_index":"","_crdt_document":"","ngg_post_thumbnail":0,"footnotes":""},"class_list":["post-2284","page","type-page","status-publish"],"_links":{"self":[{"href":"https:\/\/notariaprimerariohacha.com\/en\/wp-json\/wp\/v2\/pages\/2284","targetHints":{"allow":["GET"]}}],"collection":[{"href":"https:\/\/notariaprimerariohacha.com\/en\/wp-json\/wp\/v2\/pages"}],"about":[{"href":"https:\/\/notariaprimerariohacha.com\/en\/wp-json\/wp\/v2\/types\/page"}],"author":[{"embeddable":true,"href":"https:\/\/notariaprimerariohacha.com\/en\/wp-json\/wp\/v2\/users\/1"}],"replies":[{"embeddable":true,"href":"https:\/\/notariaprimerariohacha.com\/en\/wp-json\/wp\/v2\/comments?post=2284"}],"version-history":[{"count":0,"href":"https:\/\/notariaprimerariohacha.com\/en\/wp-json\/wp\/v2\/pages\/2284\/revisions"}],"wp:attachment":[{"href":"https:\/\/notariaprimerariohacha.com\/en\/wp-json\/wp\/v2\/media?parent=2284"}],"curies":[{"name":"wp","href":"https:\/\/api.w.org\/{rel}","templated":true}]}}