{"id":2241,"date":"2023-10-15T12:56:01","date_gmt":"2023-10-15T17:56:01","guid":{"rendered":"https:\/\/notariaprimerariohacha.com\/?page_id=2241"},"modified":"2023-11-22T16:38:32","modified_gmt":"2023-11-22T21:38:32","slug":"otros-de-grupos-de-interes","status":"publish","type":"page","link":"https:\/\/notariaprimerariohacha.com\/en\/otros-de-grupos-de-interes\/","title":{"rendered":"Otros grupos de inter\u00e9s"},"content":{"rendered":"<section class=\"gb-container gb-container-8ff305ca alignfull\">\n<section class=\"gb-container gb-container-bbb8861a alignfull\">\n\n<section id=\"gm3429584\" class=\"wp-block-gutentor-m2 section-gm3429584 gutentor-module gutentor-dynamic-columns\"><div class=\"grid-container gutentor-rm-ct-space\"><div class=\"grid-row\">\n<div id=\"col-gm7f05db\" class=\"wp-block-gutentor-m2-col col-gm7f05db gutentor-module gutentor-dynamic-single-column wow slideInUp grid-lg-12 grid-md-6 grid-12\" data-wow-animation=\"slideInUp\" data-wow-delay=\"0.1s\" data-wow-duration=\"1s\" data-wow-iteration=\"1\"><div id=\"section-gm7f05db\" class=\"section-gm7f05db gutentor-single-col has-color-bg has-custom-bg\">\n<section id=\"gm15f2dda\" class=\"wp-block-gutentor-m3 section-gm15f2dda gutentor-module gutentor-container-cover g-pos-r-desktop g-pos-r-tablet g-pos-r-mobile g-pos-custom-desktop g-pos-custom-tablet g-pos-custom-mobile\"><div class=\"grid-container gutentor-rm-ct-space\">\n<div id=\"section-g828f86\" class=\"wp-block-gutentor-e6 section-g828f86 gutentor-element gutentor-element-image text-align-center-desktop text-align-center-tablet text-align-center-mobile\"><div class=\"gutentor-element-image-box\"><div class=\"gutentor-image-thumb\"><img decoding=\"async\" class=\"normal-image\" src=\"https:\/\/notariaprimerariohacha.com\/wp-content\/uploads\/2023\/10\/diligencias-en-notarias-1.webp\"\/><\/div><\/div><\/div>\n\n\n\n<section id=\"gm0016c39\" class=\"wp-block-gutentor-m3 section-gm0016c39 gutentor-module gutentor-container-cover has-color-bg has-custom-bg g-pos-a-desktop g-pos-a-tablet g-pos-a-mobile g-pos-custom-desktop g-pos-custom-tablet g-pos-custom-mobile\"><div class=\"grid-container gutentor-rm-ct-space\">\n<div id=\"section-g38e604\" class=\"wp-block-gutentor-e0 section-g38e604 gutentor-element gutentor-element-advanced-text text-align-center-desktop text-align-center-tablet text-align-center-mobile\"><div class=\"gutentor-text-wrap\"><p class=\"gutentor-text\"><strong><a href=\"https:\/\/notariaprimerariohacha.com\/wp-content\/uploads\/2023\/10\/diligencias-notariales-1.pdf\" data-type=\"link\" data-id=\"https:\/\/notariaprimerariohacha.com\/wp-content\/uploads\/2023\/10\/diligencias-notariales-1.pdf\" target=\"_blank\" rel=\"noreferrer noopener\">Descargar Cartilla<\/a><\/strong><\/p><\/div><\/div>\n\n\n\n<p class=\"wp-block-paragraph\"><\/p>\n<\/div><\/section>\n<\/div><\/section>\n\n\n<div class=\"gb-container gb-container-f2587bd8\">\n\n<div id=\"section-g40153c\" class=\"wp-block-gutentor-e0 section-g40153c gutentor-element gutentor-element-advanced-text text-align-left-desktop text-align-left-tablet text-align-left-mobile\"><div class=\"gutentor-text-wrap\"><h3 class=\"gutentor-text\">Es de nuestro inter\u00e9s informar a la ciudadan\u00eda que contamos la Notar\u00eda Primera del C\u00edrculo de Riohacha&nbsp; ofrece a los usuarios unas instalaciones bien ubicadas, c\u00f3modas y de f\u00e1cil acceso. Tiene las adecuaciones necesidades para brindar atenci\u00f3n a las&nbsp;<strong>personas en condici\u00f3n de discapacidad<\/strong>, los&nbsp;<strong>adultos mayores<\/strong>, las&nbsp;<strong>mujeres embarazadas<\/strong>&nbsp;y&nbsp;<strong>personas con ni\u00f1os en brazos<\/strong>.<br>contamos con:<br>-Ventanilla de atenci\u00f3n preferencial: Este espacio se encuentra ubicado en la secci\u00f3n de autenticaciones, cuenta con excelentes condiciones de accesibilidad y est\u00e1 identificado con el aviso \u201cVENTANILLA PREFERENCIAL\u201d, donde se atiende de manera prioritaria a las personas en condici\u00f3n de discapacidad, a los adultos mayores, a las mujeres embarazadas o con ni\u00f1os en brazos.<br>-La Notar\u00eda Segunda , facilita el acceso de perros gu\u00eda, sillas de ruedas, bastones y dem\u00e1s elementos o ayudas necesarias, para las personas que presenten dificultad o limitaci\u00f3n de su movilidad y desplazamiento. Para ello cuenta con portones grandes en la entrada del edificio, que permite el f\u00e1cil ingreso de personas con alg\u00fan tipo de movilidad reducida y de personas en silla de ruedas.<br>-Para el p\u00fablico con discapacidad y en silla de ruedas, La Notar\u00eda Primera cuenta con un servicio sanitario amplio, que cumple con todas las especificaciones normativas para el ingreso, aproximaci\u00f3n frontal y lateral, barras de sujeci\u00f3n en acero inoxidable crom\u00e1tico, que brinda comodidad y seguridad a las personas en situaci\u00f3n de discapacidad.<br>-Al ingresar a la Notaria, y en cada uno de los puestos de atenci\u00f3n, contamos con avisos en alfabeto braille, con el fin de facilitar la comparecencia de personas con limitaci\u00f3n visual.<\/h3><\/div><\/div>\n\n\n\n<div id=\"section-g37fecf\" class=\"wp-block-gutentor-e0 section-g37fecf gutentor-element gutentor-element-advanced-text text-align-left-desktop text-align-left-tablet text-align-left-mobile\"><div class=\"gutentor-text-wrap\"><h3 class=\"gutentor-text\"><a href=\"https:\/\/notariaprimerariohacha.com\/wp-content\/uploads\/2023\/10\/15.-Protocolo-de-Atencion-Personas-con-Discapacidad-1.pdf\" data-type=\"link\" data-id=\"https:\/\/notariaprimerariohacha.com\/wp-content\/uploads\/2023\/10\/15.-Protocolo-de-Atencion-Personas-con-Discapacidad-1.pdf\" target=\"_blank\" rel=\"noreferrer noopener\">Protocolo de Atenci\u00f3n Personas con Discapacidad<\/a><\/h3><\/div><\/div>\n\n<\/div><\/div><\/div>\n<\/div><\/div><\/section>\n\n<\/section>\n<\/section>","protected":false},"excerpt":{"rendered":"","protected":false},"author":1,"featured_media":0,"parent":0,"menu_order":0,"comment_status":"closed","ping_status":"closed","template":"","meta":{"_seopress_robots_primary_cat":"","_seopress_titles_title":"","_seopress_titles_desc":"","_seopress_robots_index":"","_crdt_document":"","ngg_post_thumbnail":0,"footnotes":""},"class_list":["post-2241","page","type-page","status-publish"],"_links":{"self":[{"href":"https:\/\/notariaprimerariohacha.com\/en\/wp-json\/wp\/v2\/pages\/2241","targetHints":{"allow":["GET"]}}],"collection":[{"href":"https:\/\/notariaprimerariohacha.com\/en\/wp-json\/wp\/v2\/pages"}],"about":[{"href":"https:\/\/notariaprimerariohacha.com\/en\/wp-json\/wp\/v2\/types\/page"}],"author":[{"embeddable":true,"href":"https:\/\/notariaprimerariohacha.com\/en\/wp-json\/wp\/v2\/users\/1"}],"replies":[{"embeddable":true,"href":"https:\/\/notariaprimerariohacha.com\/en\/wp-json\/wp\/v2\/comments?post=2241"}],"version-history":[{"count":0,"href":"https:\/\/notariaprimerariohacha.com\/en\/wp-json\/wp\/v2\/pages\/2241\/revisions"}],"wp:attachment":[{"href":"https:\/\/notariaprimerariohacha.com\/en\/wp-json\/wp\/v2\/media?parent=2241"}],"curies":[{"name":"wp","href":"https:\/\/api.w.org\/{rel}","templated":true}]}}