{"id":2235,"date":"2023-10-15T12:32:16","date_gmt":"2023-10-15T17:32:16","guid":{"rendered":"https:\/\/notariaprimerariohacha.com\/?page_id=2235"},"modified":"2023-11-22T16:37:36","modified_gmt":"2023-11-22T21:37:36","slug":"informacion-para-mujeres","status":"publish","type":"page","link":"https:\/\/notariaprimerariohacha.com\/en\/informacion-para-mujeres\/","title":{"rendered":"Informaci\u00f3n para mujeres"},"content":{"rendered":"<section class=\"gb-container gb-container-8ff305ca alignfull\">\n<section class=\"gb-container gb-container-bbb8861a alignfull\">\n\n<section id=\"gmcd8d6f6\" class=\"wp-block-gutentor-m2 section-gmcd8d6f6 gutentor-module gutentor-dynamic-columns\"><div class=\"grid-container gutentor-rm-ct-space\"><div class=\"grid-row\">\n<div id=\"col-gm1b9bf2\" class=\"wp-block-gutentor-m2-col col-gm1b9bf2 gutentor-module gutentor-dynamic-single-column wow slideInUp grid-lg-12 grid-md-6 grid-12\" data-wow-animation=\"slideInUp\" data-wow-delay=\"0.1s\" data-wow-duration=\"1s\" data-wow-iteration=\"1\"><div id=\"section-gm1b9bf2\" class=\"section-gm1b9bf2 gutentor-single-col has-color-bg has-custom-bg\">\n<section id=\"gm9fef6f0\" class=\"wp-block-gutentor-m3 section-gm9fef6f0 gutentor-module gutentor-container-cover g-pos-r-desktop g-pos-r-tablet g-pos-r-mobile g-pos-custom-desktop g-pos-custom-tablet g-pos-custom-mobile\"><div class=\"grid-container gutentor-rm-ct-space\">\n<div id=\"section-ga2d808\" class=\"wp-block-gutentor-e6 section-ga2d808 gutentor-element gutentor-element-image text-align-center-desktop text-align-center-tablet text-align-center-mobile\"><div class=\"gutentor-element-image-box\"><div class=\"gutentor-image-thumb\"><img decoding=\"async\" class=\"normal-image\" src=\"https:\/\/notariaprimerariohacha.com\/wp-content\/uploads\/2023\/10\/woman-2303361_1920.webp\"\/><\/div><\/div><\/div>\n\n\n\n<section id=\"gmb16e1d7\" class=\"wp-block-gutentor-m3 section-gmb16e1d7 gutentor-module gutentor-container-cover has-color-bg has-custom-bg g-pos-a-desktop g-pos-a-tablet g-pos-a-mobile g-pos-custom-desktop g-pos-custom-tablet g-pos-custom-mobile\"><div class=\"grid-container gutentor-rm-ct-space\">\n<div id=\"section-g72ef1e\" class=\"wp-block-gutentor-e0 section-g72ef1e gutentor-element gutentor-element-advanced-text text-align-center-mobile\"><div class=\"gutentor-text-wrap\"><p class=\"gutentor-text\">En el decreto 19 del 2012, en el articulo 13 se establece que establece que se debe prestar atenci\u00f3n especial a infantes, mujeres gestantes, personas en situaci\u00f3n de discapacidad, adulto mayores y veteranos de la fuerza p\u00fablica, en todas las entidades del Estado o particulares que cumplan funciones administrativas.<br><\/p><\/div><\/div>\n\n\n\n<p class=\"wp-block-paragraph\"><\/p>\n<\/div><\/section>\n<\/div><\/section>\n\n\n\n<div id=\"section-g7280fa\" class=\"wp-block-gutentor-e0 section-g7280fa gutentor-element gutentor-element-advanced-text text-align-center-mobile\"><div class=\"gutentor-text-wrap\"><h3 class=\"gutentor-text\"><strong><a href=\"https:\/\/www.funcionpublica.gov.co\/eva\/gestornormativo\/norma.php?i=45322\" target=\"_blank\" rel=\"noreferrer noopener\">Decreto 19 de 2012<\/a><\/strong><\/h3><\/div><\/div>\n<\/div><\/div>\n<\/div><\/div><\/section>\n\n<\/section>\n<\/section>","protected":false},"excerpt":{"rendered":"","protected":false},"author":1,"featured_media":0,"parent":0,"menu_order":0,"comment_status":"closed","ping_status":"closed","template":"","meta":{"_seopress_robots_primary_cat":"","_seopress_titles_title":"","_seopress_titles_desc":"","_seopress_robots_index":"","_crdt_document":"","ngg_post_thumbnail":0,"footnotes":""},"class_list":["post-2235","page","type-page","status-publish"],"_links":{"self":[{"href":"https:\/\/notariaprimerariohacha.com\/en\/wp-json\/wp\/v2\/pages\/2235","targetHints":{"allow":["GET"]}}],"collection":[{"href":"https:\/\/notariaprimerariohacha.com\/en\/wp-json\/wp\/v2\/pages"}],"about":[{"href":"https:\/\/notariaprimerariohacha.com\/en\/wp-json\/wp\/v2\/types\/page"}],"author":[{"embeddable":true,"href":"https:\/\/notariaprimerariohacha.com\/en\/wp-json\/wp\/v2\/users\/1"}],"replies":[{"embeddable":true,"href":"https:\/\/notariaprimerariohacha.com\/en\/wp-json\/wp\/v2\/comments?post=2235"}],"version-history":[{"count":0,"href":"https:\/\/notariaprimerariohacha.com\/en\/wp-json\/wp\/v2\/pages\/2235\/revisions"}],"wp:attachment":[{"href":"https:\/\/notariaprimerariohacha.com\/en\/wp-json\/wp\/v2\/media?parent=2235"}],"curies":[{"name":"wp","href":"https:\/\/api.w.org\/{rel}","templated":true}]}}