{"id":2224,"date":"2023-10-15T12:18:19","date_gmt":"2023-10-15T17:18:19","guid":{"rendered":"https:\/\/notariaprimerariohacha.com\/?page_id=2224"},"modified":"2023-11-22T16:36:51","modified_gmt":"2023-11-22T21:36:51","slug":"informacion-para-ninos-ninas-y-adolescentes","status":"publish","type":"page","link":"https:\/\/notariaprimerariohacha.com\/en\/informacion-para-ninos-ninas-y-adolescentes\/","title":{"rendered":"Informaci\u00f3n para ni\u00f1os, ni\u00f1as y adolescentes"},"content":{"rendered":"<section class=\"gb-container gb-container-8ff305ca alignfull\">\n<section class=\"gb-container gb-container-bbb8861a alignfull\">\n\n<section id=\"gmc4dcfd9\" class=\"wp-block-gutentor-m2 section-gmc4dcfd9 gutentor-module gutentor-dynamic-columns\"><div class=\"grid-container gutentor-rm-ct-space\"><div class=\"grid-row\">\n<div id=\"col-gm85d607\" class=\"wp-block-gutentor-m2-col col-gm85d607 gutentor-module gutentor-dynamic-single-column wow slideInUp grid-lg-12 grid-md-6 grid-12\" data-wow-animation=\"slideInUp\" data-wow-delay=\"0.1s\" data-wow-duration=\"1s\" data-wow-iteration=\"1\"><div id=\"section-gm85d607\" class=\"section-gm85d607 gutentor-single-col has-color-bg has-custom-bg\">\n<section id=\"gmd097e53\" class=\"wp-block-gutentor-m3 section-gmd097e53 gutentor-module gutentor-container-cover g-pos-r-desktop g-pos-r-tablet g-pos-r-mobile g-pos-custom-desktop g-pos-custom-tablet g-pos-custom-mobile\"><div class=\"grid-container gutentor-rm-ct-space\">\n<div id=\"section-gd550fb\" class=\"wp-block-gutentor-e6 section-gd550fb gutentor-element gutentor-element-image text-align-center-desktop text-align-center-tablet text-align-center-mobile\"><div class=\"gutentor-element-image-box\"><div class=\"gutentor-image-thumb\"><img decoding=\"async\" class=\"normal-image\" src=\"https:\/\/notariaprimerariohacha.com\/wp-content\/uploads\/2023\/10\/cartilla-portada.webp\"\/><\/div><\/div><\/div>\n\n\n\n<section id=\"gm75b6210\" class=\"wp-block-gutentor-m3 section-gm75b6210 gutentor-module gutentor-container-cover has-color-bg has-custom-bg g-pos-a-desktop g-pos-a-tablet g-pos-a-mobile g-pos-custom-desktop g-pos-custom-tablet g-pos-custom-mobile\"><div class=\"grid-container gutentor-rm-ct-space\">\n<div id=\"section-ge642b1\" class=\"wp-block-gutentor-e0 section-ge642b1 gutentor-element gutentor-element-advanced-text text-align-center-mobile\"><div class=\"gutentor-text-wrap\"><p class=\"gutentor-text\">CARTILLA NI\u00d1OS<\/p><\/div><\/div>\n\n\n\n<p class=\"wp-block-paragraph\"><\/p>\n<\/div><\/section>\n<\/div><\/section>\n\n\n\n<div id=\"section-g735a76\" class=\"wp-block-gutentor-e0 section-g735a76 gutentor-element gutentor-element-advanced-text text-align-center-mobile\"><div class=\"gutentor-text-wrap\"><h3 class=\"gutentor-text\"><a href=\"https:\/\/notariaprimerariohacha.com\/wp-content\/uploads\/2023\/10\/CARTILLA-NINOS-riohacha.pdf\" data-type=\"link\" data-id=\"https:\/\/notariaprimerariohacha.com\/wp-content\/uploads\/2023\/10\/CARTILLA-NINOS-riohacha.pdf\" target=\"_blank\" rel=\"noreferrer noopener\">Descargar<\/a><\/h3><\/div><\/div>\n<\/div><\/div>\n<\/div><\/div><\/section>\n\n<\/section>\n<\/section>","protected":false},"excerpt":{"rendered":"","protected":false},"author":1,"featured_media":0,"parent":0,"menu_order":0,"comment_status":"closed","ping_status":"closed","template":"","meta":{"_seopress_robots_primary_cat":"","_seopress_titles_title":"","_seopress_titles_desc":"","_seopress_robots_index":"","_crdt_document":"","ngg_post_thumbnail":0,"footnotes":""},"class_list":["post-2224","page","type-page","status-publish"],"_links":{"self":[{"href":"https:\/\/notariaprimerariohacha.com\/en\/wp-json\/wp\/v2\/pages\/2224","targetHints":{"allow":["GET"]}}],"collection":[{"href":"https:\/\/notariaprimerariohacha.com\/en\/wp-json\/wp\/v2\/pages"}],"about":[{"href":"https:\/\/notariaprimerariohacha.com\/en\/wp-json\/wp\/v2\/types\/page"}],"author":[{"embeddable":true,"href":"https:\/\/notariaprimerariohacha.com\/en\/wp-json\/wp\/v2\/users\/1"}],"replies":[{"embeddable":true,"href":"https:\/\/notariaprimerariohacha.com\/en\/wp-json\/wp\/v2\/comments?post=2224"}],"version-history":[{"count":0,"href":"https:\/\/notariaprimerariohacha.com\/en\/wp-json\/wp\/v2\/pages\/2224\/revisions"}],"wp:attachment":[{"href":"https:\/\/notariaprimerariohacha.com\/en\/wp-json\/wp\/v2\/media?parent=2224"}],"curies":[{"name":"wp","href":"https:\/\/api.w.org\/{rel}","templated":true}]}}