{"id":2211,"date":"2023-10-15T11:20:02","date_gmt":"2023-10-15T16:20:02","guid":{"rendered":"https:\/\/notariaprimerariohacha.com\/?page_id=2211"},"modified":"2023-11-22T16:36:18","modified_gmt":"2023-11-22T21:36:18","slug":"programa-de-gestion-documental","status":"publish","type":"page","link":"https:\/\/notariaprimerariohacha.com\/en\/programa-de-gestion-documental\/","title":{"rendered":"Programa de gesti\u00f3n documental"},"content":{"rendered":"<section class=\"gb-container gb-container-8ff305ca alignfull\">\n<section class=\"gb-container gb-container-bbb8861a alignfull\" id=\"procedimientos\">\n\n<section id=\"gmafbc9d3\" class=\"wp-block-gutentor-m2 section-gmafbc9d3 gutentor-module gutentor-dynamic-columns\"><div class=\"grid-container\"><div class=\"grid-row\">\n<div id=\"col-gm38b542\" class=\"wp-block-gutentor-m2-col col-gm38b542 gutentor-module gutentor-dynamic-single-column grid-lg-12 grid-md-4 grid-12 g-single-column-link-enabled\"><div id=\"section-gm38b542\" class=\"section-gm38b542 gutentor-single-col\">\n<div id=\"section-g754d2d\" class=\"wp-block-gutentor-e5 section-g754d2d gutentor-element gutentor-element-icon gutentor-icon-circle-border gutentor-enabled-width text-align-center-mobile\"><div class=\"gutentor-element-icon-box\"><i class=\"far fa-file-pdf\"><\/i><\/div><\/div>\n\n\n\n<div id=\"section-g3fc5a0\" class=\"wp-block-gutentor-e0 section-g3fc5a0 gutentor-element gutentor-element-advanced-text text-align-center-mobile\"><div class=\"gutentor-text-wrap\"><h4 class=\"gutentor-text\"><a href=\"https:\/\/notariaprimerariohacha.com\/wp-content\/uploads\/2023\/10\/Programa-de-gestion-documental.pdf\" data-type=\"link\" data-id=\"https:\/\/notariaprimerariohacha.com\/wp-content\/uploads\/2023\/10\/Programa-de-gestion-documental.pdf\">Programa de Gesti\u00f3n Documental<\/a><\/h4><\/div><\/div>\n\n\n\n<div id=\"section-g27f640\" class=\"wp-block-gutentor-e0 section-g27f640 gutentor-element gutentor-element-advanced-text text-align-center-mobile\"><div class=\"gutentor-text-wrap\"><p class=\"gutentor-text\">Programa que contiene los est\u00e1ndares tendientes a la planificaci\u00f3n, manejo y organizaci\u00f3n de la documentaci\u00f3n, en las etapas de su ciclo vital con el fin de preservar y conservar el soporte f\u00edsico, a trav\u00e9s de la construcci\u00f3n del programa de gesti\u00f3n documental<\/p><\/div><\/div>\n<\/div><a class=\"gutentor-link\" href=\"https:\/\/notariaprimerariohacha.com\/wp-content\/uploads\/2023\/10\/circular-352-20220503143753.pdf\" target=\"_blank\" rel=\"noopener noreferrer\"><\/a><\/div>\n<\/div><\/div><\/section>\n\n<\/section>\n<\/section>","protected":false},"excerpt":{"rendered":"","protected":false},"author":1,"featured_media":0,"parent":0,"menu_order":0,"comment_status":"closed","ping_status":"closed","template":"","meta":{"_seopress_robots_primary_cat":"","_seopress_titles_title":"","_seopress_titles_desc":"","_seopress_robots_index":"","_crdt_document":"","ngg_post_thumbnail":0,"footnotes":""},"class_list":["post-2211","page","type-page","status-publish"],"_links":{"self":[{"href":"https:\/\/notariaprimerariohacha.com\/en\/wp-json\/wp\/v2\/pages\/2211","targetHints":{"allow":["GET"]}}],"collection":[{"href":"https:\/\/notariaprimerariohacha.com\/en\/wp-json\/wp\/v2\/pages"}],"about":[{"href":"https:\/\/notariaprimerariohacha.com\/en\/wp-json\/wp\/v2\/types\/page"}],"author":[{"embeddable":true,"href":"https:\/\/notariaprimerariohacha.com\/en\/wp-json\/wp\/v2\/users\/1"}],"replies":[{"embeddable":true,"href":"https:\/\/notariaprimerariohacha.com\/en\/wp-json\/wp\/v2\/comments?post=2211"}],"version-history":[{"count":0,"href":"https:\/\/notariaprimerariohacha.com\/en\/wp-json\/wp\/v2\/pages\/2211\/revisions"}],"wp:attachment":[{"href":"https:\/\/notariaprimerariohacha.com\/en\/wp-json\/wp\/v2\/media?parent=2211"}],"curies":[{"name":"wp","href":"https:\/\/api.w.org\/{rel}","templated":true}]}}