{"id":2157,"date":"2023-10-14T16:01:37","date_gmt":"2023-10-14T21:01:37","guid":{"rendered":"https:\/\/notariaprimerariohacha.com\/?page_id=2157"},"modified":"2023-11-22T16:26:26","modified_gmt":"2023-11-22T21:26:26","slug":"entes-y-autoridades-que-lo-vigilan","status":"publish","type":"page","link":"https:\/\/notariaprimerariohacha.com\/en\/entes-y-autoridades-que-lo-vigilan\/","title":{"rendered":"Entes y autoridades que lo vigilan"},"content":{"rendered":"<div class=\"gb-container gb-container-03f3c274\">\n<section class=\"gb-container gb-container-74ec9148 alignfull\" id=\"vigilado\">\n<div class=\"gb-container gb-container-f695e23e\">\n<div class=\"gb-container gb-container-87679193\">\n\n<h2 class=\"gb-headline gb-headline-f4ed54c3 gb-headline-text\"><strong>Superintendencia de Notariado y Registro<\/strong><\/h2>\n\n\n\n<h2 class=\"gb-headline gb-headline-2710ddec gb-headline-text\"><strong>En el Art\u00edculo 4 del Decreto 2723 de 2014, \u201c<em>Por el cual se modifica la estructura de la Superintendencia de Notariado y Registro\u201d<\/em>&nbsp;se dispone que:<\/strong><\/h2>\n\n\n\n<div id=\"section-gc27ee9\" class=\"wp-block-gutentor-e1 section-gc27ee9 gutentor-element gutentor-element-advanced-text\"><div class=\"gutentor-text-wrap\"><p class=\"gutentor-text\"><em>La Superintendencia de Notariado y Registro tendr\u00e1 como objetivo la orientaci\u00f3n, inspecci\u00f3n, vigilancia y&nbsp;<strong>control de los servicios p\u00fablicos que prestan los Notarios<\/strong>&nbsp;y los Registradores de Instrumentos P\u00fablicos, la organizaci\u00f3n, administraci\u00f3n, sostenimiento, vigilancia y control de las Oficinas de Registro de Instrumentos P\u00fablicos, con el fin de garantizar la guarda de la fe p\u00fablica, la seguridad jur\u00eddica y administraci\u00f3n del servicio p\u00fablico registral inmobiliario, para que estos servicios se desarrollen conforme a la ley y bajo los principios de eficiencia, eficacia y efectividad.<\/em><\/p><\/div><\/div>\n\n\n\n<section id=\"section-8fba87bc-5b3e-496e-ad53-419787a5a418\" class=\"wp-block-gutentor-image-box gutentor-section gutentor-image-wrapper imagebox-template1 has-color-bg has-custom-bg\"><div class=\"grid-container\"><div class=\"grid-row gutentor-grid-item-wrap\"><div class=\"gutentor-grid-column grid-lg-12 grid-md-2m3 grid-6\"><div class=\"gutentor-single-item gutentor-image gutentor-single-item-0 g-single-column-link-enabled\"><div class=\"gutentor-single-item-wrap\"><div class=\"gutentor-single-item-image-box\"><div class=\"gutentor-image-thumb\"><img loading=\"lazy\" decoding=\"async\" class=\"normal-image\" src=\"https:\/\/notariaprimerariohacha.com\/wp-content\/uploads\/2023\/10\/image-1.png\" alt=\"\" height=\"167\" width=\"301\"\/><\/div><\/div><div class=\"gutentor-single-item-content\"><h3 class=\"gutentor-single-item-title\"><strong>Sede Principal y Atenci\u00f3n al Ciudadano<\/strong><\/h3><p class=\"gutentor-single-item-desc\">Calle 26 No. 13-49 Interior 201, Bogot\u00e1 D.C. Colombia.<br>C\u00f3digo postal : # 110311 \u2013 110311000<br>Nit: 899.999.007-0<br>Horario de Atenci\u00f3n : 08:00 a.m a 05:00 p.m.<br>Telefono \u2013 Conmutador : 57+(1) 328 2121<br>Conmutador Atenci\u00f3n al Ciudadano : 57+(601) 328 2121<br>Correo Institucional :<a href=\"mailto:correspondencia@supernotariado.gov.co\">\u00a0correspondencia@supernotariado.gov.co<\/a><br>Sitio Web :\u00a0\u00a0<a href=\"https:\/\/www.supernotariado.gov.co\/\">https:\/\/www.supernotariado.gov.co\/<\/a><\/p><\/div><\/div><a class=\"gutentor-single-item-box-link gutentor-link\" href=\"https:\/\/www.ucnc.com.co\/sitio\/\" target=\"_blank\" rel=\"noopener noreferrer\"><\/a><\/div><\/div><\/div><\/div><\/section>\n\n<\/div>\n<\/div>\n<\/section>\n<\/div>","protected":false},"excerpt":{"rendered":"<p>Superintendencia de Notariado y Registro En el Art\u00edculo 4 del Decreto 2723 de 2014, \u201cPor el cual se modifica la estructura de la Superintendencia de &#8230; <a title=\"Entes y autoridades que lo vigilan\" class=\"read-more\" href=\"https:\/\/notariaprimerariohacha.com\/en\/entes-y-autoridades-que-lo-vigilan\/\" aria-label=\"More on Entes y autoridades que lo vigilan\">Read more<\/a><\/p>","protected":false},"author":1,"featured_media":0,"parent":0,"menu_order":0,"comment_status":"closed","ping_status":"closed","template":"","meta":{"_seopress_robots_primary_cat":"","_seopress_titles_title":"","_seopress_titles_desc":"","_seopress_robots_index":"","_crdt_document":"","ngg_post_thumbnail":0,"footnotes":""},"class_list":["post-2157","page","type-page","status-publish"],"_links":{"self":[{"href":"https:\/\/notariaprimerariohacha.com\/en\/wp-json\/wp\/v2\/pages\/2157","targetHints":{"allow":["GET"]}}],"collection":[{"href":"https:\/\/notariaprimerariohacha.com\/en\/wp-json\/wp\/v2\/pages"}],"about":[{"href":"https:\/\/notariaprimerariohacha.com\/en\/wp-json\/wp\/v2\/types\/page"}],"author":[{"embeddable":true,"href":"https:\/\/notariaprimerariohacha.com\/en\/wp-json\/wp\/v2\/users\/1"}],"replies":[{"embeddable":true,"href":"https:\/\/notariaprimerariohacha.com\/en\/wp-json\/wp\/v2\/comments?post=2157"}],"version-history":[{"count":0,"href":"https:\/\/notariaprimerariohacha.com\/en\/wp-json\/wp\/v2\/pages\/2157\/revisions"}],"wp:attachment":[{"href":"https:\/\/notariaprimerariohacha.com\/en\/wp-json\/wp\/v2\/media?parent=2157"}],"curies":[{"name":"wp","href":"https:\/\/api.w.org\/{rel}","templated":true}]}}