{"id":2128,"date":"2023-10-08T12:10:12","date_gmt":"2023-10-08T17:10:12","guid":{"rendered":"https:\/\/notariaprimerariohacha.com\/?page_id=2128"},"modified":"2023-11-22T16:16:41","modified_gmt":"2023-11-22T21:16:41","slug":"pqrsd","status":"publish","type":"page","link":"https:\/\/notariaprimerariohacha.com\/en\/pqrsd\/","title":{"rendered":"Peticiones, quejas, reclamos, sugerencias y denuncias (PQRSD)"},"content":{"rendered":"<section class=\"gb-container gb-container-492bcdfa\" id=\"pqrsd\">\n\n<section id=\"section-a29ce0ab-7aab-41f5-9131-35f718f30baf\" class=\"wp-block-gutentor-advanced-columns gutentor-section gutentor-advanced-columns\"><div class=\"grid-container\"><div class=\"grid-row\">\n<section id=\"section-4eb27c7f-142b-48e9-b1f1-846bf7fee067\" class=\"wp-block-gutentor-single-column gutentor-single-column  grid-lg-4 grid-md-12 grid-12\">\n<section id=\"section-6ba23e9d-6118-4670-ab5c-8bbb59addc3f\" class=\"wp-block-gutentor-icon-box gutentor-section gutentor-icon-wrapper icon-template1 text-left\"><div class=\"grid-container gutentor-rm-ct-space\"><div class=\"grid-row gutentor-grid-item-wrap\"><div class=\"gutentor-grid-column grid-lg-12 grid-md-6 grid-12\"><div class=\"gutentor-single-item gutentor-icon gutentor-single-item-0\"><div class=\"gutentor-single-item-wrap\"><div class=\"gutentor-single-item-icon-box\"><i class=\"far fa-map\"><\/i><\/div><div class=\"gutentor-single-item-content\"><h4 class=\"gutentor-single-item-title\">Direcci\u00f3n:<\/h4><p class=\"gutentor-single-item-desc\">Calle 3 No. 6-28, Colombia. Riohacha <\/p><\/div><\/div><\/div><\/div><div class=\"gutentor-grid-column grid-lg-12 grid-md-6 grid-12\"><div class=\"gutentor-single-item gutentor-icon gutentor-single-item-1\"><div class=\"gutentor-single-item-wrap\"><div class=\"gutentor-single-item-icon-box\"><i class=\"fas fa-mobile-alt\"><\/i><\/div><div class=\"gutentor-single-item-content\"><h4 class=\"gutentor-single-item-title\">Tel\u00e9fono:<\/h4><p class=\"gutentor-single-item-desc\"><a href=\"tel:+576057273644\" data-type=\"tel\" data-id=\"tel:+576057273644\"> +57 605 727 3644<\/a><\/p><\/div><\/div><\/div><\/div><div class=\"gutentor-grid-column grid-lg-12 grid-md-6 grid-12\"><div class=\"gutentor-single-item gutentor-icon gutentor-single-item-2\"><div class=\"gutentor-single-item-wrap\"><div class=\"gutentor-single-item-icon-box\"><i class=\"far fa-envelope\"><\/i><\/div><div class=\"gutentor-single-item-content\"><h4 class=\"gutentor-single-item-title\">E-mail:<\/h4><p class=\"gutentor-single-item-desc\"><a href=\"mailto:Primerariohacha@supernotariado.gov.co\">Primerariohacha@supernotariado.gov.co<\/a><br><br><a href=\"mailto:Notariaprimerariohacha@hotmail.com\">Notariaprimerariohacha@hotmail.com<\/a><\/p><\/div><\/div><\/div><\/div><\/div><\/div><\/section>\n<\/section>\n\n\n\n<section id=\"section-0d9eed21-90e4-4e55-ae5f-207997db5645\" class=\"wp-block-gutentor-single-column gutentor-single-column  grid-lg-8 grid-md-12 grid-12\">\n<section id=\"section-aec00455-429e-4557-8aed-a4408e63a850\" class=\"wp-block-gutentor-content-box gutentor-section gutentor-content-box-wrapper content-template1 text-left\"><div class=\"grid-container gutentor-rm-ct-space\"><div class=\"grid-row gutentor-grid-item-wrap\"><div class=\"gutentor-grid-column grid-lg-12 grid-md-12 grid-12\"><div class=\"gutentor-single-item gutentor-single-item-0\"><div class=\"gutentor-single-item-wrap\"><div class=\"gutentor-single-item-content\"><h3 class=\"gutentor-single-item-title\">Escr\u00edbanos<\/h3><p class=\"gutentor-single-item-desc\">Nos comunicaremos con usted en el menor tiempo posible.<\/p><\/div><\/div><\/div><\/div><\/div><\/div><\/section>\n\n\n\n<div id=\"section-0cc96aeb-53ab-43e4-a96e-9ad29eb3cd21\" class=\"wp-block-gutentor-advanced-columns gutentor-section gutentor-advanced-columns gutentor-no-gap-desktop gutentor-no-gap-tablet gutentor-no-gap-mobile text-left\"><div class=\"grid-container\"><div class=\"grid-row\">\n<div id=\"section-d8322c14-974e-4d76-b03b-e246575ca6ef\" class=\"wp-block-gutentor-single-column gutentor-single-column  grid-lg-12 grid-md-12 grid-12\">\n\n<div class=\"wpcf7 no-js\" id=\"wpcf7-f2131-o1\" lang=\"es-ES\" dir=\"ltr\" data-wpcf7-id=\"2131\">\n<div class=\"screen-reader-response\"><p role=\"status\" aria-live=\"polite\" aria-atomic=\"true\"><\/p> <ul><\/ul><\/div>\n<form action=\"\/en\/wp-json\/wp\/v2\/pages\/2128#wpcf7-f2131-o1\" method=\"post\" class=\"wpcf7-form init\" aria-label=\"Formulario de contacto\" novalidate=\"novalidate\" data-status=\"init\" data-trp-original-action=\"\/en\/wp-json\/wp\/v2\/pages\/2128#wpcf7-f2131-o1\">\n<fieldset class=\"hidden-fields-container\"><input type=\"hidden\" name=\"_wpcf7\" value=\"2131\" \/><input type=\"hidden\" name=\"_wpcf7_version\" value=\"6.1.5\" \/><input type=\"hidden\" name=\"_wpcf7_locale\" value=\"es_ES\" \/><input type=\"hidden\" name=\"_wpcf7_unit_tag\" value=\"wpcf7-f2131-o1\" \/><input type=\"hidden\" name=\"_wpcf7_container_post\" value=\"0\" \/><input type=\"hidden\" name=\"_wpcf7_posted_data_hash\" value=\"\" \/>\n<\/fieldset>\n<p><label> Tipo de recurso a presentar *<br \/>\n<span class=\"wpcf7-form-control-wrap\" data-name=\"tipo\"><select class=\"wpcf7-form-control wpcf7-select wpcf7-validates-as-required\" aria-required=\"true\" aria-invalid=\"false\" name=\"tipo\"><option value=\"\">&#8212;Por favor, elige una opci\u00f3n&#8212;<\/option><option value=\"Petici\u00f3n\">Petici\u00f3n<\/option><option value=\"Queja\">Queja<\/option><option value=\"Reclamo\">Reclamo<\/option><option value=\"Solicitud de informaci\u00f3n\">Solicitud de informaci\u00f3n<\/option><option value=\"Denuncia\">Denuncia<\/option><option value=\"Sugerencia\/Propuesta\">Sugerencia\/Propuesta<\/option><option value=\"Felicitaci\u00f3n\">Felicitaci\u00f3n<\/option><option value=\"Agendamiento de cita\">Agendamiento de cita<\/option><\/select><\/span><br \/>\n<\/label>\n<\/p>\n<p><label> Nombres y apellidos o raz\u00f3n social (En blanco si desea que sea an\u00f3nima)<br \/>\n<span class=\"wpcf7-form-control-wrap\" data-name=\"nombre\"><input size=\"40\" maxlength=\"400\" class=\"wpcf7-form-control wpcf7-text\" aria-invalid=\"false\" value=\"\" type=\"text\" name=\"nombre\" \/><\/span><br \/>\n<\/label>\n<\/p>\n<p><label>Tipo de documento de identidad o de la empresa<br \/>\n<span class=\"wpcf7-form-control-wrap\" data-name=\"tipocedula\"><select class=\"wpcf7-form-control wpcf7-select\" aria-invalid=\"false\" name=\"tipocedula\"><option value=\"C\u00e9dula de ciudadan\u00eda\">C\u00e9dula de ciudadan\u00eda<\/option><option value=\"NUIP -N\u00famero \u00danico de Identificaci\u00f3n Personal\">NUIP -N\u00famero \u00danico de Identificaci\u00f3n Personal<\/option><option value=\"C\u00e9dula de Extranjer\u00eda\">C\u00e9dula de Extranjer\u00eda<\/option><option value=\"NIT -N\u00famero de Identificaci\u00f3n Tributaria\">NIT -N\u00famero de Identificaci\u00f3n Tributaria<\/option><option value=\"Pasaporte\">Pasaporte<\/option><\/select><\/span><br \/>\n<\/label>\n<\/p>\n<p><label> N\u00famero de documento de identidad o NIT de la empresa (En blanco si desea que sea an\u00f3nima)<br \/>\n<span class=\"wpcf7-form-control-wrap\" data-name=\"cedula\"><input class=\"wpcf7-form-control wpcf7-number wpcf7-validates-as-number\" aria-invalid=\"false\" value=\"\" type=\"number\" name=\"cedula\" \/><\/span><br \/>\n<\/label>\n<\/p>\n<p><label> Modalidad de recepci\u00f3n de la respuesta *<\/label><br \/>\n<span class=\"wpcf7-form-control-wrap\" data-name=\"modalidad\"><span class=\"wpcf7-form-control wpcf7-radio\"><span class=\"wpcf7-list-item first\"><label><input type=\"radio\" name=\"modalidad\" value=\"Correo electr\u00f3nico\" checked=\"checked\" \/><span class=\"wpcf7-list-item-label\">Correo electr\u00f3nico<\/span><\/label><\/span><span class=\"wpcf7-list-item last\"><label><input type=\"radio\" name=\"modalidad\" value=\"Direcci\u00f3n de correspondencia\" \/><span class=\"wpcf7-list-item-label\">Direcci\u00f3n de correspondencia<\/span><\/label><\/span><\/span><\/span>\n<\/p>\n<p><label> Tu correo electr\u00f3nico<br \/>\n<span class=\"wpcf7-form-control-wrap\" data-name=\"your-email\"><input size=\"40\" maxlength=\"400\" class=\"wpcf7-form-control wpcf7-email wpcf7-validates-as-required wpcf7-text wpcf7-validates-as-email\" aria-required=\"true\" aria-invalid=\"false\" value=\"\" type=\"email\" name=\"your-email\" \/><\/span><br \/>\n<\/label>\n<\/p>\n<p><label> Direcci\u00f3n de correspondencia (Direcci\u00f3n, barrio\/vereda\/corregimiento, municipio\/distrito, pa\u00eds) (En blanco si desea que sea an\u00f3nima)<br \/>\n<span class=\"wpcf7-form-control-wrap\" data-name=\"direccion\"><input size=\"40\" maxlength=\"400\" class=\"wpcf7-form-control wpcf7-text\" aria-invalid=\"false\" value=\"\" type=\"text\" name=\"direccion\" \/><\/span><br \/>\n<\/label>\n<\/p>\n<p><label> N\u00famero de contacto (En blanco si desea que sea an\u00f3nima)<br \/>\n<span class=\"wpcf7-form-control-wrap\" data-name=\"telefono\"><input size=\"40\" maxlength=\"400\" class=\"wpcf7-form-control wpcf7-tel wpcf7-text wpcf7-validates-as-tel\" aria-invalid=\"false\" value=\"\" type=\"tel\" name=\"telefono\" \/><\/span><br \/>\n<\/label>\n<\/p>\n<p><label>Objeto de la PQRSD *<br \/>\n<span class=\"wpcf7-form-control-wrap\" data-name=\"objeto\"><input size=\"40\" maxlength=\"400\" class=\"wpcf7-form-control wpcf7-text wpcf7-validates-as-required\" aria-required=\"true\" aria-invalid=\"false\" value=\"\" type=\"text\" name=\"objeto\" \/><\/span><br \/>\n<\/label>\n<\/p>\n<p><label> Mensaje *<br \/>\n<span class=\"wpcf7-form-control-wrap\" data-name=\"mensaje\"><textarea cols=\"40\" rows=\"10\" maxlength=\"2000\" class=\"wpcf7-form-control wpcf7-textarea wpcf7-validates-as-required\" aria-required=\"true\" aria-invalid=\"false\" name=\"mensaje\"><\/textarea><\/span><br \/>\n<\/label>\n<\/p>\n<p><input class=\"wpcf7-form-control wpcf7-submit has-spinner\" type=\"submit\" value=\"Enviar\" \/>\n<\/p>\n<p><label><br \/>\nAl hacer clic el bot\u00f3n enviar, usted acepta la remisi\u00f3n de la PQRS a la entidad Notar\u00eda Primera de Riohacha. Sus datos ser\u00e1n recolectados y tratados conforme con la Pol\u00edtica de Tratamiento de Datos.<br \/>\nEn caso que la solicitud de informaci\u00f3n sea de naturaleza de identidad reservada, deber\u00e1 efectuar el respectivo tr\u00e1mite ante la Procuradur\u00eda General de la Naci\u00f3n, haciendo clic en el siguiente link: Procuradur\u00eda General de la Naci\u00f3n \u2013 Solicitud de informaci\u00f3n con identificaci\u00f3n reservada (procuraduria.gov.co). Se deber\u00e1 indicar los t\u00e9rminos que aplican en la presentaci\u00f3n de quejas an\u00f3nimas, para lo cual, se deben indicar las condiciones para aceptarlas conforme con la siguiente normativa: art\u00edculo 38 de la Ley 190 de 1995; art\u00edculo 69; de la Ley 734 de 2002 y art\u00edculo 81 de la Ley 962 de 2005<br \/>\n<\/label>\n<\/p><div class=\"wpcf7-response-output\" aria-hidden=\"true\"><\/div>\n<input type=\"hidden\" name=\"trp-form-language\" value=\"en\"\/><\/form>\n<\/div>\n\n<\/div>\n<\/div><\/div><\/div>\n<\/section>\n<\/div><\/div><\/section>\n\n<\/section>","protected":false},"excerpt":{"rendered":"","protected":false},"author":1,"featured_media":0,"parent":0,"menu_order":0,"comment_status":"closed","ping_status":"closed","template":"","meta":{"_seopress_robots_primary_cat":"","_seopress_titles_title":"","_seopress_titles_desc":"","_seopress_robots_index":"","_crdt_document":"","ngg_post_thumbnail":0,"footnotes":""},"class_list":["post-2128","page","type-page","status-publish"],"_links":{"self":[{"href":"https:\/\/notariaprimerariohacha.com\/en\/wp-json\/wp\/v2\/pages\/2128","targetHints":{"allow":["GET"]}}],"collection":[{"href":"https:\/\/notariaprimerariohacha.com\/en\/wp-json\/wp\/v2\/pages"}],"about":[{"href":"https:\/\/notariaprimerariohacha.com\/en\/wp-json\/wp\/v2\/types\/page"}],"author":[{"embeddable":true,"href":"https:\/\/notariaprimerariohacha.com\/en\/wp-json\/wp\/v2\/users\/1"}],"replies":[{"embeddable":true,"href":"https:\/\/notariaprimerariohacha.com\/en\/wp-json\/wp\/v2\/comments?post=2128"}],"version-history":[{"count":0,"href":"https:\/\/notariaprimerariohacha.com\/en\/wp-json\/wp\/v2\/pages\/2128\/revisions"}],"wp:attachment":[{"href":"https:\/\/notariaprimerariohacha.com\/en\/wp-json\/wp\/v2\/media?parent=2128"}],"curies":[{"name":"wp","href":"https:\/\/api.w.org\/{rel}","templated":true}]}}