{"id":2042,"date":"2023-10-03T20:58:44","date_gmt":"2023-10-04T01:58:44","guid":{"rendered":"https:\/\/notariaprimerariohacha.com\/?page_id=2042"},"modified":"2023-11-22T16:14:43","modified_gmt":"2023-11-22T21:14:43","slug":"directorio-de-agremiaciones-asociaciones-y-otros-grupos-de-interes","status":"publish","type":"page","link":"https:\/\/notariaprimerariohacha.com\/en\/directorio-de-agremiaciones-asociaciones-y-otros-grupos-de-interes\/","title":{"rendered":"Directorio de Agremiaciones"},"content":{"rendered":"<div class=\"gb-container gb-container-03f3c274\">\n<section class=\"gb-container gb-container-74ec9148 alignfull\" id=\"directorio\">\n<div class=\"gb-container gb-container-f695e23e\">\n<div class=\"gb-container gb-container-87679193\">\n\n<h2 class=\"gb-headline gb-headline-f4ed54c3 gb-headline-text\">Explora Nuestro Directorio de Entidades<\/h2>\n\n\n\n<h2 class=\"gb-headline gb-headline-2710ddec gb-headline-text\">Conectando con Instituciones Relevantes<\/h2>\n\n\n\n<div id=\"section-g72fbe6\" class=\"wp-block-gutentor-e1 section-g72fbe6 gutentor-element gutentor-element-advanced-text\"><div class=\"gutentor-text-wrap\"><p class=\"gutentor-text\">En nuestro Directorio de Entidades, te ofrecemos una lista organizada de diferentes instituciones y organizaciones relevantes. Cada entidad se presenta con su nombre y un enlace de contacto que te permite acceder a m\u00e1s informaci\u00f3n. Este directorio se ha creado con el prop\u00f3sito de proporcionarte un recurso confiable para identificar y conectarte con una variedad de entidades, desde instituciones gubernamentales hasta organizaciones sin fines de lucro. Ya sea que est\u00e9s buscando informaci\u00f3n de contacto, recursos o colaboraciones, nuestro Directorio de Entidades es una herramienta \u00fatil para explorar y contactar diversas organizaciones.<\/p><\/div><\/div>\n\n\n\n<section id=\"section-ec6a8cd8-7ee5-4183-b2e7-6cb41d4baee5\" class=\"wp-block-gutentor-image-box gutentor-section gutentor-image-wrapper imagebox-template1 has-color-bg has-custom-bg\"><div class=\"grid-container\"><div class=\"grid-row gutentor-grid-item-wrap\"><div class=\"gutentor-grid-column grid-lg-4 grid-md-2m3 grid-6\"><div class=\"gutentor-single-item gutentor-image gutentor-single-item-0 g-single-column-link-enabled\"><div class=\"gutentor-single-item-wrap\"><div class=\"gutentor-single-item-image-box\"><div class=\"gutentor-image-thumb\"><img loading=\"lazy\" decoding=\"async\" class=\"normal-image\" src=\"https:\/\/notariaprimerariohacha.com\/wp-content\/uploads\/2023\/09\/logo-1.webp\" alt=\"\" height=\"400\" width=\"368\"\/><\/div><\/div><div class=\"gutentor-single-item-content\"><h3 class=\"gutentor-single-item-title\">Uni\u00f3n Colegiada de Notariado Colombiano &#8211; UCNC<\/h3><p class=\"gutentor-single-item-desc\">Cra 9#97 &#8211; 20 Bogot\u00e1<br>Horario de atenci\u00f3n: <br>Lunes a viernes 8 am a 6 pm<br>Linea gratuita: <br>01 8000 180 245<\/p><\/div><\/div><a class=\"gutentor-single-item-box-link gutentor-link\" href=\"https:\/\/www.ucnc.com.co\/sitio\/\" target=\"_blank\" rel=\"noopener noreferrer\"><\/a><\/div><\/div><div class=\"gutentor-grid-column grid-lg-4 grid-md-2m3 grid-6\"><div class=\"gutentor-single-item gutentor-image gutentor-single-item-1\"><div class=\"gutentor-single-item-wrap\"><div class=\"gutentor-single-item-image-box\"><div class=\"gutentor-image-thumb\"><img decoding=\"async\" class=\"normal-image\" src=\"https:\/\/notariaprimerariohacha.com\/wp-content\/plugins\/gutentor\/assets\/img\/default-image.jpg\"\/><\/div><\/div><div class=\"gutentor-single-item-content\"><h3 class=\"gutentor-single-item-title\">Uni\u00f3n del Notariado Antioque\u00f1o y Chocoano<\/h3><p class=\"gutentor-single-item-desc\">Calle 35 No. 66A \u2013 12 Sector Unicentro<br>Medellin- Antioquia<br>E-mail: unonotarian@emp.net.co<\/p><\/div><\/div><\/div><\/div><div class=\"gutentor-grid-column grid-lg-4 grid-md-2m3 grid-6\"><div class=\"gutentor-single-item gutentor-image gutentor-single-item-2\"><div class=\"gutentor-single-item-wrap\"><div class=\"gutentor-single-item-image-box\"><div class=\"gutentor-image-thumb\"><img decoding=\"async\" class=\"normal-image\" src=\"https:\/\/notariaprimerariohacha.com\/wp-content\/plugins\/gutentor\/assets\/img\/default-image.jpg\"\/><\/div><\/div><div class=\"gutentor-single-item-content\"><h3 class=\"gutentor-single-item-title\">Uni\u00f3n de Notarios del Centro Occidente<br>Colombiano &#8211; UNINOTARIOS<\/h3><p class=\"gutentor-single-item-desc\">Presidente: Aldemar L\u00f3pez Maya<br>Carrera 7 N\u00b0 21-43 Interior 5<br>Salaminas- Caldas<br>E-mail:<br>notariaunicasalaminacaldas@ucn.com.co<br><\/p><\/div><\/div><\/div><\/div><div class=\"gutentor-grid-column grid-lg-4 grid-md-2m3 grid-6\"><div class=\"gutentor-single-item gutentor-image gutentor-single-item-3\"><div class=\"gutentor-single-item-wrap\"><div class=\"gutentor-single-item-image-box\"><div class=\"gutentor-image-thumb\"><img decoding=\"async\" class=\"normal-image\" src=\"https:\/\/notariaprimerariohacha.com\/wp-content\/plugins\/gutentor\/assets\/img\/default-image.jpg\"\/><\/div><\/div><div class=\"gutentor-single-item-content\"><h3 class=\"gutentor-single-item-title\">Uni\u00f3n Colegiada del Oriente Colombiano \u2013 UCONOR<\/h3><p class=\"gutentor-single-item-desc\">Kilometro 2 v\u00eda Gir\u00f3n instalaciones<br>Ecoparque Natura, Torre 3 \u2013 Oficina<br>355<br>Giron &#8211; Santander<br>Tel\u00e9fonos: +57 6076399973 &#8211; 6073134075157 &#8211; 6073043835735<br>E-mail:<br>uconorpresidencia@hotmail.com<br>Floridablanca, Santander<\/p><\/div><\/div><\/div><\/div><div class=\"gutentor-grid-column grid-lg-4 grid-md-2m3 grid-6\"><div class=\"gutentor-single-item gutentor-image gutentor-single-item-4\"><div class=\"gutentor-single-item-wrap\"><div class=\"gutentor-single-item-image-box\"><div class=\"gutentor-image-thumb\"><img decoding=\"async\" class=\"normal-image\" src=\"https:\/\/notariaprimerariohacha.com\/wp-content\/plugins\/gutentor\/assets\/img\/default-image.jpg\"\/><\/div><\/div><div class=\"gutentor-single-item-content\"><h3 class=\"gutentor-single-item-title\">Uni\u00f3n de Notarios de Bogot\u00e1 &#8211; UNOBOG<\/h3><p class=\"gutentor-single-item-desc\">Presidenta: Adriana Mar\u00eda del Carmen Cuellar Arango<br>Calle 70A No. 8 &#8211; 27<br>Bogot\u00e1 D.C.<br>Tel\u00e9fono: +57 6017461016<\/p><\/div><\/div><\/div><\/div><div class=\"gutentor-grid-column grid-lg-4 grid-md-2m3 grid-6\"><div class=\"gutentor-single-item gutentor-image gutentor-single-item-5\"><div class=\"gutentor-single-item-wrap\"><div class=\"gutentor-single-item-image-box\"><div class=\"gutentor-image-thumb\"><img decoding=\"async\" class=\"normal-image\" src=\"https:\/\/notariaprimerariohacha.com\/wp-content\/plugins\/gutentor\/assets\/img\/default-image.jpg\"\/><\/div><\/div><div class=\"gutentor-single-item-content\"><h3 class=\"gutentor-single-item-title\">Uni\u00f3n Colegiada del Notariado del Tolima \u2013 UCNITOL<\/h3><p class=\"gutentor-single-item-desc\">Calle 60 No. 8 \u2013 37 Centro Comercial<br>Acqua Oficina 1109<br>Tel\u00e9fono: 3112179845<br>E-mail: anaird10@gmail.com<br>Ibagu\u00e9 \u2013 Tolima<\/p><\/div><\/div><\/div><\/div><div class=\"gutentor-grid-column grid-lg-4 grid-md-2m3 grid-6\"><div class=\"gutentor-single-item gutentor-image gutentor-single-item-6 g-single-column-link-enabled\"><div class=\"gutentor-single-item-wrap\"><div class=\"gutentor-single-item-image-box\"><div class=\"gutentor-image-thumb\"><img decoding=\"async\" class=\"normal-image\" src=\"https:\/\/notariaprimerariohacha.com\/wp-content\/plugins\/gutentor\/assets\/img\/default-image.jpg\"\/><\/div><\/div><div class=\"gutentor-single-item-content\"><h3 class=\"gutentor-single-item-title\">Uni\u00f3n de Notarios de Cundinamarca \u2013 UNICUND<\/h3><p class=\"gutentor-single-item-desc\">Presidente: Norby Fernando Mora S\u00e1nchez<br>Notario Primero de facatativa &#8211; Cundinamarca<br>Carrera 2 N\u00b0 8 \u2013 57<br>E-mail: notaria1facatativa@ucnc.com.co<br>Facatativa  &#8211; Cund.<\/p><\/div><\/div><a class=\"gutentor-single-item-box-link gutentor-link\" href=\"https:\/\/jesusgabriela35.sg-host.com\/aceu\/\" rel=\"noopener noreferrer\"><\/a><\/div><\/div><div class=\"gutentor-grid-column grid-lg-4 grid-md-2m3 grid-6\"><div class=\"gutentor-single-item gutentor-image gutentor-single-item-7\"><div class=\"gutentor-single-item-wrap\"><div class=\"gutentor-single-item-image-box\"><div class=\"gutentor-image-thumb\"><img decoding=\"async\" class=\"normal-image\" src=\"https:\/\/notariaprimerariohacha.com\/wp-content\/plugins\/gutentor\/assets\/img\/default-image.jpg\"\/><\/div><\/div><div class=\"gutentor-single-item-content\"><h3 class=\"gutentor-single-item-title\">Uni\u00f3n Colegiada de Notarios Boyac\u00e1 \u2013 UCNBOY<\/h3><p class=\"gutentor-single-item-desc\">Carrera 1F No. 40 \u2013 195 Edificio<br>Enterprise Towers \u2013 Oficina 519<br>Tel\u00e9fono: +57 3114816829<br>E-mail: colnotariosboyaca@gmail.com<br>Tunja Boyaca<\/p><\/div><\/div><\/div><\/div><div class=\"gutentor-grid-column grid-lg-4 grid-md-2m3 grid-6\"><div class=\"gutentor-single-item gutentor-image gutentor-single-item-8\"><div class=\"gutentor-single-item-wrap\"><div class=\"gutentor-single-item-image-box\"><div class=\"gutentor-image-thumb\"><img decoding=\"async\" class=\"normal-image\" src=\"https:\/\/notariaprimerariohacha.com\/wp-content\/plugins\/gutentor\/assets\/img\/default-image.jpg\"\/><\/div><\/div><div class=\"gutentor-single-item-content\"><h3 class=\"gutentor-single-item-title\">Uni\u00f3n Colegiada de Notariados de la Costa<br>Atl\u00e1ntica y San Andres Islas \u2013 UCONCA<\/h3><p class=\"gutentor-single-item-desc\">Carrera 57 No. 99\u00aa \u2013 65 Oficina 206<br>Tel\u00e9fono: uconca.presidente@gmail.com<br>Barranquilla &#8211; Atlantico<\/p><\/div><\/div><\/div><\/div><div class=\"gutentor-grid-column grid-lg-4 grid-md-2m3 grid-6\"><div class=\"gutentor-single-item gutentor-image gutentor-single-item-9\"><div class=\"gutentor-single-item-wrap\"><div class=\"gutentor-single-item-image-box\"><div class=\"gutentor-image-thumb\"><img decoding=\"async\" class=\"normal-image\" src=\"https:\/\/notariaprimerariohacha.com\/wp-content\/plugins\/gutentor\/assets\/img\/default-image.jpg\"\/><\/div><\/div><div class=\"gutentor-single-item-content\"><h3 class=\"gutentor-single-item-title\">Uni\u00f3n de Notarios de Huila, Putumayo y Caquet\u00e1 &#8211; UNIHUPUCA<\/h3><p class=\"gutentor-single-item-desc\">Carrera 5 No. 13 \u2013 56 Oficina 502,<br>Barrio El Centro<br>E-mail: unihupuca@gmail.com<br>Neiva &#8211; Huila<\/p><\/div><\/div><\/div><\/div><div class=\"gutentor-grid-column grid-lg-4 grid-md-2m3 grid-6\"><div class=\"gutentor-single-item gutentor-image gutentor-single-item-10\"><div class=\"gutentor-single-item-wrap\"><div class=\"gutentor-single-item-image-box\"><div class=\"gutentor-image-thumb\"><img decoding=\"async\" class=\"normal-image\" src=\"https:\/\/notariaprimerariohacha.com\/wp-content\/plugins\/gutentor\/assets\/img\/default-image.jpg\"\/><\/div><\/div><div class=\"gutentor-single-item-content\"><h3 class=\"gutentor-single-item-title\">Uni\u00f3n Colegiada del Notariado Vallecaucano y del<br>Suroccidente Colombiano \u2013 UNIVOC<\/h3><p class=\"gutentor-single-item-desc\">Calle 24 Norte No. 2CN -22 Barrio San<br>Vicente<br>Tel\u00e9fono: +57 6026681515<br>E-mail: unc_valle@hotmail.com<br>info@unioncolegiadadenotariado.com<br>Cali \u2013 Valle<\/p><\/div><\/div><\/div><\/div><\/div><\/div><\/section>\n\n<\/div>\n<\/div>\n<\/section>\n<\/div>","protected":false},"excerpt":{"rendered":"<p>Explora Nuestro Directorio de Entidades Conectando con Instituciones Relevantes<\/p>","protected":false},"author":1,"featured_media":0,"parent":0,"menu_order":0,"comment_status":"closed","ping_status":"closed","template":"","meta":{"_seopress_robots_primary_cat":"","_seopress_titles_title":"","_seopress_titles_desc":"","_seopress_robots_index":"","_crdt_document":"","ngg_post_thumbnail":0,"footnotes":""},"class_list":["post-2042","page","type-page","status-publish"],"_links":{"self":[{"href":"https:\/\/notariaprimerariohacha.com\/en\/wp-json\/wp\/v2\/pages\/2042","targetHints":{"allow":["GET"]}}],"collection":[{"href":"https:\/\/notariaprimerariohacha.com\/en\/wp-json\/wp\/v2\/pages"}],"about":[{"href":"https:\/\/notariaprimerariohacha.com\/en\/wp-json\/wp\/v2\/types\/page"}],"author":[{"embeddable":true,"href":"https:\/\/notariaprimerariohacha.com\/en\/wp-json\/wp\/v2\/users\/1"}],"replies":[{"embeddable":true,"href":"https:\/\/notariaprimerariohacha.com\/en\/wp-json\/wp\/v2\/comments?post=2042"}],"version-history":[{"count":0,"href":"https:\/\/notariaprimerariohacha.com\/en\/wp-json\/wp\/v2\/pages\/2042\/revisions"}],"wp:attachment":[{"href":"https:\/\/notariaprimerariohacha.com\/en\/wp-json\/wp\/v2\/media?parent=2042"}],"curies":[{"name":"wp","href":"https:\/\/api.w.org\/{rel}","templated":true}]}}