{"id":2,"date":"2023-08-28T22:39:08","date_gmt":"2023-08-29T03:39:08","guid":{"rendered":"https:\/\/notariaprimerariohacha.com\/?page_id=2"},"modified":"2023-11-23T16:26:18","modified_gmt":"2023-11-23T21:26:18","slug":"mision-vision-deberes","status":"publish","type":"page","link":"https:\/\/notariaprimerariohacha.com\/en\/mision-vision-deberes\/","title":{"rendered":"Sobre nosotros"},"content":{"rendered":"<section id=\"section-4950c97d-cd03-4074-a9e9-49629e6fd839\" class=\"wp-block-gutentor-about-block gutentor-section gutentor-about about-template1\"><div class=\"grid-container\"><div class=\"gutentor-grid-item-wrap\"><div class=\"gutentor-single-item\"><div class=\"grid-row\"><div class=\"grid-md-6 about-grid\"><div class=\"gutentor-single-item-image-box\"><div class=\"gutentor-image-thumb\"><img loading=\"lazy\" decoding=\"async\" class=\"normal-image\" src=\"https:\/\/notariaprimerariohacha.com\/wp-content\/uploads\/2023\/08\/notaria-de-Riohacha-01-1.webp\" alt=\"\" height=\"1080\" width=\"1920\"\/><\/div><\/div><\/div><div class=\"grid-md-6 about-grid\"><div class=\"gutentor-single-item-content\"><div class=\"gutentor-about-content\"><h2 class=\"gutentor-single-item-title\">Descripci\u00f3n de la Entidad<\/h2><p class=\"gutentor-single-item-desc\">El <strong>Dr. Luis Eduardo Castro Barros<\/strong>, identificado con NIT. 17808841-9, ejerce en propiedad mediante decreto 871 del 16 de marzo de 2009 y posesionado desde el 1 de abril de 2009 por la presidencia de la Rep\u00fablica. Tiene a su cargo a la <strong>NOTAR\u00cdA PRIMERA DEL CIRCULO DE RIOHACHA<\/strong> en el departamento de Guajira, notar\u00eda de primera categor\u00eda.<br>La Notar\u00eda es una entidad que carece de personer\u00eda jur\u00eddica y su representaci\u00f3n se ejerce a trav\u00e9s del Notario como persona natural perteneciente al r\u00e9gimen com\u00fan.<br>Por mandato constitucional, el Notario se define como un particular con car\u00e1cter de autoridad que por delegaci\u00f3n del Estado presta un servicio p\u00fablico, el cual se encuentra reglamentado en la Ley.<br>La Inspecci\u00f3n y vigilancia del servicio notarial lo ejerce la Superintendencia de Notariado y Registro.<br>Para la prestaci\u00f3n del servicio notarial, el pa\u00eds se encuentra dividido en c\u00edrculos notariales que Corresponden al territorio de uno o m\u00e1s municipios del mismo departamento, uno de los cuales ser\u00e1 su Cabecera y la sede del notarlo, El Dr. Luis Eduardo Castro Barros presta sus servicios notariales en la <strong>NOTAR\u00cdA PRIMERA DEL CIRCULO DE RIOHACHA<\/strong>, la cual se encuentra ubicada en la Calle 3 No 6 -28, del municipio de Riohacha.<\/p><\/div><\/div><\/div><\/div><\/div><\/div><\/div><\/section>\n\n\n\n<section id=\"vision-mision\" class=\"wp-block-gutentor-m3 section-gmc5d3b04 gutentor-module gutentor-container-cover\"><div class=\"grid-container\">\n<section id=\"section-0be0450e-bcf5-4a14-9187-390fc4d7badf\" class=\"wp-block-gutentor-content-box gutentor-section gutentor-content-box-wrapper content-template1\"><div class=\"grid-container\"><div class=\"grid-row gutentor-grid-item-wrap\"><div class=\"gutentor-grid-column grid-lg-4 grid-md-4 grid-12\"><div class=\"gutentor-single-item gutentor-single-item-0\"><div class=\"gutentor-single-item-wrap\"><div class=\"gutentor-single-item-content\"><h4 class=\"gutentor-single-item-title\">Misi\u00f3n<\/h4><p class=\"gutentor-single-item-desc\">Prestar un servicio p\u00fablico notarial de excelente calidad, garantizando la satisfacci\u00f3n de nuestros usuario, proporcion\u00e1ndoles seguridad en la realizaci\u00f3n de sus actos Jur\u00eddicos civiles o mercantiles con una oportuna orientaci\u00f3n y eficaz asesor\u00eda notarial, ampar\u00e1ndonos estrictamente por el cumplimiento de la normatividad vigente, bajo los principios de transparencia, responsabilidad, honestidad, compromiso social y agilidad para que la prestaci\u00f3n del servicio se realice en el menor tiempo posible.<\/p><\/div><\/div><\/div><\/div><div class=\"gutentor-grid-column grid-lg-4 grid-md-4 grid-12\"><div class=\"gutentor-single-item gutentor-single-item-1\"><div class=\"gutentor-single-item-wrap\"><div class=\"gutentor-single-item-content\"><h4 class=\"gutentor-single-item-title\">Visi\u00f3n<\/h4><p class=\"gutentor-single-item-desc\">Ser\u00e1 una entidad modelo, reconocida por su excelente prestaci\u00f3n de servicio p\u00fablico notarial, por la constante capacitaci\u00f3n del equipo. de trabajo: sobre el cumplimiento de la normatividad: estar\u00e1 en pensante mejoramiento continuo de sus procesos y procedimientos, con la incorporaci\u00f3n de tecnolog\u00edas Inform\u00e1ticas que garanticen seguridad en la realizaci\u00f3n de tr\u00e1mites notariales.<br><br><\/p><\/div><\/div><\/div><\/div><div class=\"gutentor-grid-column grid-lg-4 grid-md-4 grid-12\"><div class=\"gutentor-single-item gutentor-single-item-2\"><div class=\"gutentor-single-item-wrap\"><div class=\"gutentor-single-item-content\"><h4 class=\"gutentor-single-item-title\">Cont\u00e1ctanos:<\/h4><p class=\"gutentor-single-item-desc\"><strong>OFICINA PRINCIPAL<\/strong><br>Calle 3 No. 6-28, Colombia, Riohacha.<br><strong>EMAIL:<\/strong><br><a href=\"mailto:Primerariohacha@supernotariado.gov.co\">Primerariohacha@supernotariado.gov.co<\/a><br><a href=\"mailto:notariaprimerariohacha@hotmail.com\">notariaprimerariohacha@hotmail.com<\/a><br><strong>TEL\u00c9FONO<\/strong><br>+57 605 727 3644<br><strong>HORAS:<\/strong><br>Lunes a Viernes 8 A.M a 12 M y 2 P.M a 6 P.M.<br>S\u00e1bados 8 A.M a 12 M<br><\/p><\/div><\/div><\/div><\/div><\/div><\/div><\/section>\n\n\n\n<section id=\"711a2b\" class=\"section-711a2b gutentor-module gutentor-module-accordion gutentor-module-accordion-enable-toggle\"><div class=\"grid-container gutentor-rm-ct-space\">\n<div id=\"00cdb7\" class=\"wp-block-gutentor-m6-item section-00cdb7 gutentor-module gutentor-module-accordion-item\"><div class=\"gutentor-module-accordion-panel g-a-panel-711a2b\"><div tabindex=\"0\" class=\"gm-ah-711a2b gutentor-module-accordion-item-heading gutentor-module-icon-position-right\"><span class=\"gutentor-module-accordion-panel-handler\" role=\"button\"><span class=\"gutentor-module-accordion-panel-handler-label\">Funciones y deberes<\/span><span class=\"gutentor-module-accordion-icon\"><i class=\"gm-aio-711a2b gutentor-module-accordion-icon-open fas fa-plus\"><\/i><i class=\"gm-aic-711a2b gutentor-module-accordion-icon-close fas fa-minus\"><\/i><\/span><\/span><\/div><div class=\"gm-ab-711a2b gutentor-module-accordion-body\">\n<section id=\"gm3a9ccf9\" class=\"wp-block-gutentor-m3 section-gm3a9ccf9 gutentor-module gutentor-container-cover\"><div class=\"grid-container\">\n<p class=\"wp-block-paragraph\"><strong>Compete a los notarios (Art\u00edculo 3 del Estatuto Notarial \u2013 Decreto 960 de 1970):<\/strong><\/p>\n\n\n\n<ol class=\"wp-block-list\">\n<li>Recibir, extender y autorizar las declaraciones que conforme a las Leyes requieran escritura p\u00fablica y aquellas a las cuales los interesados quieran revestir de esta solemnidad.<\/li>\n\n\n\n<li>Autorizar el reconocimiento espont\u00e1neo de documentos privados.<\/li>\n\n\n\n<li>Dar testimonio de la autenticidad de firmas de funcionarios o particulares y de otros Notarios que las tengan registradas ante ellos.<\/li>\n\n\n\n<li>Dar fe de la correspondencia o identidad que exista entre un documento que tenga a la vista y su copia mec\u00e1nica o literal.<\/li>\n\n\n\n<li>Acreditar la existencia de las personas naturales y expedir la correspondiente fe de vida.<\/li>\n\n\n\n<li>Recibir y guardar dentro del protocolo los documentos o actuaciones que la Ley o el Juez ordenen protocolizar o que los interesados quieran proteger de esta manera.<\/li>\n\n\n\n<li>Expedir copias o certificaciones seg\u00fan el caso, de los documentos que reposen en sus archivos.<\/li>\n\n\n\n<li>Dar testimonio escrito con fines jur\u00eddico \u2013 probatorios de los hechos percibidos por ellos dentro del ejercicio de sus funciones y de que no haya quedado dato formal en sus archivos.<\/li>\n\n\n\n<li>Intervenir en el otorgamiento, extensi\u00f3n y autorizaci\u00f3n de los testamentos solemnes que conforme a la Ley civil deban otorgarse ante ellos.<\/li>\n\n\n\n<li>Practicar apertura y publicaci\u00f3n de los testamentos cerrados.<\/li>\n\n\n\n<li>Llevar el registro del estado civil de las personas en los casos, por los sistemas y con las formalidades prescritos en la Ley.<\/li>\n\n\n\n<li>Las dem\u00e1s funciones que les se\u00f1alen las Leyes.<\/li>\n<\/ol>\n\n\n\n<p class=\"wp-block-paragraph\"><strong>Deberes Decreto 2148 de 1983. Compilado Decreto 1060 de 2015, responsabilidad de notario en el ejercicio de la Funci\u00f3n Notarial.<\/strong><\/p>\n\n\n\n<p class=\"wp-block-paragraph\"><strong>Art\u00edculo 2.2.6.1.6.1.1.<\/strong>&nbsp;Autonom\u00eda en el ejercicio del cargo. La autonom\u00eda del notario en el ejercicio de su funci\u00f3n implica que dentro del marco de sus atribuciones interpreta la ley de acuerdo con las reglas establecidas en el C\u00f3digo Civil y no depende de un superior jer\u00e1rquico que le revise sus actuaciones para reformarlas, confirmarlas o revocarlas, sino que act\u00faa bajo su personal responsabilidad.<\/p>\n\n\n\n<p class=\"wp-block-paragraph\"><strong>Art\u00edculo 2.2.6.1.6.1.2.<\/strong>&nbsp;Responsabilidad disciplinaria. Independientemente de la responsabilidad civil o penal que le pueda corresponder, el notario responde disciplinariamente de cualquier irregularidad en la prestaci\u00f3n del servicio aunque no se produzca perjuicio.<\/p>\n\n\n\n<p class=\"wp-block-paragraph\"><strong>Art\u00edculo 2.2.6.1.6.1.3.<\/strong>&nbsp;Creaci\u00f3n de empleos. Bajo su responsabilidad el notario podr\u00e1 crear los empleos que requiera el eficaz funcionamiento de la oficina a su cargo, tendr\u00e1 especial cuidado en la selecci\u00f3n de los empleados, velar\u00e1 por su capacitaci\u00f3n y por el buen desempe\u00f1o de sus funciones y cumplir\u00e1 las obligaciones que para con sus subalternos les se\u00f1alan las normas legales.<\/p>\n\n\n\n<p class=\"wp-block-paragraph\"><strong>Art\u00edculo 2.2.6.1.6.1.4.<\/strong>&nbsp;Cuotas partes de car\u00e1cter patronal. Las cuotas o aportes de car\u00e1cter patronal s\u00f3lo se causan cuando el notario tenga por lo menos un empleado.<\/p>\n\n\n\n<p class=\"wp-block-paragraph\"><strong>Art\u00edculo 2.2.6.1.6.1.5.<\/strong>&nbsp;Acci\u00f3n de repetici\u00f3n. En los casos en que la Naci\u00f3n sea condenada por falla en la prestaci\u00f3n del servicio notarial, podr\u00e1 ejercitar la acci\u00f3n de repetici\u00f3n correspondiente.<\/p>\n\n\n\n<p class=\"wp-block-paragraph\"><strong>Art\u00edculo 2.2.6.1.6.1.6.<\/strong>&nbsp;Responsabilidad en el ejercicio de funciones. Dentro del ejercicio de sus funciones el notario responder\u00e1, adem\u00e1s:<\/p>\n\n\n\n<ul class=\"wp-block-list\">\n<li>Por las sumas que deba recaudar y aportar con destino a la Superintendencia de Notariado y Registro, al fondo cuenta especial del notariado y dem\u00e1s entidades oficiales por la prestaci\u00f3n de los servicios notariales, seg\u00fan el caso;<\/li>\n\n\n\n<li>Por las cuotas y los aportes que por ley deba pagar por \u00e9l y por sus empleados a las instituciones de seguridad social y dem\u00e1s entidades oficiales;<\/li>\n\n\n\n<li>Por los dep\u00f3sitos en dinero que los otorgantes constituyan en su poder para el pago de impuestos o contribuciones;<\/li>\n\n\n\n<li>Por los dep\u00f3sitos en dinero, t\u00edtulos de cr\u00e9dito, efectos negociables, valores o documentos que los otorgantes constituyan en su poder para la seguridad, garant\u00eda o cumplimiento de las obligaciones surgidas de los actos o contratos contenidos en escrituras otorgadas ante \u00e9l, y<\/li>\n\n\n\n<li>Por no adherir ni anular el timbre correspondiente en la oportunidad legal.<\/li>\n<\/ul>\n\n\n\n<p class=\"wp-block-paragraph\">De conformidad con las normas legales, el incumplimiento de estas obligaciones constituye falta disciplinaria sin perjuicio de las acciones civiles, laborales o penales a que haya lugar.<\/p>\n\n\n\n<p class=\"wp-block-paragraph\"><strong>Art\u00edculo 2.2.6.1.6.1.7.<\/strong>&nbsp;Pago de Recaudos aportes y cuotas. Dentro de los primeros quince d\u00edas de cada mes el notario deber\u00e1 pagar a la Superintendencia de Notariado y Registro, al Fondo Cuenta Especial del Notariado y a las entidades de seguridad o previsi\u00f3n social, los recaudos, aportes y cuotas seg\u00fan el caso, correspondientes al mes inmediatamente anterior.<\/p>\n\n\n\n<p class=\"wp-block-paragraph\">Par\u00e1grafo. El notario con derecho a subsidio podr\u00e1 autorizar al Fondo Cuenta Especial del Notariado para que de aqu\u00e9l se descuenten los aportes y recaudos a que haya lugar.<\/p>\n\n\n\n<p class=\"wp-block-paragraph\"><strong>Art\u00edculo 2.2.6.1.6.1.8.<\/strong>&nbsp;Informe sobre n\u00famero de escrituras autorizadas. El notario enviar\u00e1 mensualmente a la Superintendencia de Notariado y Registro y al Fondo Cuenta Especial del Notariado informe sobre el n\u00famero de escrituras autorizadas por \u00e9l en el mes inmediatamente anterior. Adem\u00e1s, a la superintendencia las cuentas de ingresos y egresos dentro del mismo t\u00e9rmino.<strong>Art\u00edculo 2.2.6.1.6.1.9.<\/strong>&nbsp;Subsidio. No se pagar\u00e1 el subsidio al notario que no d\u00e9 cumplimiento oportuno a sus obligaciones para con la Superintendencia de Notariado y Registro y el Fondo Cuenta Especial del Notariado, seg\u00fan el caso, en lo relacionado con aportes, recaudos en informes de escrituraci\u00f3La Notar\u00eda Segunda del C\u00edrculo de Fusagasug\u00e1, entendida como un particular de derecho privado que presta un servicio p\u00fablico, tiene como misi\u00f3n legitimar y dar fe p\u00fablica de las declaraciones y actos que los interesados presenten, velando por la legalidad y garantizando la regularidad formal de los instrumentos que autoriza, bajo la presunci\u00f3n de capacidad y buena fe sobre la que gravitan las actuaciones y documentos que los usuarios exhiben ante el Despacho NotarialSer reconocida en la regi\u00f3n, como la Notar\u00eda de mayor confianza jur\u00eddica por su eficiencia y eficacia en sus tr\u00e1mites, que garantice a los usuarios el desarrollo de sus actos jur\u00eddicos en el menor tiempo posible, propendiendo siempre por el mejoramiento y desarrollo competitivo desde la experiencia y profesionalismo de su equipo de trabajo<\/p>\n<\/div><\/section>\n<\/div><\/div><\/div>\n<\/div><\/section>\n<\/div><\/section>","protected":false},"excerpt":{"rendered":"","protected":false},"author":1,"featured_media":0,"parent":0,"menu_order":0,"comment_status":"closed","ping_status":"closed","template":"","meta":{"_seopress_robots_primary_cat":"","_seopress_titles_title":"","_seopress_titles_desc":"","_seopress_robots_index":"","_crdt_document":"","ngg_post_thumbnail":0,"footnotes":""},"class_list":["post-2","page","type-page","status-publish"],"_links":{"self":[{"href":"https:\/\/notariaprimerariohacha.com\/en\/wp-json\/wp\/v2\/pages\/2","targetHints":{"allow":["GET"]}}],"collection":[{"href":"https:\/\/notariaprimerariohacha.com\/en\/wp-json\/wp\/v2\/pages"}],"about":[{"href":"https:\/\/notariaprimerariohacha.com\/en\/wp-json\/wp\/v2\/types\/page"}],"author":[{"embeddable":true,"href":"https:\/\/notariaprimerariohacha.com\/en\/wp-json\/wp\/v2\/users\/1"}],"replies":[{"embeddable":true,"href":"https:\/\/notariaprimerariohacha.com\/en\/wp-json\/wp\/v2\/comments?post=2"}],"version-history":[{"count":0,"href":"https:\/\/notariaprimerariohacha.com\/en\/wp-json\/wp\/v2\/pages\/2\/revisions"}],"wp:attachment":[{"href":"https:\/\/notariaprimerariohacha.com\/en\/wp-json\/wp\/v2\/media?parent=2"}],"curies":[{"name":"wp","href":"https:\/\/api.w.org\/{rel}","templated":true}]}}