{"id":1979,"date":"2023-09-29T21:17:56","date_gmt":"2023-09-30T02:17:56","guid":{"rendered":"https:\/\/notariaprimerariohacha.com\/?page_id=1979"},"modified":"2023-11-23T16:34:36","modified_gmt":"2023-11-23T21:34:36","slug":"transparencia","status":"publish","type":"page","link":"https:\/\/notariaprimerariohacha.com\/en\/transparencia\/","title":{"rendered":"Transparencia y acceso a informaci\u00f3n p\u00fablica"},"content":{"rendered":"<section class=\"gb-container gb-container-74ec9148 alignfull\" id=\"transparencia\">\n<div class=\"gb-container gb-container-f695e23e\">\n<div class=\"gb-container gb-container-87679193\">\n\n<h2 class=\"gb-headline gb-headline-f4ed54c3 gb-headline-text\"><strong><strong>Acceso Abierto a la Informaci\u00f3n<\/strong><\/strong><\/h2>\n\n\n\n<h2 class=\"gb-headline gb-headline-e229ccea gb-headline-text\">Descubre Nuestros Datos Institucionales<\/h2>\n\n\n\n<div id=\"section-g6d4ef8\" class=\"wp-block-gutentor-e1 section-g6d4ef8 gutentor-element gutentor-element-advanced-text\"><div class=\"gutentor-text-wrap\"><p class=\"gutentor-text\">De acuerdo a la Ley 1712 de 2014 y a la Resoluci\u00f3n 1519 de 2020, la Notar\u00eda Primera de Riohacha pone a disposici\u00f3n de los ciudadanos, sector TIC e interesados, la secci\u00f3n de Transparencia y Acceso a la Informaci\u00f3n P\u00fablica Nacional.<\/p><\/div><\/div>\n\n<\/div>\n\n<div class=\"gb-container gb-container-08feacea\">\n\n<section id=\"bd12f7\" class=\"section-bd12f7 gutentor-module gutentor-module-accordion gutentor-module-accordion-enable-toggle\"><div class=\"grid-container gutentor-rm-ct-space\">\n<div id=\"8d18d9\" class=\"wp-block-gutentor-m6-item section-8d18d9 gutentor-module gutentor-module-accordion-item\"><div class=\"gutentor-module-accordion-panel g-a-panel-bd12f7\"><div tabindex=\"0\" class=\"gm-ah-bd12f7 gutentor-module-accordion-item-heading gutentor-module-icon-position-right\"><span class=\"gutentor-module-accordion-panel-handler\" role=\"button\"><span class=\"gutentor-module-accordion-panel-handler-label\">1. Informaci\u00f3n de la entidad<\/span><span class=\"gutentor-module-accordion-icon\"><i class=\"gm-aio-bd12f7 gutentor-module-accordion-icon-open fas fa-bars\"><\/i><i class=\"gm-aic-bd12f7 gutentor-module-accordion-icon-close fas fa-minus\"><\/i><\/span><\/span><\/div><div class=\"gm-ab-bd12f7 gutentor-module-accordion-body\">\n<section id=\"gm492edc7\" class=\"wp-block-gutentor-m3 section-gm492edc7 gutentor-module gutentor-container-cover\"><div class=\"grid-container\">\n<p class=\"gb-headline gb-headline-4a3bb18d gb-headline-text\"><strong>1.1 Misi\u00f3n, Visi\u00f3n, Funciones y deberes<\/strong><\/p>\n\n\n\n<p class=\"gb-headline gb-headline-ea108663 gb-headline-text\"><a href=\"https:\/\/notariaprimerariohacha.com\/en\/mision-vision-deberes\/\" data-type=\"link\" data-id=\"https:\/\/notariaprimerariohacha.com\/mision-vision-deberes\/\">1.1.1 Misi\u00f3n y Visi\u00f3n<\/a><\/p>\n\n\n\n<p class=\"gb-headline gb-headline-5004ca02 gb-headline-text\"><a href=\"https:\/\/notariaprimerariohacha.com\/en\/mision-vision-deberes\/\" data-type=\"link\" data-id=\"https:\/\/notariaprimerariohacha.com\/mision-vision-deberes\/\">1.1.2 Funciones y deberes<\/a><\/p>\n\n\n\n<p class=\"gb-headline gb-headline-fd02f2fb gb-headline-text\"><strong>1.2 Estructura Org\u00e1nica<\/strong><\/p>\n\n\n\n<p class=\"gb-headline gb-headline-ce40e797 gb-headline-text\"><a href=\"https:\/\/notariaprimerariohacha.com\/en\/organigrama\/\" data-type=\"link\" data-id=\"https:\/\/notariaprimerariohacha.com\/organigrama\/\">1.2.1 Organigrama<\/a><\/p>\n\n\n\n<p class=\"gb-headline gb-headline-94637fd3 gb-headline-text\"><strong>1.3 Mapas y Cartas descriptivas de los Procesos<\/strong><\/p>\n\n\n\n<p class=\"gb-headline gb-headline-d00dd41b gb-headline-text\"><a href=\"https:\/\/notariaprimerariohacha.com\/en\/mapas-y-cartas-procesos\/\" data-type=\"link\" data-id=\"https:\/\/notariaprimerariohacha.com\/mapas-y-cartas-descriptivas-de-los-procesos\/\">1.3.a.&nbsp;Mapas y cartas descriptivas de los procesos<\/a><\/p>\n\n\n\n<p class=\"gb-headline gb-headline-d04f811c gb-headline-text\"><strong>1.4 Directorio Institucional<\/strong><\/p>\n\n\n\n<p class=\"gb-headline gb-headline-c6a445ac gb-headline-text\"><a href=\"https:\/\/notariaprimerariohacha.com\/en\/contact\/#contacto\" data-type=\"link\" data-id=\"https:\/\/notariaprimerariohacha.com\/contact\/#contacto\">1.4.a.&nbsp;Informaci\u00f3n de contacto<\/a><\/p>\n\n\n\n<p class=\"gb-headline gb-headline-356b1362 gb-headline-text\"><strong>1.6 Directorio de Entidades<\/strong><\/p>\n\n\n\n<p class=\"gb-headline gb-headline-d94b9b8c gb-headline-text\"><strong>1.6.1.<\/strong>&nbsp;Listado de entidades que integran el sector<\/p>\n\n\n\n<p class=\"gb-headline gb-headline-9cb7104e gb-headline-text\"><a href=\"https:\/\/www.minjusticia.gov.co\/\" data-type=\"link\" data-id=\"https:\/\/www.minjusticia.gov.co\/\" target=\"_blank\" rel=\"noreferrer noopener\">Ministerio de Justicia y del Derecho<\/a><\/p>\n\n\n\n<p class=\"gb-headline gb-headline-05cc1f1b gb-headline-text\"><a href=\"https:\/\/www.supernotariado.gov.co\/\" data-type=\"link\" data-id=\"https:\/\/www.supernotariado.gov.co\/\" target=\"_blank\" rel=\"noreferrer noopener\">Superintendencia de Notariado y Registro<\/a><\/p>\n\n\n\n<p class=\"gb-headline gb-headline-90ed93fe gb-headline-text\"><a href=\"https:\/\/www.registraduria.gov.co\/\" data-type=\"link\" data-id=\"https:\/\/www.registraduria.gov.co\/\" target=\"_blank\" rel=\"noreferrer noopener\">Registradur\u00eda Nacional de Estado Civil<\/a><\/p>\n\n\n\n<p class=\"gb-headline gb-headline-f59c83bf gb-headline-text\"><a href=\"https:\/\/www.procuraduria.gov.co\/Pages\/PageNotFoundError.aspx?requestUrl=https:\/\/www.procuraduria.gov.co\/portal\/\" data-type=\"link\" data-id=\"https:\/\/www.procuraduria.gov.co\/Pages\/PageNotFoundError.aspx?requestUrl=https:\/\/www.procuraduria.gov.co\/portal\/\" target=\"_blank\" rel=\"noreferrer noopener\">Procuradur\u00eda General de la Naci\u00f3n<\/a><\/p>\n\n\n\n<p class=\"gb-headline gb-headline-72541fce gb-headline-text\"><a href=\"https:\/\/www.vur.gov.co\/\" data-type=\"link\" data-id=\"https:\/\/www.vur.gov.co\/\">Ventanilla \u00danica de Registro VUR<\/a><\/p>\n\n\n\n<p class=\"gb-headline gb-headline-f228fd30 gb-headline-text\"><a href=\"https:\/\/www.suin-juriscol.gov.co\/\" data-type=\"link\" data-id=\"https:\/\/www.suin-juriscol.gov.co\/\" target=\"_blank\" rel=\"noreferrer noopener\">Suin Juriscol<\/a><\/p>\n\n\n\n<p class=\"gb-headline gb-headline-c640bcfd gb-headline-text\"><strong><a href=\"https:\/\/notariaprimerariohacha.com\/en\/directorio-de-agremiaciones-asociaciones-y-otros-grupos-de-interes\/\" data-type=\"link\" data-id=\"https:\/\/notariaprimerariohacha.com\/directorio-de-agremiaciones-asociaciones-y-otros-grupos-de-interes\/\">1.7.&nbsp;Directorio de agremiaciones, asociaciones y otros grupos de inter\u00e9s.<\/a><\/strong><\/p>\n\n\n\n<p class=\"gb-headline gb-headline-6a5e62b8 gb-headline-text\"><strong>1.8 Servicio al p\u00fablico, normas, formularios y protocolos de atenci\u00f3n.<\/strong><\/p>\n\n\n\n<p class=\"gb-headline gb-headline-5552839c gb-headline-text\"><a href=\"https:\/\/notariaprimerariohacha.com\/en\/normatividad\/#normatividad2\" data-type=\"link\" data-id=\"https:\/\/notariaprimerariohacha.com\/normatividad\/#normatividad2\">1.8.1.&nbsp;Normas<\/a><\/p>\n\n\n\n<p class=\"gb-headline gb-headline-04143686 gb-headline-text\"><mark style=\"background-color:rgba(0, 0, 0, 0)\" class=\"has-inline-color has-global-color-10-color\"><a href=\"https:\/\/notariaprimerariohacha.com\/en\/pqrsd\/\" data-type=\"link\" data-id=\"https:\/\/notariaprimerariohacha.com\/pqrsd\/\">1.8.2.&nbsp;Formularios<\/a><\/mark><\/p>\n\n\n\n<p class=\"gb-headline gb-headline-b560bfdd gb-headline-text\"><mark style=\"background-color:rgba(0, 0, 0, 0)\" class=\"has-inline-color has-global-color-10-color\"><a href=\"https:\/\/notariaprimerariohacha.com\/wp-content\/uploads\/2023\/10\/15.-Protocolo-de-Atencion-Personas-con-Discapacidad.pdf\" data-type=\"link\" data-id=\"https:\/\/notariaprimerariohacha.com\/wp-content\/uploads\/2023\/10\/15.-Protocolo-de-Atencion-Personas-con-Discapacidad.pdf\" target=\"_blank\" rel=\"noreferrer noopener\">1.8.3.&nbsp;Protocolos de atenci\u00f3n<\/a><\/mark><\/p>\n\n\n\n<p class=\"gb-headline gb-headline-90e0ed95 gb-headline-text\"><strong><a href=\"https:\/\/notariaprimerariohacha.com\/en\/procedimientos-que-se-siguen-para-tomar-decisiones-en-las-diferentes-areas\/\" data-type=\"link\" data-id=\"https:\/\/notariaprimerariohacha.com\/procedimientos-que-se-siguen-para-tomar-decisiones-en-las-diferentes-areas\/\">1.9&nbsp;Procedimientos que se siguen para tomar decisiones en las diferentes \u00e1reas.<\/a><\/strong><\/p>\n\n\n\n<p class=\"gb-headline gb-headline-673d8ec1 gb-headline-text\"><strong><a href=\"https:\/\/notariaprimerariohacha.com\/en\/pqrsd\/\" data-type=\"link\" data-id=\"https:\/\/notariaprimerariohacha.com\/pqrsd\/\">1.10&nbsp;Mecanismo de presentaci\u00f3n directa de solicitudes, quejas, reclamos a disposici\u00f3n del p\u00fablico en relaci\u00f3n con acciones u omisiones del sujeto obligado.<\/a><\/strong><\/p>\n\n\n\n<p class=\"gb-headline gb-headline-4ac048f4 gb-headline-text\"><strong><a href=\"https:\/\/notariaprimerariohacha.com\/en\/informacion-sobre-decisiones-que-puede-afectar-al-publico\/\" data-type=\"link\" data-id=\"https:\/\/notariaprimerariohacha.com\/informacion-sobre-decisiones-que-puede-afectar-al-publico\/\">1.12.&nbsp;Informaci\u00f3n sobre decisiones que pueden afectar al p\u00fablico.<\/a><\/strong><\/p>\n\n\n\n<p class=\"gb-headline gb-headline-d82735ce gb-headline-text\"><strong><a href=\"https:\/\/notariaprimerariohacha.com\/en\/entes-y-autoridades-que-lo-vigilan\/#vigilado\" data-type=\"link\" data-id=\"https:\/\/notariaprimerariohacha.com\/entes-y-autoridades-que-lo-vigilan\/#vigilado\">1.13.&nbsp;Entes y autoridades que lo vigilan.<\/a><\/strong><\/p>\n\n\n\n<p class=\"gb-headline gb-headline-afeecef8 gb-headline-text\"><strong><a href=\"https:\/\/notariaprimerariohacha.com\/en\/mecanismos-internos-de-supervision-notificacion-y-vigilancia-pertinente-del-sujeto-obligado\/\" data-type=\"link\" data-id=\"https:\/\/notariaprimerariohacha.com\/mecanismos-internos-de-supervision-notificacion-y-vigilancia-pertinente-del-sujeto-obligado\/\">1.14.&nbsp;Mecanismos internos de supervisi\u00f3n.<\/a><\/strong><\/p>\n<\/div><\/section>\n<\/div><\/div><\/div>\n\n\n\n<div id=\"86a50d\" class=\"wp-block-gutentor-m6-item section-86a50d gutentor-module gutentor-module-accordion-item\"><div class=\"gutentor-module-accordion-panel g-a-panel-bd12f7\"><div tabindex=\"0\" class=\"gm-ah-bd12f7 gutentor-module-accordion-item-heading gutentor-module-icon-position-right\"><span class=\"gutentor-module-accordion-panel-handler\" role=\"button\"><span class=\"gutentor-module-accordion-panel-handler-label\">2. Normativa<\/span><span class=\"gutentor-module-accordion-icon\"><i class=\"gm-aio-bd12f7 gutentor-module-accordion-icon-open fas fa-bars\"><\/i><i class=\"gm-aic-bd12f7 gutentor-module-accordion-icon-close fas fa-minus\"><\/i><\/span><\/span><\/div><div class=\"gm-ab-bd12f7 gutentor-module-accordion-body\">\n<section id=\"gm1871935\" class=\"wp-block-gutentor-m3 section-gm1871935 gutentor-module gutentor-container-cover\"><div class=\"grid-container\">\n<p class=\"gb-headline gb-headline-e6a0bf3d gb-headline-text\"><strong>2.1 Normativa de la entidad o autoridad<\/strong><\/p>\n\n\n\n<p class=\"gb-headline gb-headline-5eb71545 gb-headline-text\"><a href=\"https:\/\/notariaprimerariohacha.com\/en\/normatividad\/\" data-type=\"link\" data-id=\"https:\/\/notariaprimerariohacha.com\/normatividad\/\">2.1.1 Leyes<\/a><\/p>\n\n\n\n<p class=\"gb-headline gb-headline-8beacfa7 gb-headline-text\"><a href=\"https:\/\/notariaprimerariohacha.com\/en\/normatividad\/\" data-type=\"link\" data-id=\"https:\/\/notariaprimerariohacha.com\/normatividad\/\">2.1.2 Decreto \u00fanico reglamentario<\/a><\/p>\n\n\n\n<p class=\"gb-headline gb-headline-12316d3a gb-headline-text\"><a href=\"https:\/\/notariaprimerariohacha.com\/en\/normatividad\/\" data-type=\"link\" data-id=\"https:\/\/notariaprimerariohacha.com\/normatividad\/\">2.1.3.&nbsp;Normativa aplicable.<\/a><\/p>\n\n\n\n<p class=\"gb-headline gb-headline-ba619a86 gb-headline-text\"><a href=\"http:\/\/svrpubindc.imprenta.gov.co\/diario\/\" data-type=\"link\" data-id=\"http:\/\/svrpubindc.imprenta.gov.co\/diario\/\" target=\"_blank\" rel=\"noreferrer noopener\">2.1.4.&nbsp;V\u00ednculo al Diario o Gaceta Oficial.<\/a><\/p>\n\n\n\n<p class=\"gb-headline gb-headline-df6e7ba6 gb-headline-text\"><a href=\"https:\/\/notariaprimerariohacha.com\/en\/normatividad\/\" data-type=\"link\" data-id=\"https:\/\/notariaprimerariohacha.com\/normatividad\/\">2.1.5 Pol\u00edticas, Lineamientos y manuales<\/a><\/p>\n\n\n\n<p class=\"gb-headline gb-headline-53c29bf8 gb-headline-text\"><strong>2.2 B\u00fasqueda de normas<\/strong><\/p>\n\n\n\n<p class=\"gb-headline gb-headline-3fb6e696 gb-headline-text\"><a href=\"https:\/\/www.suin-juriscol.gov.co\/\" data-type=\"link\" data-id=\"https:\/\/www.suin-juriscol.gov.co\/\" target=\"_blank\" rel=\"noreferrer noopener\">2.2.1 Sistema \u00danico de informaci\u00f3n normativa -SUIN<\/a><\/p>\n<\/div><\/section>\n<\/div><\/div><\/div>\n\n\n\n<div id=\"e10f3d\" class=\"wp-block-gutentor-m6-item section-e10f3d gutentor-module gutentor-module-accordion-item\"><div class=\"gutentor-module-accordion-panel g-a-panel-bd12f7\"><div tabindex=\"0\" class=\"gm-ah-bd12f7 gutentor-module-accordion-item-heading gutentor-module-icon-position-right\"><span class=\"gutentor-module-accordion-panel-handler\" role=\"button\"><span class=\"gutentor-module-accordion-panel-handler-label\">4. Planeaci\u00f3n<\/span><span class=\"gutentor-module-accordion-icon\"><i class=\"gm-aio-bd12f7 gutentor-module-accordion-icon-open fas fa-bars\"><\/i><i class=\"gm-aic-bd12f7 gutentor-module-accordion-icon-close fas fa-minus\"><\/i><\/span><\/span><\/div><div class=\"gm-ab-bd12f7 gutentor-module-accordion-body\">\n<section id=\"gm0775791\" class=\"wp-block-gutentor-m3 section-gm0775791 gutentor-module gutentor-container-cover\"><div class=\"grid-container\">\n<p class=\"gb-headline gb-headline-05f31f64 gb-headline-text\"><strong>4.7 Informes de gesti\u00f3n, evaluaci\u00f3n y auditoria<\/strong><\/p>\n\n\n\n<p class=\"gb-headline gb-headline-267e9c61 gb-headline-text\"><a href=\"https:\/\/notariaprimerariohacha.com\/en\/informes-a-organismos-de-inspeccion-vigilancia-y-control\/\" data-type=\"link\" data-id=\"https:\/\/notariaprimerariohacha.com\/informes-a-organismos-de-inspeccion-vigilancia-y-control\/\">4.7.4 Informes a organismos de inspecci\u00f3n, vigilancia y control<\/a><\/p>\n\n\n\n<p class=\"gb-headline gb-headline-8f2fc735 gb-headline-text\"><a href=\"https:\/\/www.supernotariado.gov.co\/transparencia\/planeacion-presupuesto-e-informes\/auditorias-de-gestion-calidad-e-integrales\/\" data-type=\"link\" data-id=\"https:\/\/www.supernotariado.gov.co\/transparencia\/planeacion-presupuesto-e-informes\/auditorias-de-gestion-calidad-e-integrales\/\" target=\"_blank\" rel=\"noreferrer noopener\">4.7.5.b.&nbsp;Enlace al organismo de control donde se encuentren los informes que \u00e9ste ha elaborado en relaci\u00f3n con el sujeto obligado<\/a><\/p>\n<\/div><\/section>\n<\/div><\/div><\/div>\n\n\n\n<div id=\"929aa4\" class=\"wp-block-gutentor-m6-item section-929aa4 gutentor-module gutentor-module-accordion-item\"><div class=\"gutentor-module-accordion-panel g-a-panel-bd12f7\"><div tabindex=\"0\" class=\"gm-ah-bd12f7 gutentor-module-accordion-item-heading gutentor-module-icon-position-right\"><span class=\"gutentor-module-accordion-panel-handler\" role=\"button\"><span class=\"gutentor-module-accordion-panel-handler-label\">5. Tr\u00e1mites<\/span><span class=\"gutentor-module-accordion-icon\"><i class=\"gm-aio-bd12f7 gutentor-module-accordion-icon-open fas fa-bars\"><\/i><i class=\"gm-aic-bd12f7 gutentor-module-accordion-icon-close fas fa-minus\"><\/i><\/span><\/span><\/div><div class=\"gm-ab-bd12f7 gutentor-module-accordion-body\">\n<section id=\"gm2e50b3c\" class=\"wp-block-gutentor-m3 section-gm2e50b3c gutentor-module gutentor-container-cover\"><div class=\"grid-container\">\n<p class=\"gb-headline gb-headline-11b3fa02 gb-headline-text\"><a href=\"https:\/\/notariaprimerariohacha.com\/en\/normatividad\/\" data-type=\"link\" data-id=\"https:\/\/notariaprimerariohacha.com\/normatividad\/\">5.1.1.&nbsp;Normatividad que sustenta el tr\u00e1mite<\/a><\/p>\n\n\n\n<p class=\"gb-headline gb-headline-9ff2ad22 gb-headline-text\"><a href=\"https:\/\/notariaprimerariohacha.com\/en\/normatividad\/\" data-type=\"link\" data-id=\"https:\/\/notariaprimerariohacha.com\/normatividad\/\">5.1.2.&nbsp;Procesos<\/a><\/p>\n\n\n\n<p class=\"gb-headline gb-headline-370a0a8a gb-headline-text\"><a href=\"https:\/\/notariaprimerariohacha.com\/en\/costos-asociados\/\" data-type=\"link\" data-id=\"https:\/\/notariaprimerariohacha.com\/costos-asociados\/\">5.1.3.&nbsp;Costos asociados<\/a><\/p>\n\n\n\n<p class=\"gb-headline gb-headline-205dfedc gb-headline-text\"><a href=\"https:\/\/notariaprimerariohacha.com\/en\/pqrsd\/\" data-type=\"link\" data-id=\"https:\/\/notariaprimerariohacha.com\/pqrsd\/\">5.1.4.&nbsp;Formatos y\/o formularios asociados<\/a><\/p>\n<\/div><\/section>\n<\/div><\/div><\/div>\n\n\n\n<div id=\"8ad2b3\" class=\"wp-block-gutentor-m6-item section-8ad2b3 gutentor-module gutentor-module-accordion-item\"><div class=\"gutentor-module-accordion-panel g-a-panel-bd12f7\"><div tabindex=\"0\" class=\"gm-ah-bd12f7 gutentor-module-accordion-item-heading gutentor-module-icon-position-right\"><span class=\"gutentor-module-accordion-panel-handler\" role=\"button\"><span class=\"gutentor-module-accordion-panel-handler-label\">7. Datos abiertos<\/span><span class=\"gutentor-module-accordion-icon\"><i class=\"gm-aio-bd12f7 gutentor-module-accordion-icon-open fas fa-bars\"><\/i><i class=\"gm-aic-bd12f7 gutentor-module-accordion-icon-close fas fa-minus\"><\/i><\/span><\/span><\/div><div class=\"gm-ab-bd12f7 gutentor-module-accordion-body\">\n<section id=\"gm0efc823\" class=\"wp-block-gutentor-m3 section-gm0efc823 gutentor-module gutentor-container-cover\"><div class=\"grid-container\">\n<p class=\"gb-headline gb-headline-b2d39dc8 gb-headline-text\"><strong><a href=\"https:\/\/notariaprimerariohacha.com\/en\/instrumentos-de-gestion-de-la-informacion\/\" data-type=\"link\" data-id=\"https:\/\/notariaprimerariohacha.com\/instrumentos-de-gestion-de-la-informacion\/\">7.1 Instrumentos de gesti\u00f3n de la informaci\u00f3n<\/a><\/strong><\/p>\n\n\n\n<p class=\"gb-headline gb-headline-fd60ada4 gb-headline-text\"><mark style=\"background-color:rgba(0, 0, 0, 0)\" class=\"has-inline-color has-global-color-10-color\"><a href=\"https:\/\/notariaprimerariohacha.com\/en\/indice-de-informacion-clasificada-y-reservada\/\" data-type=\"link\" data-id=\"https:\/\/notariaprimerariohacha.com\/indice-de-informacion-clasificada-y-reservada\/\">7.1.2 \u00cdndice de informaci\u00f3n clasificada y reservada<\/a><\/mark><\/p>\n\n\n\n<p class=\"gb-headline gb-headline-b59fd71c gb-headline-text\"><mark style=\"background-color:rgba(0, 0, 0, 0)\" class=\"has-inline-color has-global-color-10-color\"><a href=\"https:\/\/notariaprimerariohacha.com\/en\/programa-de-gestion-documental\/\" data-type=\"link\" data-id=\"https:\/\/notariaprimerariohacha.com\/programa-de-gestion-documental\/\">7.1.4.&nbsp;Programa de gesti\u00f3n documental<\/a><\/mark><\/p>\n\n\n\n<p class=\"gb-headline gb-headline-f1c85081 gb-headline-text\"><mark style=\"background-color:rgba(0, 0, 0, 0)\" class=\"has-inline-color has-global-color-10-color\"><a href=\"https:\/\/notariaprimerariohacha.com\/en\/tablas-de-retencion-documental\/\" data-type=\"link\" data-id=\"https:\/\/notariaprimerariohacha.com\/tablas-de-retencion-documental\/\">7.1.5.&nbsp;Tablas de retenci\u00f3n documental<\/a><\/mark><\/p>\n<\/div><\/section>\n<\/div><\/div><\/div>\n\n\n\n<div id=\"a81a08\" class=\"wp-block-gutentor-m6-item section-a81a08 gutentor-module gutentor-module-accordion-item\"><div class=\"gutentor-module-accordion-panel g-a-panel-bd12f7\"><div tabindex=\"0\" class=\"gm-ah-bd12f7 gutentor-module-accordion-item-heading gutentor-module-icon-position-right\"><span class=\"gutentor-module-accordion-panel-handler\" role=\"button\"><span class=\"gutentor-module-accordion-panel-handler-label\">8. Informaci\u00f3n especifica para grupos de inter\u00e9s<\/span><span class=\"gutentor-module-accordion-icon\"><i class=\"gm-aio-bd12f7 gutentor-module-accordion-icon-open fas fa-bars\"><\/i><i class=\"gm-aic-bd12f7 gutentor-module-accordion-icon-close fas fa-minus\"><\/i><\/span><\/span><\/div><div class=\"gm-ab-bd12f7 gutentor-module-accordion-body\">\n<section id=\"gm0e26cf9\" class=\"wp-block-gutentor-m3 section-gm0e26cf9 gutentor-module gutentor-container-cover\"><div class=\"grid-container\">\n<p class=\"gb-headline gb-headline-084c5545 gb-headline-text\"><a href=\"https:\/\/notariaprimerariohacha.com\/en\/informacion-para-ninos-ninas-y-adolescentes\/\" data-type=\"link\" data-id=\"https:\/\/notariaprimerariohacha.com\/informacion-para-ninos-ninas-y-adolescentes\/\">8.1.1.&nbsp;Informaci\u00f3n para ni\u00f1os, ni\u00f1as y adolescentes<\/a><\/p>\n\n\n\n<p class=\"gb-headline gb-headline-c4766aad gb-headline-text\"><a href=\"https:\/\/notariaprimerariohacha.com\/en\/informacion-para-mujeres\/\" data-type=\"link\" data-id=\"https:\/\/notariaprimerariohacha.com\/informacion-para-mujeres\/\">8.1.2.&nbsp;Informaci\u00f3n para mujeres<\/a><\/p>\n\n\n\n<p class=\"gb-headline gb-headline-3f01339d gb-headline-text\"><a href=\"https:\/\/notariaprimerariohacha.com\/en\/otros-de-grupos-de-interes\/\" data-type=\"link\" data-id=\"https:\/\/notariaprimerariohacha.com\/otros-de-grupos-de-interes\/\">8.1.3.&nbsp;Otros grupos de inter\u00e9s<\/a><\/p>\n<\/div><\/section>\n<\/div><\/div><\/div>\n\n\n\n<div id=\"df1eb8\" class=\"wp-block-gutentor-m6-item section-df1eb8 gutentor-module gutentor-module-accordion-item\"><div class=\"gutentor-module-accordion-panel g-a-panel-bd12f7\"><div tabindex=\"0\" class=\"gm-ah-bd12f7 gutentor-module-accordion-item-heading gutentor-module-icon-position-right\"><span class=\"gutentor-module-accordion-panel-handler\" role=\"button\"><span class=\"gutentor-module-accordion-panel-handler-label\">12. Accesibilidad web<\/span><span class=\"gutentor-module-accordion-icon\"><i class=\"gm-aio-bd12f7 gutentor-module-accordion-icon-open fas fa-bars\"><\/i><i class=\"gm-aic-bd12f7 gutentor-module-accordion-icon-close fas fa-minus\"><\/i><\/span><\/span><\/div><div class=\"gm-ab-bd12f7 gutentor-module-accordion-body\">\n<section id=\"gm144586b\" class=\"wp-block-gutentor-m3 section-gm144586b gutentor-module gutentor-container-cover\"><div class=\"grid-container\">\n<p class=\"gb-headline gb-headline-6cb2c01f gb-headline-text\">12.1 Certificados de accesibilidad web<\/p>\n\n\n\n<p class=\"gb-headline gb-headline-b36d9492 gb-headline-text\"><a href=\"https:\/\/notariaprimerariohacha.com\/en\/certificado-de-accesibilidad\/\" data-type=\"link\" data-id=\"https:\/\/notariaprimerariohacha.com\/certificado-de-accesibilidad\/\" target=\"_blank\" rel=\"noreferrer noopener\">12.1.1 Certificado de transparencia web 2023<\/a><\/p>\n<\/div><\/section>\n<\/div><\/div><\/div>\n<\/div><\/section>\n\n<\/div>\n<\/div>\n<\/section>","protected":false},"excerpt":{"rendered":"<p>Acceso Abierto a la Informaci\u00f3n Descubre Nuestros Datos Institucionales<\/p>","protected":false},"author":1,"featured_media":0,"parent":0,"menu_order":0,"comment_status":"closed","ping_status":"closed","template":"","meta":{"_seopress_robots_primary_cat":"","_seopress_titles_title":"","_seopress_titles_desc":"","_seopress_robots_index":"","_crdt_document":"","ngg_post_thumbnail":0,"footnotes":""},"class_list":["post-1979","page","type-page","status-publish"],"_links":{"self":[{"href":"https:\/\/notariaprimerariohacha.com\/en\/wp-json\/wp\/v2\/pages\/1979","targetHints":{"allow":["GET"]}}],"collection":[{"href":"https:\/\/notariaprimerariohacha.com\/en\/wp-json\/wp\/v2\/pages"}],"about":[{"href":"https:\/\/notariaprimerariohacha.com\/en\/wp-json\/wp\/v2\/types\/page"}],"author":[{"embeddable":true,"href":"https:\/\/notariaprimerariohacha.com\/en\/wp-json\/wp\/v2\/users\/1"}],"replies":[{"embeddable":true,"href":"https:\/\/notariaprimerariohacha.com\/en\/wp-json\/wp\/v2\/comments?post=1979"}],"version-history":[{"count":0,"href":"https:\/\/notariaprimerariohacha.com\/en\/wp-json\/wp\/v2\/pages\/1979\/revisions"}],"wp:attachment":[{"href":"https:\/\/notariaprimerariohacha.com\/en\/wp-json\/wp\/v2\/media?parent=1979"}],"curies":[{"name":"wp","href":"https:\/\/api.w.org\/{rel}","templated":true}]}}